{"id":12322,"date":"2024-07-04T12:38:11","date_gmt":"2024-07-04T10:38:11","guid":{"rendered":"https:\/\/stage.arcossrl.com\/technologie-do-wykanczania-powierzchni\/"},"modified":"2025-07-21T13:22:23","modified_gmt":"2025-07-21T11:22:23","slug":"technologie-do-wykanczania-powierzchni","status":"publish","type":"page","link":"https:\/\/www.arcossrl.com\/pl\/technologie-do-wykanczania-powierzchni\/","title":{"rendered":"TECHNOLOGIE DO WYKA\u0143CZANIA POWIERZCHNI"},"content":{"rendered":"<p>[vc_row full_width=&#8221;stretch_row&#8221; content_placement=&#8221;middle&#8221; el_class=&#8221;banner-section mt-top-header&#8221; css=&#8221;.vc_custom_1741170822575{background-image: url(https:\/\/www.arcossrl.com\/wp-content\/uploads\/2020\/09\/5.jpeg?id=4669) !important;}&#8221;][vc_column][vc_row_inner][vc_column_inner]<div class=\"ns-yoast-breadcrumbs ns-style-default ns-align-left\"><style>\n            .ns-yoast-breadcrumbs {\n                font-size: 14px;\n                color: #ffffff;\n                text-align: left;\n            }\n            .ns-yoast-breadcrumbs a {\n                color: #ffffff;\n                text-decoration: none;\n            }\n            .ns-yoast-breadcrumbs a:hover {\n                text-decoration: underline;\n            }\n            .ns-yoast-breadcrumbs .breadcrumb_last {\n                color: #ffffff;\n                font-weight: 600;\n            }\n            .ns-yoast-breadcrumbs .ns-breadcrumb-separator {\n                color: #ffffff;\n                margin: 0 5px;\n            }\n        <\/style><nav aria-label=\"Breadcrumb\" itemscope itemtype=\"https:\/\/schema.org\/BreadcrumbList\"><span><span><span itemprop=\"itemListElement\" itemscope itemtype=\"https:\/\/schema.org\/ListItem\">\n                        <a href=\"https:\/\/www.arcossrl.com\/pl\/\" itemprop=\"item\">\n                            <span itemprop=\"name\">STRONA G\u0141\u00d3WNA<\/span>\n                        <\/a>\n                        <meta itemprop=\"position\" content=\"1\" \/>\n                    <\/span><\/span><\/span<\/nav><\/div>[vc_column_text el_class=&#8221;titolo&#8221;]<\/p>\n<h1><strong>MASZYNY, SYSTEMY I ROBOTY<\/strong><br \/>\nDO OBR\u00d3BKI METALI I POWIERZCHNI<\/h1>\n<p>[\/vc_column_text][vc_btn title=&#8221;Scopri di pi\u00f9&#8221; style=&#8221;classic&#8221; el_class=&#8221;btn mt-40 hidden&#8221; link=&#8221;url:%23main|&#8221;][\/vc_column_inner][\/vc_row_inner][\/vc_column][\/vc_row][vc_row el_id=&#8221;intro&#8221; el_class=&#8221;pt-large pb-60&#8243;][vc_column css=&#8221;.vc_custom_1739875260065{padding-top: 0px !important;}&#8221;][vc_column_text el_class=&#8221;titolo-smaller text-primary hidden&#8221;]Cos&#8217;\u00e8[\/vc_column_text][vc_custom_heading source=&#8221;post_title&#8221; use_theme_fonts=&#8221;yes&#8221; el_class=&#8221;titolo mt-30 mb-40&#8243;][vc_column_text el_class=&#8221;macchina-list-wrapper red-icon&#8221;]<\/p>\n<div class=\"wpb_text_column wpb_content_element \">\n<div class=\"wpb_wrapper\">\n<p>Od 1965 roku Arcos specjalizuje si\u0119 w produkcji r\u0119cznych maszyn, staj\u0105c si\u0119\u00a0<strong>liderem w dziedzinie wyka\u0144czania powierzchni.\u00a0<\/strong>Wieloletnie do\u015bwiadczenie pozwoli\u0142o firmie ARCOS rozwin\u0105\u0107 du\u017ce umiej\u0119tno\u015bci we wszystkich procesach wyka\u0144czania, ze szczeg\u00f3lnym uwzgl\u0119dnieniem\u00a0<strong>proces\u00f3w polerowania, szlifowania, satynowania i gratowania.<\/strong>.<\/p>\n<p>&nbsp;<\/p>\n<p>Ci\u0105g\u0142a potrzeba optymalizacji proces\u00f3w i skr\u00f3cenia czas\u00f3w cykli pozwoli\u0142a firmie ARCOS podj\u0105\u0107 wysi\u0142ek na rzecz rozwoju technologicznego swoich narz\u0119dzi, kt\u00f3ry osi\u0105gn\u0105\u0142 sw\u00f3j szczyt wraz z pojawieniem si\u0119 robotyki. Szczyc\u0105c si\u0119 bardzo d\u0142ugim do\u015bwiadczeniem jako integrator robot\u00f3w, Arcos jest obecnie \u015bwiatowym liderem w produkcji\u00a0<strong>zrobotyzowanych system\u00f3w i automatycznych maszyn do polerowania, gratowania, satynowania i wielu innych zastosowa\u0144.<\/strong><\/p>\n<\/div>\n<\/div>\n<p>[\/vc_column_text][vc_empty_space height=&#8221;50px&#8221;][vc_column_text]<\/p>\n<div class=\"wpb_text_column wpb_content_element \">\n<div class=\"wpb_wrapper\">\n<p><em>Charakterystyczne cechy zak\u0142ad\u00f3w Arcos to:<\/em><\/p>\n<\/div>\n<\/div>\n<p>[\/vc_column_text][vc_column_text el_class=&#8221;macchina-list-wrapper cross-icon ul&#8211;2col mt-sm left&#8221;]<\/p>\n<ul>\n<li>Dostosowanie do potrzeb klienta<\/li>\n<li>Niezawodno\u015b\u0107<\/li>\n<li>Elastyczno\u015b\u0107<\/li>\n<li>Wszechstronno\u015b\u0107<\/li>\n<\/ul>\n<p>[\/vc_column_text][\/vc_column][\/vc_row][vc_row full_width=&#8221;stretch_row&#8221; css=&#8221;.vc_custom_1596783880251{background-color: #ffffff !important;}&#8221; el_class=&#8221;project-section&#8221;][vc_column css=&#8221;.vc_custom_1597050916737{padding-top: 0px !important;}&#8221;][vc_row_inner css=&#8221;.vc_custom_1736765247877{margin-bottom: 0px !important;}&#8221; el_class=&#8221;slider_tecnologia&#8221;][vc_column_inner]<div class=\"thumbnail animateIn\" data-animate=\"no_animation\"><img decoding=\"async\" data-holder-rendered=\"true\" src=\"https:\/\/www.arcossrl.com\/wp-content\/uploads\/2020\/09\/isole-robotizzate.jpg?wsr\" data-src=\"https:\/\/www.arcossrl.com\/wp-content\/uploads\/2020\/09\/isole-robotizzate.jpg?wsr\" alt=\"ZROBOTYZOWANE SYSTEMY\"><div class=\"caption custom_content\"><h3 class=\"custom_content_title\">ZROBOTYZOWANE SYSTEMY<\/h3><p>Zrobotyzowane gniazda robocze do wyka\u0144czania powierzchni. Polerowanie, gratowanie i wiele wi\u0119cej: Idealne do dos\u0142ownie ka\u017cdego materia\u0142u. Niezwyk\u0142a prostota obs\u0142ugi i wszechstronno\u015b\u0107 sprawiaj\u0105, \u017ce zrobotyzowane systemy s\u0105 najlepsz\u0105 odpowiedzi\u0105 na ka\u017cdy problem zwi\u0105zany z obr\u00f3bk\u0105 wyko\u0144czeniow\u0105.<\/p><p><a href=\"\/pl\/zrobotyzowane-komorki\/\" class=\"btn btn-custom-content\" role=\"button\">Czytaj wi\u0119cej<\/a><\/p><\/div><\/div><div class=\"thumbnail animateIn\" data-animate=\"no_animation\"><img decoding=\"async\" data-holder-rendered=\"true\" src=\"https:\/\/www.arcossrl.com\/wp-content\/uploads\/2020\/09\/tavola-rotante.jpg?wsr\" data-src=\"https:\/\/www.arcossrl.com\/wp-content\/uploads\/2020\/09\/tavola-rotante.jpg?wsr\" alt=\"STO\u0141Y OBROTOWE DO PRACY CI\u0104G\u0141EJ\"><div class=\"caption custom_content\"><h3 class=\"custom_content_title\">STO\u0141Y OBROTOWE DO PRACY CI\u0104G\u0141EJ<\/h3><p>Sto\u0142y obrotowe do polerowania. Idealne rozwi\u0105zanie w przypadku produkcji wielu element\u00f3w o prostych i symetrycznych kszta\u0142tach, takich jak rozety, cylindry, ga\u0142ki, uchwyty itp.<\/p><p><a href=\"\/pl\/maszyny-ze-stolem-obrotowymv\/\" class=\"btn btn-custom-content\" role=\"button\">Czytaj wi\u0119cej<\/a><\/p><\/div><\/div><div class=\"thumbnail animateIn\" data-animate=\"no_animation\"><img decoding=\"async\" data-holder-rendered=\"true\" src=\"https:\/\/www.arcossrl.com\/wp-content\/uploads\/2020\/09\/tavola-a-scatti.jpg?wsr\" data-src=\"https:\/\/www.arcossrl.com\/wp-content\/uploads\/2020\/09\/tavola-a-scatti.jpg?wsr\" alt=\"STO\u0141Y OBROTOWE CNC\"><div class=\"caption custom_content\"><h3 class=\"custom_content_title\">STO\u0141Y OBROTOWE CNC<\/h3><p>Indeksowany st\u00f3\u0142 obrotowy CNC do polerowania. Idealna maszyna do obr\u00f3bki du\u017cych ilo\u015bci garnk\u00f3w, naczy\u0144 kuchennych, p\u0142askich klamer, pokrywek itp. Dzi\u0119ki wprowadzeniu CNC mo\u017cliwe jest po\u0142\u0105czenie wysokiej wydajno\u015bci nawet z elementami o \u015brednim stopniu z\u0142o\u017cono\u015bci.<\/p><p><a href=\"\/pl\/indeksatory-i-stoly-obrotowe-cnc\/\" class=\"btn btn-custom-content\" role=\"button\">Czytaj wi\u0119cej<\/a><\/p><\/div><\/div><div class=\"thumbnail animateIn\" data-animate=\"no_animation\"><img decoding=\"async\" data-holder-rendered=\"true\" src=\"https:\/\/www.arcossrl.com\/wp-content\/uploads\/2020\/09\/MACCHINA-MANUALE-NUOVA.jpg?wsr\" data-src=\"https:\/\/www.arcossrl.com\/wp-content\/uploads\/2020\/09\/MACCHINA-MANUALE-NUOVA.jpg?wsr\" alt=\"MASZYNY R\u0118CZNE\"><div class=\"caption custom_content\"><h3 class=\"custom_content_title\">MASZYNY R\u0118CZNE<\/h3><p>R\u0119czne maszyny Arcos do satynowania metalu. Maszyny czyszcz\u0105ce, poleruj\u0105ce i szlifierki r\u0119czne ustawione na dwie pr\u0119dko\u015bci z falownikiem, s\u0105 wyposa\u017cone w pe\u0142ne systemy kontroli bezpiecze\u0144stwa.<\/p><p><a href=\"\/pl\/szlifierki-i-polerki-stacjonarne\/\" class=\"btn btn-custom-content\" role=\"button\">Czytaj wi\u0119cej<\/a><\/p><\/div><\/div><div class=\"thumbnail animateIn\" data-animate=\"no_animation\"><img decoding=\"async\" data-holder-rendered=\"true\" src=\"https:\/\/www.arcossrl.com\/wp-content\/uploads\/2020\/09\/macchine-centerless.jpg?wsr\" data-src=\"https:\/\/www.arcossrl.com\/wp-content\/uploads\/2020\/09\/macchine-centerless.jpg?wsr\" alt=\"MASZYNY BEZK\u0141OWE\"><div class=\"caption custom_content\"><h3 class=\"custom_content_title\">MASZYNY BEZK\u0141OWE<\/h3><p>Maszyny bezk\u0142owe do polerowania i szlifowania. Idealne rozwi\u0105zania do wyka\u0144czania powierzchni rur lub pr\u0119t\u00f3w o przekroju okr\u0105g\u0142ym.<\/p><p><a href=\"\/pl\/automatyczne-szlifierki-bezklowe\/\" class=\"btn btn-custom-content\" role=\"button\">Czytaj wi\u0119cej<\/a><\/p><\/div><\/div><div class=\"thumbnail animateIn\" data-animate=\"no_animation\"><img decoding=\"async\" data-holder-rendered=\"true\" src=\"https:\/\/www.arcossrl.com\/wp-content\/uploads\/2020\/09\/macchine-in-piano.jpg?wsr\" data-src=\"https:\/\/www.arcossrl.com\/wp-content\/uploads\/2020\/09\/macchine-in-piano.jpg?wsr\" alt=\"MASZYNY DO P\u0141ASKICH POWIERZCHNI\"><div class=\"caption custom_content\"><h3 class=\"custom_content_title\">MASZYNY DO P\u0141ASKICH POWIERZCHNI<\/h3><p>Maszyny do polerowania i szlifowania. Idealne rozwi\u0105zania do wyka\u0144czania powierzchni p\u0142yt lub p\u0142askich element\u00f3w o r\u00f3\u017cnej szeroko\u015bci i d\u0142ugo\u015bci.<\/p><p><a href=\"\/pl\/maszyny-plaskie\/\" class=\"btn btn-custom-content\" role=\"button\">Czytaj wi\u0119cej<\/a><\/p><\/div><\/div>[\/vc_column_inner][\/vc_row_inner][\/vc_column][\/vc_row][vc_row full_width=&#8221;stretch_row_content&#8221; css=&#8221;.vc_custom_1739965005433{background-color: #969494 !important;}&#8221; el_class=&#8221;home-form-wrapper inv&#8221; el_id=&#8221;contattaci&#8221;][vc_column][vc_column_text el_class=&#8221;titolo-smaller text-primary mb-small&#8221;]Skontaktuj si\u0119 z nami[\/vc_column_text][vc_custom_heading text=&#8221;Popro\u015b o konsultacj\u0119 dla swojego projektu&#8221; use_theme_fonts=&#8221;yes&#8221; el_class=&#8221;titolo text-dark&#8221;]\n<div class=\"wpcf7 no-js\" id=\"wpcf7-f12167-o1\" lang=\"en-US\" dir=\"ltr\" data-wpcf7-id=\"12167\">\n<div class=\"screen-reader-response\"><p role=\"status\" aria-live=\"polite\" aria-atomic=\"true\"><\/p> <ul><\/ul><\/div>\n<form action=\"\/pl\/wp-json\/wp\/v2\/pages\/12322#wpcf7-f12167-o1\" method=\"post\" class=\"wpcf7-form init\" aria-label=\"Contact form\" novalidate=\"novalidate\" data-status=\"init\">\n<fieldset class=\"hidden-fields-container\"><input type=\"hidden\" name=\"_wpcf7\" value=\"12167\" \/><input type=\"hidden\" name=\"_wpcf7_version\" value=\"6.1.4\" \/><input type=\"hidden\" name=\"_wpcf7_locale\" value=\"en_US\" \/><input type=\"hidden\" name=\"_wpcf7_unit_tag\" value=\"wpcf7-f12167-o1\" \/><input type=\"hidden\" name=\"_wpcf7_container_post\" value=\"0\" \/><input type=\"hidden\" name=\"_wpcf7_posted_data_hash\" value=\"\" \/>\n<\/fieldset>\n<div class=\"form-wrapper\">\n\t<p class=\"form-name\"><br \/>\n<span class=\"wpcf7-form-control-wrap\" data-name=\"your-name\"><input size=\"40\" maxlength=\"400\" class=\"wpcf7-form-control wpcf7-text wpcf7-validates-as-required\" aria-required=\"true\" aria-invalid=\"false\" placeholder=\"Imi\u0119\" value=\"\" type=\"text\" name=\"your-name\" \/><\/span>\n\t<\/p>\n\t<p class=\"form-cognome\"><br \/>\n<span class=\"wpcf7-form-control-wrap\" data-name=\"your-cognome\"><input size=\"40\" maxlength=\"400\" class=\"wpcf7-form-control wpcf7-text wpcf7-validates-as-required\" aria-required=\"true\" aria-invalid=\"false\" placeholder=\"Nazwisko\" value=\"\" type=\"text\" name=\"your-cognome\" \/><\/span>\n\t<\/p>\n\t<p class=\"form-azienda\"><br \/>\n<span class=\"wpcf7-form-control-wrap\" data-name=\"your-azienda\"><input size=\"40\" maxlength=\"400\" class=\"wpcf7-form-control wpcf7-text wpcf7-validates-as-required\" aria-required=\"true\" aria-invalid=\"false\" placeholder=\"Firma\" value=\"\" type=\"text\" name=\"your-azienda\" \/><\/span>\n\t<\/p>\n\t<p class=\"form-city\"><br \/>\n<span class=\"wpcf7-form-control-wrap\" data-name=\"your-city\"><input size=\"40\" maxlength=\"400\" class=\"wpcf7-form-control wpcf7-text wpcf7-validates-as-required\" aria-required=\"true\" aria-invalid=\"false\" placeholder=\"Miasto\" value=\"\" type=\"text\" name=\"your-city\" \/><\/span>\n\t<\/p>\n\t<p class=\"form-email\"><br \/>\n<span class=\"wpcf7-form-control-wrap\" data-name=\"your-email\"><input size=\"40\" maxlength=\"400\" class=\"wpcf7-form-control wpcf7-email wpcf7-validates-as-required wpcf7-text wpcf7-validates-as-email\" aria-required=\"true\" aria-invalid=\"false\" placeholder=\"Email\" value=\"\" type=\"email\" name=\"your-email\" \/><\/span>\n\t<\/p>\n\t<p class=\"form-phone\"><br \/>\n<span class=\"wpcf7-form-control-wrap\" data-name=\"number-telefono\"><input size=\"40\" maxlength=\"400\" class=\"wpcf7-form-control wpcf7-text wpcf7-validates-as-required\" aria-required=\"true\" aria-invalid=\"false\" placeholder=\"Telefon\" value=\"\" type=\"text\" name=\"number-telefono\" \/><\/span>\n\t<\/p>\n\t<p class=\"form-msg\"><span class=\"wpcf7-form-control-wrap\" data-name=\"your-messaggio\"><textarea cols=\"40\" rows=\"3\" maxlength=\"2000\" class=\"wpcf7-form-control wpcf7-textarea wpcf7-validates-as-required\" aria-required=\"true\" aria-invalid=\"false\" placeholder=\"Wiadomo\u015b\u0107\" name=\"your-messaggio\"><\/textarea><\/span>\n\t<\/p>\n\t<p class=\"form-gdpr\"><span class=\"wpcf7-form-control-wrap\" data-name=\"gdpr\"><span class=\"wpcf7-form-control wpcf7-acceptance\"><span class=\"wpcf7-list-item\"><label><input type=\"checkbox\" name=\"gdpr\" value=\"1\" id=\"gdpr\" aria-invalid=\"false\" \/><span class=\"wpcf7-list-item-label\">Wyra\u017cam zgod\u0119 na przetwarzanie moich danych osobowych w spos\u00f3b wskazany w Regulaminie <a href=\"https:\/\/www.arcossrl.com\/cookie-policy-eu\/?cmplz_region_redirect=true\">Polityka prywatno\u015bci<\/a>.<\/span><\/label><\/span><\/span><\/span>\n\t<\/p>\n\t<p class=\"submit-btn\"><input class=\"wpcf7-form-control wpcf7-submit has-spinner\" type=\"submit\" value=\"WY\u015aLIJ\" \/>\n\t<\/p>\n<\/div><div class=\"wpcf7-response-output\" aria-hidden=\"true\"><\/div>\n<\/form>\n<\/div>\n[\/vc_column][\/vc_row]<\/p>\n","protected":false},"excerpt":{"rendered":"<p>[vc_row full_width=&#8221;stretch_row&#8221; content_placement=&#8221;middle&#8221; el_class=&#8221;banner-section mt-top-header&#8221; css=&#8221;.vc_custom_1741170822575{background-image: url(htt...","protected":false},"author":1,"featured_media":0,"parent":0,"menu_order":11,"comment_status":"closed","ping_status":"closed","template":"","meta":{"_lmt_disableupdate":"no","_lmt_disable":"","footnotes":""},"folder":[],"class_list":["post-12322","page","type-page","status-publish","hentry"],"yoast_head":"<!-- This site is optimized with the Yoast SEO plugin v26.0 - https:\/\/yoast.com\/wordpress\/plugins\/seo\/ -->\n<title>Maszyny, systemy i roboty do obr\u00f3bki metali i powierzchni - Arcos<\/title>\n<meta name=\"description\" content=\"Od 1965 roku Arcos projektuje i produkuje maszyny do obr\u00f3bki metalu i powierzchni. Zrobotyzowane systemy do wyka\u0144czania, polerowania i wiele wi\u0119cej.\" \/>\n<meta name=\"robots\" content=\"index, follow, max-snippet:-1, max-image-preview:large, max-video-preview:-1\" \/>\n<link rel=\"canonical\" href=\"https:\/\/www.arcossrl.com\/pl\/technologie-do-wykanczania-powierzchni\/\" \/>\n<meta property=\"og:locale\" content=\"pl_PL\" \/>\n<meta property=\"og:type\" content=\"article\" \/>\n<meta property=\"og:title\" content=\"Maszyny, systemy i roboty do obr\u00f3bki metali i powierzchni - Arcos\" \/>\n<meta property=\"og:description\" content=\"Od 1965 roku Arcos projektuje i produkuje maszyny do obr\u00f3bki metalu i powierzchni. Zrobotyzowane systemy do wyka\u0144czania, polerowania i wiele wi\u0119cej.\" \/>\n<meta property=\"og:url\" content=\"https:\/\/www.arcossrl.com\/pl\/technologie-do-wykanczania-powierzchni\/\" \/>\n<meta property=\"og:site_name\" content=\"Arcos\" \/>\n<meta property=\"article:modified_time\" content=\"2025-07-21T11:22:23+00:00\" \/>\n<meta name=\"twitter:card\" content=\"summary_large_image\" \/>\n<meta name=\"twitter:label1\" content=\"Szacowany czas czytania\" \/>\n\t<meta name=\"twitter:data1\" content=\"2 minuty\" \/>\n<script type=\"application\/ld+json\" class=\"yoast-schema-graph\">{\"@context\":\"https:\/\/schema.org\",\"@graph\":[{\"@type\":\"WebPage\",\"@id\":\"https:\/\/www.arcossrl.com\/pl\/technologie-do-wykanczania-powierzchni\/\",\"url\":\"https:\/\/www.arcossrl.com\/pl\/technologie-do-wykanczania-powierzchni\/\",\"name\":\"Maszyny, systemy i roboty do obr\u00f3bki metali i powierzchni - Arcos\",\"isPartOf\":{\"@id\":\"https:\/\/www.arcossrl.com\/pl\/#website\"},\"datePublished\":\"2024-07-04T10:38:11+00:00\",\"dateModified\":\"2025-07-21T11:22:23+00:00\",\"description\":\"Od 1965 roku Arcos projektuje i produkuje maszyny do obr\u00f3bki metalu i powierzchni. Zrobotyzowane systemy do wyka\u0144czania, polerowania i wiele wi\u0119cej.\",\"breadcrumb\":{\"@id\":\"https:\/\/www.arcossrl.com\/pl\/technologie-do-wykanczania-powierzchni\/#breadcrumb\"},\"inLanguage\":\"pl-PL\",\"potentialAction\":[{\"@type\":\"ReadAction\",\"target\":[\"https:\/\/www.arcossrl.com\/pl\/technologie-do-wykanczania-powierzchni\/\"]}]},{\"@type\":\"BreadcrumbList\",\"@id\":\"https:\/\/www.arcossrl.com\/pl\/technologie-do-wykanczania-powierzchni\/#breadcrumb\",\"itemListElement\":[{\"@type\":\"ListItem\",\"position\":1,\"name\":\"1\",\"item\":\"https:\/\/www.arcossrl.com\/pl\/\"},{\"@type\":\"ListItem\",\"position\":2,\"name\":\"TECHNOLOGIE DO WYKA\u0143CZANIA POWIERZCHNI\"}]},{\"@type\":\"WebSite\",\"@id\":\"https:\/\/www.arcossrl.com\/pl\/#website\",\"url\":\"https:\/\/www.arcossrl.com\/pl\/\",\"name\":\"Arcos\",\"description\":\"\",\"publisher\":{\"@id\":\"https:\/\/www.arcossrl.com\/pl\/#organization\"},\"potentialAction\":[{\"@type\":\"SearchAction\",\"target\":{\"@type\":\"EntryPoint\",\"urlTemplate\":\"https:\/\/www.arcossrl.com\/pl\/?s={search_term_string}\"},\"query-input\":{\"@type\":\"PropertyValueSpecification\",\"valueRequired\":true,\"valueName\":\"search_term_string\"}}],\"inLanguage\":\"pl-PL\"},{\"@type\":\"Organization\",\"@id\":\"https:\/\/www.arcossrl.com\/pl\/#organization\",\"name\":\"Arcos srl\",\"url\":\"https:\/\/www.arcossrl.com\/pl\/\",\"logo\":{\"@type\":\"ImageObject\",\"inLanguage\":\"pl-PL\",\"@id\":\"https:\/\/www.arcossrl.com\/pl\/#\/schema\/logo\/image\/\",\"url\":\"https:\/\/www.arcossrl.com\/wp-content\/uploads\/2022\/05\/arcos_logo-1.png\",\"contentUrl\":\"https:\/\/www.arcossrl.com\/wp-content\/uploads\/2022\/05\/arcos_logo-1.png\",\"width\":157,\"height\":112,\"caption\":\"Arcos srl\"},\"image\":{\"@id\":\"https:\/\/www.arcossrl.com\/pl\/#\/schema\/logo\/image\/\"}}]}<\/script>\n<!-- \/ Yoast SEO plugin. -->","yoast_head_json":{"title":"Maszyny, systemy i roboty do obr\u00f3bki metali i powierzchni - Arcos","description":"Od 1965 roku Arcos projektuje i produkuje maszyny do obr\u00f3bki metalu i powierzchni. Zrobotyzowane systemy do wyka\u0144czania, polerowania i wiele wi\u0119cej.","robots":{"index":"index","follow":"follow","max-snippet":"max-snippet:-1","max-image-preview":"max-image-preview:large","max-video-preview":"max-video-preview:-1"},"canonical":"https:\/\/www.arcossrl.com\/pl\/technologie-do-wykanczania-powierzchni\/","og_locale":"pl_PL","og_type":"article","og_title":"Maszyny, systemy i roboty do obr\u00f3bki metali i powierzchni - Arcos","og_description":"Od 1965 roku Arcos projektuje i produkuje maszyny do obr\u00f3bki metalu i powierzchni. Zrobotyzowane systemy do wyka\u0144czania, polerowania i wiele wi\u0119cej.","og_url":"https:\/\/www.arcossrl.com\/pl\/technologie-do-wykanczania-powierzchni\/","og_site_name":"Arcos","article_modified_time":"2025-07-21T11:22:23+00:00","twitter_card":"summary_large_image","twitter_misc":{"Szacowany czas czytania":"2 minuty"},"schema":{"@context":"https:\/\/schema.org","@graph":[{"@type":"WebPage","@id":"https:\/\/www.arcossrl.com\/pl\/technologie-do-wykanczania-powierzchni\/","url":"https:\/\/www.arcossrl.com\/pl\/technologie-do-wykanczania-powierzchni\/","name":"Maszyny, systemy i roboty do obr\u00f3bki metali i powierzchni - Arcos","isPartOf":{"@id":"https:\/\/www.arcossrl.com\/pl\/#website"},"datePublished":"2024-07-04T10:38:11+00:00","dateModified":"2025-07-21T11:22:23+00:00","description":"Od 1965 roku Arcos projektuje i produkuje maszyny do obr\u00f3bki metalu i powierzchni. Zrobotyzowane systemy do wyka\u0144czania, polerowania i wiele wi\u0119cej.","breadcrumb":{"@id":"https:\/\/www.arcossrl.com\/pl\/technologie-do-wykanczania-powierzchni\/#breadcrumb"},"inLanguage":"pl-PL","potentialAction":[{"@type":"ReadAction","target":["https:\/\/www.arcossrl.com\/pl\/technologie-do-wykanczania-powierzchni\/"]}]},{"@type":"BreadcrumbList","@id":"https:\/\/www.arcossrl.com\/pl\/technologie-do-wykanczania-powierzchni\/#breadcrumb","itemListElement":[{"@type":"ListItem","position":1,"name":"1","item":"https:\/\/www.arcossrl.com\/pl\/"},{"@type":"ListItem","position":2,"name":"TECHNOLOGIE DO WYKA\u0143CZANIA POWIERZCHNI"}]},{"@type":"WebSite","@id":"https:\/\/www.arcossrl.com\/pl\/#website","url":"https:\/\/www.arcossrl.com\/pl\/","name":"Arcos","description":"","publisher":{"@id":"https:\/\/www.arcossrl.com\/pl\/#organization"},"potentialAction":[{"@type":"SearchAction","target":{"@type":"EntryPoint","urlTemplate":"https:\/\/www.arcossrl.com\/pl\/?s={search_term_string}"},"query-input":{"@type":"PropertyValueSpecification","valueRequired":true,"valueName":"search_term_string"}}],"inLanguage":"pl-PL"},{"@type":"Organization","@id":"https:\/\/www.arcossrl.com\/pl\/#organization","name":"Arcos srl","url":"https:\/\/www.arcossrl.com\/pl\/","logo":{"@type":"ImageObject","inLanguage":"pl-PL","@id":"https:\/\/www.arcossrl.com\/pl\/#\/schema\/logo\/image\/","url":"https:\/\/www.arcossrl.com\/wp-content\/uploads\/2022\/05\/arcos_logo-1.png","contentUrl":"https:\/\/www.arcossrl.com\/wp-content\/uploads\/2022\/05\/arcos_logo-1.png","width":157,"height":112,"caption":"Arcos srl"},"image":{"@id":"https:\/\/www.arcossrl.com\/pl\/#\/schema\/logo\/image\/"}}]}},"_links":{"self":[{"href":"https:\/\/www.arcossrl.com\/pl\/wp-json\/wp\/v2\/pages\/12322","targetHints":{"allow":["GET"]}}],"collection":[{"href":"https:\/\/www.arcossrl.com\/pl\/wp-json\/wp\/v2\/pages"}],"about":[{"href":"https:\/\/www.arcossrl.com\/pl\/wp-json\/wp\/v2\/types\/page"}],"author":[{"embeddable":true,"href":"https:\/\/www.arcossrl.com\/pl\/wp-json\/wp\/v2\/users\/1"}],"replies":[{"embeddable":true,"href":"https:\/\/www.arcossrl.com\/pl\/wp-json\/wp\/v2\/comments?post=12322"}],"version-history":[{"count":16,"href":"https:\/\/www.arcossrl.com\/pl\/wp-json\/wp\/v2\/pages\/12322\/revisions"}],"predecessor-version":[{"id":15658,"href":"https:\/\/www.arcossrl.com\/pl\/wp-json\/wp\/v2\/pages\/12322\/revisions\/15658"}],"wp:attachment":[{"href":"https:\/\/www.arcossrl.com\/pl\/wp-json\/wp\/v2\/media?parent=12322"}],"wp:term":[{"taxonomy":"folder","embeddable":true,"href":"https:\/\/www.arcossrl.com\/pl\/wp-json\/wp\/v2\/folder?post=12322"}],"curies":[{"name":"wp","href":"https:\/\/api.w.org\/{rel}","templated":true}]}}