{"id":12316,"date":"2024-07-04T12:37:19","date_gmt":"2024-07-04T10:37:19","guid":{"rendered":"https:\/\/stage.arcossrl.com\/technologie\/"},"modified":"2025-07-21T13:24:26","modified_gmt":"2025-07-21T11:24:26","slug":"technologie","status":"publish","type":"page","link":"https:\/\/www.arcossrl.com\/pl\/technologie\/","title":{"rendered":"Technologie"},"content":{"rendered":"<p>[vc_row full_width=&#8221;stretch_row&#8221; content_placement=&#8221;middle&#8221; el_class=&#8221;banner-section mt-top-header&#8221; css=&#8221;.vc_custom_1741171475413{background-image: url(https:\/\/www.arcossrl.com\/wp-content\/uploads\/2020\/09\/tecnologie.jpg?id=4104) !important;}&#8221;][vc_column][vc_row_inner][vc_column_inner]<div class=\"ns-yoast-breadcrumbs ns-style-default ns-align-left\"><style>\n            .ns-yoast-breadcrumbs {\n                font-size: 14px;\n                color: #ffffff;\n                text-align: left;\n            }\n            .ns-yoast-breadcrumbs a {\n                color: #ffffff;\n                text-decoration: none;\n            }\n            .ns-yoast-breadcrumbs a:hover {\n                text-decoration: underline;\n            }\n            .ns-yoast-breadcrumbs .breadcrumb_last {\n                color: #ffffff;\n                font-weight: 600;\n            }\n            .ns-yoast-breadcrumbs .ns-breadcrumb-separator {\n                color: #ffffff;\n                margin: 0 5px;\n            }\n        <\/style><nav aria-label=\"Breadcrumb\" itemscope itemtype=\"https:\/\/schema.org\/BreadcrumbList\"><span><span><span itemprop=\"itemListElement\" itemscope itemtype=\"https:\/\/schema.org\/ListItem\">\n                        <a href=\"https:\/\/www.arcossrl.com\/pl\/\" itemprop=\"item\">\n                            <span itemprop=\"name\">STRONA G\u0141\u00d3WNA<\/span>\n                        <\/a>\n                        <meta itemprop=\"position\" content=\"1\" \/>\n                    <\/span><\/span><\/span<\/nav><\/div>[vc_column_text el_class=&#8221;titolo&#8221;]<\/p>\n<h1>AUTOMATYZACJI PRZEMYS\u0141OWEJ I<br \/>\n<strong>WYKA\u0143CZANIA POWIERZCHNI<\/strong><\/h1>\n<p>[\/vc_column_text][\/vc_column_inner][\/vc_row_inner][\/vc_column][\/vc_row][vc_row full_width=&#8221;stretch_row&#8221; css=&#8221;.vc_custom_1736766582927{background-color: #f7f7f7 !important;}&#8221; el_class=&#8221;project-section bg-gray-lighter py-130&#8243;][vc_column css=&#8221;.vc_custom_1597050916737{padding-top: 0px !important;}&#8221;][vc_column_text el_class=&#8221;titolo-smaller text-primary mb-small text-center&#8221;]Nasze technologie[\/vc_column_text][vc_custom_heading text=&#8221;Technologie do wyka\u0144czania powierzchni&#8221; font_container=&#8221;tag:h2|text_align:center&#8221; use_theme_fonts=&#8221;yes&#8221; el_class=&#8221;titolo mb-large text-dark text-center&#8221;][vc_row_inner css=&#8221;.vc_custom_1736765247877{margin-bottom: 0px !important;}&#8221; el_class=&#8221;slider_tecnologia&#8221;][vc_column_inner]<div class=\"thumbnail animateIn\" data-animate=\"no_animation\"><img decoding=\"async\" data-holder-rendered=\"true\" src=\"https:\/\/www.arcossrl.com\/wp-content\/uploads\/2020\/09\/isole-robotizzate.jpg?wsr\" data-src=\"https:\/\/www.arcossrl.com\/wp-content\/uploads\/2020\/09\/isole-robotizzate.jpg?wsr\" alt=\"ZROBOTYZOWANE SYSTEMY\"><div class=\"caption custom_content\"><h3 class=\"custom_content_title\">ZROBOTYZOWANE SYSTEMY<\/h3><p>Zrobotyzowane wyspy do niestandardowej i innowacyjnej automatyzacji przemys\u0142owej.<\/p><p><a href=\"\/pl\/zrobotyzowane-komorki\/\" class=\"btn btn-custom-content\" role=\"button\">Czytaj wi\u0119cej<\/a><\/p><\/div><\/div><div class=\"thumbnail animateIn\" data-animate=\"no_animation\"><img decoding=\"async\" data-holder-rendered=\"true\" src=\"https:\/\/www.arcossrl.com\/wp-content\/uploads\/2020\/09\/tavola-rotante.jpg?wsr\" data-src=\"https:\/\/www.arcossrl.com\/wp-content\/uploads\/2020\/09\/tavola-rotante.jpg?wsr\" alt=\"STO\u0141Y OBROTOWE DO PRACY CI\u0104G\u0141EJ\"><div class=\"caption custom_content\"><h3 class=\"custom_content_title\">STO\u0141Y OBROTOWE DO PRACY CI\u0104G\u0141EJ<\/h3><p>Obrotnice ci\u0105g\u0142e do precyzyjnej i wydajnej automatyzacji.<\/p><p><a href=\"\/pl\/maszyny-ze-stolem-obrotowymv\/\" class=\"btn btn-custom-content\" role=\"button\">Czytaj wi\u0119cej<\/a><\/p><\/div><\/div><div class=\"thumbnail animateIn\" data-animate=\"no_animation\"><img decoding=\"async\" data-holder-rendered=\"true\" src=\"https:\/\/www.arcossrl.com\/wp-content\/uploads\/2020\/09\/tavola-a-scatti.jpg?wsr\" data-src=\"https:\/\/www.arcossrl.com\/wp-content\/uploads\/2020\/09\/tavola-a-scatti.jpg?wsr\" alt=\"STO\u0141Y OBROTOWE CNC\"><div class=\"caption custom_content\"><h3 class=\"custom_content_title\">STO\u0141Y OBROTOWE CNC<\/h3><p>Stoliki indeksuj\u0105ce i CNC do precyzyjnej automatyzacji.<\/p><p><a href=\"\/pl\/indeksatory-i-stoly-obrotowe-cnc\/\" class=\"btn btn-custom-content\" role=\"button\">Czytaj wi\u0119cej<\/a><\/p><\/div><\/div><div class=\"thumbnail animateIn\" data-animate=\"no_animation\"><img decoding=\"async\" data-holder-rendered=\"true\" src=\"https:\/\/www.arcossrl.com\/wp-content\/uploads\/2020\/09\/MACCHINA-MANUALE-NUOVA.jpg?wsr\" data-src=\"https:\/\/www.arcossrl.com\/wp-content\/uploads\/2020\/09\/MACCHINA-MANUALE-NUOVA.jpg?wsr\" alt=\"MASZYNY R\u0118CZNE\"><div class=\"caption custom_content\"><h3 class=\"custom_content_title\">MASZYNY R\u0118CZNE<\/h3><p>Wszechstronne maszyny manualne do monta\u017cu i kontroli.<\/p><p><a href=\"\/pl\/szlifierki-i-polerki-stacjonarne\/\" class=\"btn btn-custom-content\" role=\"button\">Czytaj wi\u0119cej<\/a><\/p><\/div><\/div><div class=\"thumbnail animateIn\" data-animate=\"no_animation\"><img decoding=\"async\" data-holder-rendered=\"true\" src=\"https:\/\/www.arcossrl.com\/wp-content\/uploads\/2020\/09\/macchine-centerless.jpg?wsr\" data-src=\"https:\/\/www.arcossrl.com\/wp-content\/uploads\/2020\/09\/macchine-centerless.jpg?wsr\" alt=\"MASZYNY BEZK\u0141OWE\"><div class=\"caption custom_content\"><h3 class=\"custom_content_title\">MASZYNY BEZK\u0141OWE<\/h3><p>Maszyny centerless do precyzyjnego i automatycznego szlifowania komponent\u00f3w.<\/p><p><a href=\"\/pl\/automatyczne-szlifierki-bezklowe\/\" class=\"btn btn-custom-content\" role=\"button\">Czytaj wi\u0119cej<\/a><\/p><\/div><\/div><div class=\"thumbnail animateIn\" data-animate=\"no_animation\"><img decoding=\"async\" data-holder-rendered=\"true\" src=\"https:\/\/www.arcossrl.com\/wp-content\/uploads\/2020\/09\/macchine-in-piano.jpg?wsr\" data-src=\"https:\/\/www.arcossrl.com\/wp-content\/uploads\/2020\/09\/macchine-in-piano.jpg?wsr\" alt=\"MASZYNY DO P\u0141ASKICH POWIERZCHNI\"><div class=\"caption custom_content\"><h3 class=\"custom_content_title\">MASZYNY DO P\u0141ASKICH POWIERZCHNI<\/h3><p>Maszyny p\u0142askie do elastycznego i spersonalizowanego monta\u017cu automatycznego.<\/p><p><a href=\"\/pl\/maszyny-plaskie\/\" class=\"btn btn-custom-content\" role=\"button\">Czytaj wi\u0119cej<\/a><\/p><\/div><\/div>[\/vc_column_inner][\/vc_row_inner][\/vc_column][\/vc_row][vc_row full_width=&#8221;stretch_row&#8221; el_class=&#8221;pb-30 bg-picture&#8221; css=&#8221;.vc_custom_1741080535100{background-image: url(https:\/\/www.arcossrl.com\/wp-content\/uploads\/2020\/09\/W327-70-scaled.jpg?id=4496) !important;}&#8221;][vc_column el_class=&#8221;py-large&#8221;][vc_column_text el_class=&#8221;lead-text&#8221;]Niezwyk\u0142a <i> prostota obs\u0142ugi i wszechstronno\u015b\u0107 system\u00f3w Arcos <\/i> sprawiaj\u0105, \u017ce nasze rozwi\u0105zania s\u0105 najlepsz\u0105 odpowiedzi\u0105 na ka\u017cdy problem zwi\u0105zany z wyka\u0144czaniem. Wszystko to w po\u0142\u0105czeniu z do\u015bwiadczeniem w procesach wyka\u0144czania od <i> 1965 roku <\/i>[\/vc_column_text][vc_btn title=&#8221;Skontaktuj si\u0119 z nami&#8221; style=&#8221;classic&#8221; el_class=&#8221;btn mt-40&#8243; link=&#8221;url:%23contattaci|&#8221;][\/vc_column][\/vc_row][vc_row equal_height=&#8221;yes&#8221; el_class=&#8221;py-130&#8243;][vc_column offset=&#8221;vc_col-lg-4 vc_col-md-12 vc_col-xs-12&#8243; el_class=&#8221;mb-sm&#8221;][vc_column_text el_class=&#8221;titolo-smaller text-primary mb-small&#8221;]Optymalizacja proces\u00f3w produkcyjnych[\/vc_column_text][vc_custom_heading text=&#8221;Systemy automatyzacji Arcos&#8221; use_theme_fonts=&#8221;yes&#8221; el_class=&#8221;titolo text-dark&#8221;][vc_btn title=&#8221;Skontaktuj si\u0119 z nami&#8221; style=&#8221;classic&#8221; el_class=&#8221;btn mt-40&#8243; link=&#8221;url:%23contattaci|||&#8221;][\/vc_column][vc_column offset=&#8221;vc_col-lg-8 vc_col-md-12 vc_col-xs-12&#8243;][vc_row_inner el_class=&#8221;block-content-wrapper&#8221;][vc_column_inner]<a href=\"\" class=\"mt_thumbnails_custom_content_link card\"><div class=\"mt_thumbnails_custom_content_link_content\" data-animate=\"fadeInUp\" style=\"text-align:left\"><img decoding=\"async\" data-holder-rendered=\"true\" src=\"https:\/\/www.arcossrl.com\/wp-content\/uploads\/2025\/05\/ico-automazione.svg?wsr\" data-src=\"https:\/\/www.arcossrl.com\/wp-content\/uploads\/2025\/05\/ico-automazione.svg?wsr\" alt=\"AUTOMATYZACJA PRZEMYS\u0141OWA\"><div class=\"caption\"><h3>AUTOMATYZACJA PRZEMYS\u0141OWA<\/h3><p>Systemy automatyzacji do optymalizacji proces\u00f3w przemys\u0142owych, redukcji odpad\u00f3w i zwi\u0119kszenia wydajno\u015bci produkcji. Redukcja lub eliminacja wibracji.<\/p><a class=\"button\" href=\"\/pl\/zrobotyzowane-systemy-automatyzacji\/#automazione-industriale\">Dowiedz si\u0119 wi\u0119cej<\/a><\/div><\/div><\/a><a href=\"\" class=\"mt_thumbnails_custom_content_link card\"><div class=\"mt_thumbnails_custom_content_link_content\" data-animate=\"fadeInUp\" style=\"text-align:left\"><img decoding=\"async\" data-holder-rendered=\"true\" src=\"https:\/\/www.arcossrl.com\/wp-content\/uploads\/2025\/05\/ico-laser.svg?wsr\" data-src=\"https:\/\/www.arcossrl.com\/wp-content\/uploads\/2025\/05\/ico-laser.svg?wsr\" alt=\"GRAWEROWANIE I ZNAKOWANIE LASEROWE\"><div class=\"caption\"><h3>GRAWEROWANIE I ZNAKOWANIE LASEROWE<\/h3><p>Automatyczne i zrobotyzowane grawerowanie i znakowanie laserowe dostosowuj\u0105ce si\u0119 do z\u0142o\u017conych powierzchni.<\/p><a class=\"button\" href=\"\/pl\/zrobotyzowane-systemy-automatyzacji\/#incisioni\">Dowiedz si\u0119 wi\u0119cej<\/a><\/div><\/div><\/a><a href=\"\" class=\"mt_thumbnails_custom_content_link card\"><div class=\"mt_thumbnails_custom_content_link_content\" data-animate=\"fadeInUp\" style=\"text-align:left\"><img decoding=\"async\" data-holder-rendered=\"true\" src=\"https:\/\/www.arcossrl.com\/wp-content\/uploads\/2025\/05\/ico-asservimenti.svg?wsr\" data-src=\"https:\/\/www.arcossrl.com\/wp-content\/uploads\/2025\/05\/ico-asservimenti.svg?wsr\" alt=\"OBS\u0141UGA MASZYN\"><div class=\"caption\"><h3>OBS\u0141UGA MASZYN<\/h3><p>Zrobotyzowana obs\u0142uga maszyn CNC, centr\u00f3w obr\u00f3bczych, pras i wielu innych. Za\u0142adunek-roz\u0142adunek element\u00f3w, formowanie dmuchanych pr\u00f3bek, kontrola obr\u00f3bki.<\/p><a class=\"button\" href=\"\/pl\/zrobotyzowane-systemy-automatyzacji\/#asservimenti\">Dowiedz si\u0119 wi\u0119cej<\/a><\/div><\/div><\/a><a href=\"\" class=\"mt_thumbnails_custom_content_link card\"><div class=\"mt_thumbnails_custom_content_link_content\" data-animate=\"fadeInUp\" style=\"text-align:left\"><img decoding=\"async\" data-holder-rendered=\"true\" src=\"https:\/\/www.arcossrl.com\/wp-content\/uploads\/2025\/05\/ico-robodrill.svg?wsr\" data-src=\"https:\/\/www.arcossrl.com\/wp-content\/uploads\/2025\/05\/ico-robodrill.svg?wsr\" alt=\"APLIKACJE ROBO-DRILL\"><div class=\"caption\"><h3>APLIKACJE ROBO-DRILL<\/h3><p>Integracja centr\u00f3w obr\u00f3bczych Fanuc Robodrill, aplikacje z wizj\u0105 2D\/3D, dostosowane do indywidualnych potrzeb.<\/p><a class=\"button\" href=\"\/pl\/zrobotyzowane-systemy-automatyzacji\/#robodrill\">Dowiedz si\u0119 wi\u0119cej<\/a><\/div><\/div><\/a>[\/vc_column_inner][\/vc_row_inner][\/vc_column][\/vc_row][vc_row full_width=&#8221;stretch_row_content&#8221; css=&#8221;.vc_custom_1741081384949{background-color: #969494 !important;}&#8221; el_class=&#8221;home-form-wrapper inv&#8221; el_id=&#8221;contattaci&#8221;][vc_column][vc_column_text el_class=&#8221;titolo-smaller text-primary mb-small&#8221;]Skontaktuj si\u0119 z nami[\/vc_column_text][vc_custom_heading text=&#8221;Popro\u015b o konsultacj\u0119 dla swojego projektu&#8221; use_theme_fonts=&#8221;yes&#8221; el_class=&#8221;titolo text-dark&#8221;]\n<div class=\"wpcf7 no-js\" id=\"wpcf7-f12167-o1\" lang=\"en-US\" dir=\"ltr\" data-wpcf7-id=\"12167\">\n<div class=\"screen-reader-response\"><p role=\"status\" aria-live=\"polite\" aria-atomic=\"true\"><\/p> <ul><\/ul><\/div>\n<form action=\"\/pl\/wp-json\/wp\/v2\/pages\/12316#wpcf7-f12167-o1\" method=\"post\" class=\"wpcf7-form init\" aria-label=\"Contact form\" novalidate=\"novalidate\" data-status=\"init\">\n<fieldset class=\"hidden-fields-container\"><input type=\"hidden\" name=\"_wpcf7\" value=\"12167\" \/><input type=\"hidden\" name=\"_wpcf7_version\" value=\"6.1.4\" \/><input type=\"hidden\" name=\"_wpcf7_locale\" value=\"en_US\" \/><input type=\"hidden\" name=\"_wpcf7_unit_tag\" value=\"wpcf7-f12167-o1\" \/><input type=\"hidden\" name=\"_wpcf7_container_post\" value=\"0\" \/><input type=\"hidden\" name=\"_wpcf7_posted_data_hash\" value=\"\" \/>\n<\/fieldset>\n<div class=\"form-wrapper\">\n\t<p class=\"form-name\"><br \/>\n<span class=\"wpcf7-form-control-wrap\" data-name=\"your-name\"><input size=\"40\" maxlength=\"400\" class=\"wpcf7-form-control wpcf7-text wpcf7-validates-as-required\" aria-required=\"true\" aria-invalid=\"false\" placeholder=\"Imi\u0119\" value=\"\" type=\"text\" name=\"your-name\" \/><\/span>\n\t<\/p>\n\t<p class=\"form-cognome\"><br \/>\n<span class=\"wpcf7-form-control-wrap\" data-name=\"your-cognome\"><input size=\"40\" maxlength=\"400\" class=\"wpcf7-form-control wpcf7-text wpcf7-validates-as-required\" aria-required=\"true\" aria-invalid=\"false\" placeholder=\"Nazwisko\" value=\"\" type=\"text\" name=\"your-cognome\" \/><\/span>\n\t<\/p>\n\t<p class=\"form-azienda\"><br \/>\n<span class=\"wpcf7-form-control-wrap\" data-name=\"your-azienda\"><input size=\"40\" maxlength=\"400\" class=\"wpcf7-form-control wpcf7-text wpcf7-validates-as-required\" aria-required=\"true\" aria-invalid=\"false\" placeholder=\"Firma\" value=\"\" type=\"text\" name=\"your-azienda\" \/><\/span>\n\t<\/p>\n\t<p class=\"form-city\"><br \/>\n<span class=\"wpcf7-form-control-wrap\" data-name=\"your-city\"><input size=\"40\" maxlength=\"400\" class=\"wpcf7-form-control wpcf7-text wpcf7-validates-as-required\" aria-required=\"true\" aria-invalid=\"false\" placeholder=\"Miasto\" value=\"\" type=\"text\" name=\"your-city\" \/><\/span>\n\t<\/p>\n\t<p class=\"form-email\"><br \/>\n<span class=\"wpcf7-form-control-wrap\" data-name=\"your-email\"><input size=\"40\" maxlength=\"400\" class=\"wpcf7-form-control wpcf7-email wpcf7-validates-as-required wpcf7-text wpcf7-validates-as-email\" aria-required=\"true\" aria-invalid=\"false\" placeholder=\"Email\" value=\"\" type=\"email\" name=\"your-email\" \/><\/span>\n\t<\/p>\n\t<p class=\"form-phone\"><br \/>\n<span class=\"wpcf7-form-control-wrap\" data-name=\"number-telefono\"><input size=\"40\" maxlength=\"400\" class=\"wpcf7-form-control wpcf7-text wpcf7-validates-as-required\" aria-required=\"true\" aria-invalid=\"false\" placeholder=\"Telefon\" value=\"\" type=\"text\" name=\"number-telefono\" \/><\/span>\n\t<\/p>\n\t<p class=\"form-msg\"><span class=\"wpcf7-form-control-wrap\" data-name=\"your-messaggio\"><textarea cols=\"40\" rows=\"3\" maxlength=\"2000\" class=\"wpcf7-form-control wpcf7-textarea wpcf7-validates-as-required\" aria-required=\"true\" aria-invalid=\"false\" placeholder=\"Wiadomo\u015b\u0107\" name=\"your-messaggio\"><\/textarea><\/span>\n\t<\/p>\n\t<p class=\"form-gdpr\"><span class=\"wpcf7-form-control-wrap\" data-name=\"gdpr\"><span class=\"wpcf7-form-control wpcf7-acceptance\"><span class=\"wpcf7-list-item\"><label><input type=\"checkbox\" name=\"gdpr\" value=\"1\" id=\"gdpr\" aria-invalid=\"false\" \/><span class=\"wpcf7-list-item-label\">Wyra\u017cam zgod\u0119 na przetwarzanie moich danych osobowych w spos\u00f3b wskazany w Regulaminie <a href=\"https:\/\/www.arcossrl.com\/cookie-policy-eu\/?cmplz_region_redirect=true\">Polityka prywatno\u015bci<\/a>.<\/span><\/label><\/span><\/span><\/span>\n\t<\/p>\n\t<p class=\"submit-btn\"><input class=\"wpcf7-form-control wpcf7-submit has-spinner\" type=\"submit\" value=\"WY\u015aLIJ\" \/>\n\t<\/p>\n<\/div><div class=\"wpcf7-response-output\" aria-hidden=\"true\"><\/div>\n<\/form>\n<\/div>\n[\/vc_column][\/vc_row]<\/p>\n","protected":false},"excerpt":{"rendered":"<p>[vc_row full_width=&#8221;stretch_row&#8221; content_placement=&#8221;middle&#8221; el_class=&#8221;banner-section mt-top-header&#8221; css=&#8221;.vc_custom_1741171475413{background-image: url(htt...","protected":false},"author":1,"featured_media":0,"parent":0,"menu_order":10,"comment_status":"closed","ping_status":"closed","template":"","meta":{"_lmt_disableupdate":"no","_lmt_disable":"","footnotes":""},"folder":[],"class_list":["post-12316","page","type-page","status-publish","hentry"],"yoast_head":"<!-- This site is optimized with the Yoast SEO plugin v26.0 - https:\/\/yoast.com\/wordpress\/plugins\/seo\/ -->\n<title>Produkty do automatyzacji robot\u00f3w przemys\u0142owych i wyka\u0144czania powierzchni<\/title>\n<meta name=\"description\" content=\"Wszechstronno\u015b\u0107 technologii Arcos w zakresie automatyki przemys\u0142owej i wyka\u0144czania powierzchni zapewnia skuteczne rozwi\u0105zania usprawniaj\u0105ce produkcj\u0119. Odkryj je ju\u017c teraz!\" \/>\n<meta name=\"robots\" content=\"index, follow, max-snippet:-1, max-image-preview:large, max-video-preview:-1\" \/>\n<link rel=\"canonical\" href=\"https:\/\/www.arcossrl.com\/pl\/technologie\/\" \/>\n<meta property=\"og:locale\" content=\"pl_PL\" \/>\n<meta property=\"og:type\" content=\"article\" \/>\n<meta property=\"og:title\" content=\"Produkty do automatyzacji robot\u00f3w przemys\u0142owych i wyka\u0144czania powierzchni\" \/>\n<meta property=\"og:description\" content=\"Wszechstronno\u015b\u0107 technologii Arcos w zakresie automatyki przemys\u0142owej i wyka\u0144czania powierzchni zapewnia skuteczne rozwi\u0105zania usprawniaj\u0105ce produkcj\u0119. Odkryj je ju\u017c teraz!\" \/>\n<meta property=\"og:url\" content=\"https:\/\/www.arcossrl.com\/pl\/technologie\/\" \/>\n<meta property=\"og:site_name\" content=\"Arcos\" \/>\n<meta property=\"article:modified_time\" content=\"2025-07-21T11:24:26+00:00\" \/>\n<meta name=\"twitter:card\" content=\"summary_large_image\" \/>\n<meta name=\"twitter:label1\" content=\"Szacowany czas czytania\" \/>\n\t<meta name=\"twitter:data1\" content=\"2 minuty\" \/>\n<script type=\"application\/ld+json\" class=\"yoast-schema-graph\">{\"@context\":\"https:\/\/schema.org\",\"@graph\":[{\"@type\":\"WebPage\",\"@id\":\"https:\/\/www.arcossrl.com\/pl\/technologie\/\",\"url\":\"https:\/\/www.arcossrl.com\/pl\/technologie\/\",\"name\":\"Produkty do automatyzacji robot\u00f3w przemys\u0142owych i wyka\u0144czania powierzchni\",\"isPartOf\":{\"@id\":\"https:\/\/www.arcossrl.com\/pl\/#website\"},\"datePublished\":\"2024-07-04T10:37:19+00:00\",\"dateModified\":\"2025-07-21T11:24:26+00:00\",\"description\":\"Wszechstronno\u015b\u0107 technologii Arcos w zakresie automatyki przemys\u0142owej i wyka\u0144czania powierzchni zapewnia skuteczne rozwi\u0105zania usprawniaj\u0105ce produkcj\u0119. Odkryj je ju\u017c teraz!\",\"breadcrumb\":{\"@id\":\"https:\/\/www.arcossrl.com\/pl\/technologie\/#breadcrumb\"},\"inLanguage\":\"pl-PL\",\"potentialAction\":[{\"@type\":\"ReadAction\",\"target\":[\"https:\/\/www.arcossrl.com\/pl\/technologie\/\"]}]},{\"@type\":\"BreadcrumbList\",\"@id\":\"https:\/\/www.arcossrl.com\/pl\/technologie\/#breadcrumb\",\"itemListElement\":[{\"@type\":\"ListItem\",\"position\":1,\"name\":\"1\",\"item\":\"https:\/\/www.arcossrl.com\/pl\/\"},{\"@type\":\"ListItem\",\"position\":2,\"name\":\"Technologie\"}]},{\"@type\":\"WebSite\",\"@id\":\"https:\/\/www.arcossrl.com\/pl\/#website\",\"url\":\"https:\/\/www.arcossrl.com\/pl\/\",\"name\":\"Arcos\",\"description\":\"\",\"publisher\":{\"@id\":\"https:\/\/www.arcossrl.com\/pl\/#organization\"},\"potentialAction\":[{\"@type\":\"SearchAction\",\"target\":{\"@type\":\"EntryPoint\",\"urlTemplate\":\"https:\/\/www.arcossrl.com\/pl\/?s={search_term_string}\"},\"query-input\":{\"@type\":\"PropertyValueSpecification\",\"valueRequired\":true,\"valueName\":\"search_term_string\"}}],\"inLanguage\":\"pl-PL\"},{\"@type\":\"Organization\",\"@id\":\"https:\/\/www.arcossrl.com\/pl\/#organization\",\"name\":\"Arcos srl\",\"url\":\"https:\/\/www.arcossrl.com\/pl\/\",\"logo\":{\"@type\":\"ImageObject\",\"inLanguage\":\"pl-PL\",\"@id\":\"https:\/\/www.arcossrl.com\/pl\/#\/schema\/logo\/image\/\",\"url\":\"https:\/\/www.arcossrl.com\/wp-content\/uploads\/2022\/05\/arcos_logo-1.png\",\"contentUrl\":\"https:\/\/www.arcossrl.com\/wp-content\/uploads\/2022\/05\/arcos_logo-1.png\",\"width\":157,\"height\":112,\"caption\":\"Arcos srl\"},\"image\":{\"@id\":\"https:\/\/www.arcossrl.com\/pl\/#\/schema\/logo\/image\/\"}}]}<\/script>\n<!-- \/ Yoast SEO plugin. -->","yoast_head_json":{"title":"Produkty do automatyzacji robot\u00f3w przemys\u0142owych i wyka\u0144czania powierzchni","description":"Wszechstronno\u015b\u0107 technologii Arcos w zakresie automatyki przemys\u0142owej i wyka\u0144czania powierzchni zapewnia skuteczne rozwi\u0105zania usprawniaj\u0105ce produkcj\u0119. Odkryj je ju\u017c teraz!","robots":{"index":"index","follow":"follow","max-snippet":"max-snippet:-1","max-image-preview":"max-image-preview:large","max-video-preview":"max-video-preview:-1"},"canonical":"https:\/\/www.arcossrl.com\/pl\/technologie\/","og_locale":"pl_PL","og_type":"article","og_title":"Produkty do automatyzacji robot\u00f3w przemys\u0142owych i wyka\u0144czania powierzchni","og_description":"Wszechstronno\u015b\u0107 technologii Arcos w zakresie automatyki przemys\u0142owej i wyka\u0144czania powierzchni zapewnia skuteczne rozwi\u0105zania usprawniaj\u0105ce produkcj\u0119. Odkryj je ju\u017c teraz!","og_url":"https:\/\/www.arcossrl.com\/pl\/technologie\/","og_site_name":"Arcos","article_modified_time":"2025-07-21T11:24:26+00:00","twitter_card":"summary_large_image","twitter_misc":{"Szacowany czas czytania":"2 minuty"},"schema":{"@context":"https:\/\/schema.org","@graph":[{"@type":"WebPage","@id":"https:\/\/www.arcossrl.com\/pl\/technologie\/","url":"https:\/\/www.arcossrl.com\/pl\/technologie\/","name":"Produkty do automatyzacji robot\u00f3w przemys\u0142owych i wyka\u0144czania powierzchni","isPartOf":{"@id":"https:\/\/www.arcossrl.com\/pl\/#website"},"datePublished":"2024-07-04T10:37:19+00:00","dateModified":"2025-07-21T11:24:26+00:00","description":"Wszechstronno\u015b\u0107 technologii Arcos w zakresie automatyki przemys\u0142owej i wyka\u0144czania powierzchni zapewnia skuteczne rozwi\u0105zania usprawniaj\u0105ce produkcj\u0119. Odkryj je ju\u017c teraz!","breadcrumb":{"@id":"https:\/\/www.arcossrl.com\/pl\/technologie\/#breadcrumb"},"inLanguage":"pl-PL","potentialAction":[{"@type":"ReadAction","target":["https:\/\/www.arcossrl.com\/pl\/technologie\/"]}]},{"@type":"BreadcrumbList","@id":"https:\/\/www.arcossrl.com\/pl\/technologie\/#breadcrumb","itemListElement":[{"@type":"ListItem","position":1,"name":"1","item":"https:\/\/www.arcossrl.com\/pl\/"},{"@type":"ListItem","position":2,"name":"Technologie"}]},{"@type":"WebSite","@id":"https:\/\/www.arcossrl.com\/pl\/#website","url":"https:\/\/www.arcossrl.com\/pl\/","name":"Arcos","description":"","publisher":{"@id":"https:\/\/www.arcossrl.com\/pl\/#organization"},"potentialAction":[{"@type":"SearchAction","target":{"@type":"EntryPoint","urlTemplate":"https:\/\/www.arcossrl.com\/pl\/?s={search_term_string}"},"query-input":{"@type":"PropertyValueSpecification","valueRequired":true,"valueName":"search_term_string"}}],"inLanguage":"pl-PL"},{"@type":"Organization","@id":"https:\/\/www.arcossrl.com\/pl\/#organization","name":"Arcos srl","url":"https:\/\/www.arcossrl.com\/pl\/","logo":{"@type":"ImageObject","inLanguage":"pl-PL","@id":"https:\/\/www.arcossrl.com\/pl\/#\/schema\/logo\/image\/","url":"https:\/\/www.arcossrl.com\/wp-content\/uploads\/2022\/05\/arcos_logo-1.png","contentUrl":"https:\/\/www.arcossrl.com\/wp-content\/uploads\/2022\/05\/arcos_logo-1.png","width":157,"height":112,"caption":"Arcos srl"},"image":{"@id":"https:\/\/www.arcossrl.com\/pl\/#\/schema\/logo\/image\/"}}]}},"_links":{"self":[{"href":"https:\/\/www.arcossrl.com\/pl\/wp-json\/wp\/v2\/pages\/12316","targetHints":{"allow":["GET"]}}],"collection":[{"href":"https:\/\/www.arcossrl.com\/pl\/wp-json\/wp\/v2\/pages"}],"about":[{"href":"https:\/\/www.arcossrl.com\/pl\/wp-json\/wp\/v2\/types\/page"}],"author":[{"embeddable":true,"href":"https:\/\/www.arcossrl.com\/pl\/wp-json\/wp\/v2\/users\/1"}],"replies":[{"embeddable":true,"href":"https:\/\/www.arcossrl.com\/pl\/wp-json\/wp\/v2\/comments?post=12316"}],"version-history":[{"count":16,"href":"https:\/\/www.arcossrl.com\/pl\/wp-json\/wp\/v2\/pages\/12316\/revisions"}],"predecessor-version":[{"id":15660,"href":"https:\/\/www.arcossrl.com\/pl\/wp-json\/wp\/v2\/pages\/12316\/revisions\/15660"}],"wp:attachment":[{"href":"https:\/\/www.arcossrl.com\/pl\/wp-json\/wp\/v2\/media?parent=12316"}],"wp:term":[{"taxonomy":"folder","embeddable":true,"href":"https:\/\/www.arcossrl.com\/pl\/wp-json\/wp\/v2\/folder?post=12316"}],"curies":[{"name":"wp","href":"https:\/\/api.w.org\/{rel}","templated":true}]}}