{"id":12137,"date":"2024-07-04T10:16:24","date_gmt":"2024-07-04T08:16:24","guid":{"rendered":"https:\/\/stage.arcossrl.com\/?page_id=12137"},"modified":"2025-07-11T15:37:27","modified_gmt":"2025-07-11T13:37:27","slug":"faq","status":"publish","type":"page","link":"https:\/\/www.arcossrl.com\/pl\/faq\/","title":{"rendered":"FAQ"},"content":{"rendered":"<p>[vc_row full_width=&#8221;stretch_row&#8221; content_placement=&#8221;middle&#8221; el_class=&#8221;banner-section mt-top-header&#8221; css=&#8221;.vc_custom_1742567650842{background-image: url(https:\/\/www.arcossrl.com\/wp-content\/uploads\/2023\/07\/levigatura-metalli.png?id=9324) !important;}&#8221;][vc_column][vc_row_inner][vc_column_inner]<div class=\"ns-yoast-breadcrumbs ns-style-default ns-align-left\"><style>\n            .ns-yoast-breadcrumbs {\n                font-size: 14px;\n                color: #ffffff;\n                text-align: left;\n            }\n            .ns-yoast-breadcrumbs a {\n                color: #ffffff;\n                text-decoration: none;\n            }\n            .ns-yoast-breadcrumbs a:hover {\n                text-decoration: underline;\n            }\n            .ns-yoast-breadcrumbs .breadcrumb_last {\n                color: #ffffff;\n                font-weight: 600;\n            }\n            .ns-yoast-breadcrumbs .ns-breadcrumb-separator {\n                color: #ffffff;\n                margin: 0 5px;\n            }\n        <\/style><nav aria-label=\"Breadcrumb\" itemscope itemtype=\"https:\/\/schema.org\/BreadcrumbList\"><span><span><span itemprop=\"itemListElement\" itemscope itemtype=\"https:\/\/schema.org\/ListItem\">\n                        <a href=\"https:\/\/www.arcossrl.com\/pl\/\" itemprop=\"item\">\n                            <span itemprop=\"name\">STRONA G\u0141\u00d3WNA<\/span>\n                        <\/a>\n                        <meta itemprop=\"position\" content=\"1\" \/>\n                    <\/span><\/span><\/span<\/nav><\/div>[vc_column_text el_class=&#8221;titolo titolo-hero&#8221;]<\/p>\n<h1><strong>FAQ<\/strong><br \/>\nPytania i odpowiedzi<\/h1>\n<p>[\/vc_column_text][\/vc_column_inner][\/vc_row_inner][\/vc_column][\/vc_row][vc_row full_width=&#8221;stretch_row&#8221; el_class=&#8221;py-130 mb-md col-space bg-gray-lighter&#8221;][vc_column el_class=&#8221;mb-md&#8221; offset=&#8221;vc_col-lg-12 vc_col-md-12 vc_col-xs-12&#8243;][vc_custom_heading text=&#8221;MAMY ODPOWIED\u0179 NA KA\u017bDE PYTANIE&#8221; use_theme_fonts=&#8221;yes&#8221; el_class=&#8221;titolo mt-30 mb-40 sentence-case&#8221;][vc_column_text]<\/p>\n<p style=\"text-align: left;\">Chcemy, aby proces tworzenia, testowania i instalowania naszych zrobotyzowanych system\u00f3w by\u0142 jak najbardziej przejrzysty i zrozumia\u0142y dla firm, kt\u00f3re zdecyduj\u0105 si\u0119 mie\u0107 nas po swojej stronie. Tak w\u0142a\u015bnie dzia\u0142a Arcos.<\/p>\n<p>[\/vc_column_text][\/vc_column][\/vc_row][vc_row el_id=&#8221;faq&#8221; el_class=&#8221;py-130 col-space&#8221;][vc_column offset=&#8221;vc_col-lg-6 vc_col-md-12 vc_col-xs-12&#8243; el_class=&#8221;mb-md sticky&#8221;][vc_single_image image=&#8221;13804&#8243; img_size=&#8221;large&#8221; el_class=&#8221;center-md rounded mb-md&#8221;][\/vc_column][vc_column offset=&#8221;vc_col-lg-6 vc_col-md-12 vc_col-xs-12&#8243;][vc_toggle title=&#8221;Na czym polegaj\u0105 testy w Arcos?&#8221; style=&#8221;round&#8221; custom_font_container=&#8221;tag:p|font_size:25|text_align:left&#8221; custom_use_theme_fonts=&#8221;yes&#8221; use_custom_heading=&#8221;true&#8221;]Po wyprodukowaniu maszyny, w siedzibie Arcos przeprowadzana jest faza testowa, zanim maszyna zostanie wys\u0142ana do klienta.\u00a0 Podczas tej fazy klient mo\u017ce sprawdzi\u0107 dzia\u0142anie maszyny podczas obr\u00f3bki cz\u0119\u015bci, aby przekaza\u0107 wszelkie informacje zwrotne. Dzi\u0119ki temu mo\u017cna mie\u0107 pewno\u015b\u0107, \u017ce wszystko dzia\u0142a idealnie, bez najmniejszych zak\u0142\u00f3ce\u0144.[\/vc_toggle][vc_separator color=&#8221;custom&#8221; accent_color=&#8221;#d1d1d1&#8243;][vc_toggle title=&#8221;Jakie s\u0105 harmonogramy testowania?&#8221; style=&#8221;round&#8221; custom_font_container=&#8221;tag:p|font_size:25|text_align:left&#8221; custom_use_theme_fonts=&#8221;yes&#8221; use_custom_heading=&#8221;true&#8221;]Czas i tryb testowania zmienia si\u0119 w zale\u017cno\u015bci od potrzeb indywidualnego klienta. Mo\u017cliwe jest testowanie maszyny przez godzin\u0119, tak d\u0142ugo, jak to konieczne, aby zobaczy\u0107 jej cykl w warunkach produkcyjnych lub tak d\u0142ugo, jak to konieczne, aby przetworzy\u0107 ca\u0142kowit\u0105 liczb\u0119 cz\u0119\u015bci.<\/p>\n<p>Ten krok pozwala zrozumie\u0107, czy maszyna spe\u0142nia wymagania i charakterystyk\u0119, kt\u00f3re zosta\u0142y pocz\u0105tkowo zdefiniowane przez firm\u0119.[\/vc_toggle][vc_separator color=&#8221;custom&#8221; accent_color=&#8221;#d1d1d1&#8243;][vc_toggle title=&#8221;Kto uczestniczy w testowaniu?&#8221; style=&#8221;round&#8221; custom_font_container=&#8221;tag:p|font_size:25|text_align:left&#8221; custom_use_theme_fonts=&#8221;yes&#8221; use_custom_heading=&#8221;true&#8221;]Zaleca si\u0119, aby w testowaniu uczestniczyli kierownik projektu klienta, operator i kierownik ds. jako\u015bci.[\/vc_toggle][vc_separator color=&#8221;custom&#8221; accent_color=&#8221;#d1d1d1&#8243;][vc_toggle title=&#8221;Moja firma nie wie, jak zarz\u0105dza\u0107 robotem. Jakie umiej\u0119tno\u015bci s\u0105 potrzebne? Jak je zdoby\u0107?&#8221; style=&#8221;round&#8221; custom_font_container=&#8221;tag:p|font_size:25|text_align:left&#8221; custom_use_theme_fonts=&#8221;yes&#8221; use_custom_heading=&#8221;true&#8221;]Niezwykle istotne jest, aby ka\u017cda firma wyznaczy\u0142a osob\u0119 odpowiedzialn\u0105 za obs\u0142ug\u0119 nowej technologii Arcos na pe\u0142en etat. Aby to zrobi\u0107, mo\u017cna skorzysta\u0107 z profesjonalnego szkolenia, kt\u00f3re obejmuje kilka krok\u00f3w:<\/p>\n<ul>\n<li aria-level=\"1\">Nawet przed gotowo\u015bci\u0105 maszyny, ta osoba mo\u017ce zdoby\u0107 wiedz\u0119 programistyczn\u0105 poprzez kursy Fanuc, kt\u00f3re najlepiej wprowadz\u0105 w \u015bwiat robot\u00f3w.<\/li>\n<li aria-level=\"1\">Przed przyst\u0105pieniem do test\u00f3w wyznaczona osoba odpowiedzialna za obs\u0142ug\u0119 maszyny mo\u017ce pog\u0142\u0119bi\u0107 swoj\u0105 wiedz\u0119 na temat robot\u00f3w poprzez jedno- lub dwutygodniowe szkolenie w siedzibie Arcos. Tutaj zostan\u0105 wyja\u015bnione zasady dzia\u0142ania maszyny i programowania, ze szczeg\u00f3lnym uwzgl\u0119dnieniem jej instalacji.<\/li>\n<li aria-level=\"1\">Podczas fazy instalacji szczeg\u00f3\u0142owo om\u00f3wione zostan\u0105 dalsze aspekty.<\/li>\n<\/ul>\n<p>[\/vc_toggle][vc_separator color=&#8221;custom&#8221; accent_color=&#8221;#d1d1d1&#8243;][vc_toggle title=&#8221;Co dzieje si\u0119 po zako\u0144czeniu fazy testowania?&#8221; style=&#8221;round&#8221; custom_font_container=&#8221;tag:p|font_size:25|text_align:left&#8221; custom_use_theme_fonts=&#8221;yes&#8221; use_custom_heading=&#8221;true&#8221;]Maszyna zostaje dostarczona do klienta, aby rozpocz\u0105\u0107 faz\u0119 instalacji na miejscu docelowym. Technicy Arcos, razem z operatorem firmy, ko\u0144cz\u0105 instalacj\u0119, udzielaj\u0105c bardziej szczeg\u00f3\u0142owych informacji ni\u017c podczas dotychczasowych szkole\u0144. W ten spos\u00f3b wizyta u klienta b\u0119dzie mia\u0142a jeszcze wi\u0119ksz\u0105 warto\u015b\u0107.[\/vc_toggle][vc_separator color=&#8221;custom&#8221; accent_color=&#8221;#d1d1d1&#8243;][vc_toggle title=&#8221;Czy testowanie mo\u017ce by\u0107 przeprowadzone na miejscu klienta?&#8221; style=&#8221;round&#8221; custom_font_container=&#8221;tag:p|font_size:25|text_align:left&#8221; custom_use_theme_fonts=&#8221;yes&#8221; use_custom_heading=&#8221;true&#8221;]Faza testowania zosta\u0142a specjalnie zaprojektowana do przeprowadzania jej zar\u00f3wno w siedzibie Arcos, jak i na miejscu klienta. Pozwala to na wi\u0119ksz\u0105 kontrol\u0119 nad maszyn\u0105, umo\u017cliwiaj\u0105c napraw\u0119 ewentualnych problem\u00f3w. Po zako\u0144czeniu fazy test\u00f3w w Arcos, maszyna jest demontowana i ponownie instalowana przez klienta, a wszystkie testy s\u0105 certyfikowane.[\/vc_toggle][vc_separator color=&#8221;custom&#8221; accent_color=&#8221;#d1d1d1&#8243;][vc_toggle title=&#8221;Co si\u0119 dzieje po zako\u0144czeniu testowania i instalacji, je\u015bli potrzebuj\u0119 skontaktowa\u0107 si\u0119 z Arcos?&#8221; style=&#8221;round&#8221; custom_font_container=&#8221;tag:p|font_size:25|text_align:left&#8221; custom_use_theme_fonts=&#8221;yes&#8221; use_custom_heading=&#8221;true&#8221;]Od pierwszego kontaktu z Arcos, firma otrzymuje dwie osoby kontaktowe, kt\u00f3re b\u0119d\u0105 \u015bledzi\u0107 ca\u0142y okres eksploatacji maszyny. Mechanik i programista, z kt\u00f3rymi mo\u017cna si\u0119 bezpo\u015brednio skontaktowa\u0107 w celu uzyskania natychmiastowego i dostosowanego do potrzeb wsparcia.<\/p>\n<p>Ka\u017cdy system jest wyposa\u017cony w zdalne po\u0142\u0105czenie, aby uzyska\u0107 dost\u0119p do robota i naprawi\u0107 wszelkiego rodzaju usterki elektryczne nawet zdalnie. W przypadku usterek mechanicznych technicy Arcos b\u0119d\u0105 interweniowa\u0107 bezpo\u015brednio.[\/vc_toggle][vc_separator color=&#8221;custom&#8221; accent_color=&#8221;#d1d1d1&#8243;][\/vc_column][\/vc_row][vc_row full_width=&#8221;stretch_row_content&#8221; css=&#8221;.vc_custom_1742574728952{background-color: #969494 !important;}&#8221; el_class=&#8221;home-form-wrapper inv pt-130&#8243; el_id=&#8221;contattaci&#8221;][vc_column][vc_column_text el_class=&#8221;titolo-smaller text-primary mb-small&#8221;]Skontaktuj si\u0119 z nami[\/vc_column_text][vc_custom_heading text=&#8221;Popro\u015b o konsultacj\u0119 dla swojego projektu&#8221; use_theme_fonts=&#8221;yes&#8221; el_class=&#8221;titolo text-dark&#8221;]\n<div class=\"wpcf7 no-js\" id=\"wpcf7-f12167-o1\" lang=\"en-US\" dir=\"ltr\" data-wpcf7-id=\"12167\">\n<div class=\"screen-reader-response\"><p role=\"status\" aria-live=\"polite\" aria-atomic=\"true\"><\/p> <ul><\/ul><\/div>\n<form action=\"\/pl\/wp-json\/wp\/v2\/pages\/12137#wpcf7-f12167-o1\" method=\"post\" class=\"wpcf7-form init\" aria-label=\"Contact form\" novalidate=\"novalidate\" data-status=\"init\">\n<fieldset class=\"hidden-fields-container\"><input type=\"hidden\" name=\"_wpcf7\" value=\"12167\" \/><input type=\"hidden\" name=\"_wpcf7_version\" value=\"6.1.4\" \/><input type=\"hidden\" name=\"_wpcf7_locale\" value=\"en_US\" \/><input type=\"hidden\" name=\"_wpcf7_unit_tag\" value=\"wpcf7-f12167-o1\" \/><input type=\"hidden\" name=\"_wpcf7_container_post\" value=\"0\" \/><input type=\"hidden\" name=\"_wpcf7_posted_data_hash\" value=\"\" \/>\n<\/fieldset>\n<div class=\"form-wrapper\">\n\t<p class=\"form-name\"><br \/>\n<span class=\"wpcf7-form-control-wrap\" data-name=\"your-name\"><input size=\"40\" maxlength=\"400\" class=\"wpcf7-form-control wpcf7-text wpcf7-validates-as-required\" aria-required=\"true\" aria-invalid=\"false\" placeholder=\"Imi\u0119\" value=\"\" type=\"text\" name=\"your-name\" \/><\/span>\n\t<\/p>\n\t<p class=\"form-cognome\"><br \/>\n<span class=\"wpcf7-form-control-wrap\" data-name=\"your-cognome\"><input size=\"40\" maxlength=\"400\" class=\"wpcf7-form-control wpcf7-text wpcf7-validates-as-required\" aria-required=\"true\" aria-invalid=\"false\" placeholder=\"Nazwisko\" value=\"\" type=\"text\" name=\"your-cognome\" \/><\/span>\n\t<\/p>\n\t<p class=\"form-azienda\"><br \/>\n<span class=\"wpcf7-form-control-wrap\" data-name=\"your-azienda\"><input size=\"40\" maxlength=\"400\" class=\"wpcf7-form-control wpcf7-text wpcf7-validates-as-required\" aria-required=\"true\" aria-invalid=\"false\" placeholder=\"Firma\" value=\"\" type=\"text\" name=\"your-azienda\" \/><\/span>\n\t<\/p>\n\t<p class=\"form-city\"><br \/>\n<span class=\"wpcf7-form-control-wrap\" data-name=\"your-city\"><input size=\"40\" maxlength=\"400\" class=\"wpcf7-form-control wpcf7-text wpcf7-validates-as-required\" aria-required=\"true\" aria-invalid=\"false\" placeholder=\"Miasto\" value=\"\" type=\"text\" name=\"your-city\" \/><\/span>\n\t<\/p>\n\t<p class=\"form-email\"><br \/>\n<span class=\"wpcf7-form-control-wrap\" data-name=\"your-email\"><input size=\"40\" maxlength=\"400\" class=\"wpcf7-form-control wpcf7-email wpcf7-validates-as-required wpcf7-text wpcf7-validates-as-email\" aria-required=\"true\" aria-invalid=\"false\" placeholder=\"Email\" value=\"\" type=\"email\" name=\"your-email\" \/><\/span>\n\t<\/p>\n\t<p class=\"form-phone\"><br \/>\n<span class=\"wpcf7-form-control-wrap\" data-name=\"number-telefono\"><input size=\"40\" maxlength=\"400\" class=\"wpcf7-form-control wpcf7-text wpcf7-validates-as-required\" aria-required=\"true\" aria-invalid=\"false\" placeholder=\"Telefon\" value=\"\" type=\"text\" name=\"number-telefono\" \/><\/span>\n\t<\/p>\n\t<p class=\"form-msg\"><span class=\"wpcf7-form-control-wrap\" data-name=\"your-messaggio\"><textarea cols=\"40\" rows=\"3\" maxlength=\"2000\" class=\"wpcf7-form-control wpcf7-textarea wpcf7-validates-as-required\" aria-required=\"true\" aria-invalid=\"false\" placeholder=\"Wiadomo\u015b\u0107\" name=\"your-messaggio\"><\/textarea><\/span>\n\t<\/p>\n\t<p class=\"form-gdpr\"><span class=\"wpcf7-form-control-wrap\" data-name=\"gdpr\"><span class=\"wpcf7-form-control wpcf7-acceptance\"><span class=\"wpcf7-list-item\"><label><input type=\"checkbox\" name=\"gdpr\" value=\"1\" id=\"gdpr\" aria-invalid=\"false\" \/><span class=\"wpcf7-list-item-label\">Wyra\u017cam zgod\u0119 na przetwarzanie moich danych osobowych w spos\u00f3b wskazany w Regulaminie <a href=\"https:\/\/www.arcossrl.com\/cookie-policy-eu\/?cmplz_region_redirect=true\">Polityka prywatno\u015bci<\/a>.<\/span><\/label><\/span><\/span><\/span>\n\t<\/p>\n\t<p class=\"submit-btn\"><input class=\"wpcf7-form-control wpcf7-submit has-spinner\" type=\"submit\" value=\"WY\u015aLIJ\" \/>\n\t<\/p>\n<\/div><div class=\"wpcf7-response-output\" aria-hidden=\"true\"><\/div>\n<\/form>\n<\/div>\n[\/vc_column][\/vc_row]<\/p>\n","protected":false},"excerpt":{"rendered":"<p>[vc_row full_width=&#8221;stretch_row&#8221; content_placement=&#8221;middle&#8221; el_class=&#8221;banner-section mt-top-header&#8221; css=&#8221;.vc_custom_1742567650842{background-image: url(htt...","protected":false},"author":1,"featured_media":0,"parent":0,"menu_order":134,"comment_status":"closed","ping_status":"closed","template":"","meta":{"_lmt_disableupdate":"no","_lmt_disable":"","footnotes":""},"folder":[],"class_list":["post-12137","page","type-page","status-publish","hentry"],"yoast_head":"<!-- This site is optimized with the Yoast SEO plugin v26.0 - https:\/\/yoast.com\/wordpress\/plugins\/seo\/ -->\n<title>FAQ testowanie i instalacja system\u00f3w zrobotyzowanych | Arcos<\/title>\n<meta name=\"description\" content=\"Wszystkie odpowiedzi na popularne pytania dotycz\u0105ce testowania, instalowania i serwisowania system\u00f3w zrobotyzowanych w przedsi\u0119biorstwie, wed\u0142ug Arcos.\" \/>\n<meta name=\"robots\" content=\"index, follow, max-snippet:-1, max-image-preview:large, max-video-preview:-1\" \/>\n<link rel=\"canonical\" href=\"https:\/\/www.arcossrl.com\/pl\/faq\/\" \/>\n<meta property=\"og:locale\" content=\"pl_PL\" \/>\n<meta property=\"og:type\" content=\"article\" \/>\n<meta property=\"og:title\" content=\"FAQ testowanie i instalacja system\u00f3w zrobotyzowanych | Arcos\" \/>\n<meta property=\"og:description\" content=\"Wszystkie odpowiedzi na popularne pytania dotycz\u0105ce testowania, instalowania i serwisowania system\u00f3w zrobotyzowanych w przedsi\u0119biorstwie, wed\u0142ug Arcos.\" \/>\n<meta property=\"og:url\" content=\"https:\/\/www.arcossrl.com\/pl\/faq\/\" \/>\n<meta property=\"og:site_name\" content=\"Arcos\" \/>\n<meta property=\"article:modified_time\" content=\"2025-07-11T13:37:27+00:00\" \/>\n<meta name=\"twitter:card\" content=\"summary_large_image\" \/>\n<meta name=\"twitter:label1\" content=\"Szacowany czas czytania\" \/>\n\t<meta name=\"twitter:data1\" content=\"3 minuty\" \/>\n<script type=\"application\/ld+json\" class=\"yoast-schema-graph\">{\"@context\":\"https:\/\/schema.org\",\"@graph\":[{\"@type\":\"WebPage\",\"@id\":\"https:\/\/www.arcossrl.com\/pl\/faq\/\",\"url\":\"https:\/\/www.arcossrl.com\/pl\/faq\/\",\"name\":\"FAQ testowanie i instalacja system\u00f3w zrobotyzowanych | Arcos\",\"isPartOf\":{\"@id\":\"https:\/\/www.arcossrl.com\/pl\/#website\"},\"datePublished\":\"2024-07-04T08:16:24+00:00\",\"dateModified\":\"2025-07-11T13:37:27+00:00\",\"description\":\"Wszystkie odpowiedzi na popularne pytania dotycz\u0105ce testowania, instalowania i serwisowania system\u00f3w zrobotyzowanych w przedsi\u0119biorstwie, wed\u0142ug Arcos.\",\"breadcrumb\":{\"@id\":\"https:\/\/www.arcossrl.com\/pl\/faq\/#breadcrumb\"},\"inLanguage\":\"pl-PL\",\"potentialAction\":[{\"@type\":\"ReadAction\",\"target\":[\"https:\/\/www.arcossrl.com\/pl\/faq\/\"]}]},{\"@type\":\"BreadcrumbList\",\"@id\":\"https:\/\/www.arcossrl.com\/pl\/faq\/#breadcrumb\",\"itemListElement\":[{\"@type\":\"ListItem\",\"position\":1,\"name\":\"1\",\"item\":\"https:\/\/www.arcossrl.com\/pl\/\"},{\"@type\":\"ListItem\",\"position\":2,\"name\":\"FAQ\"}]},{\"@type\":\"WebSite\",\"@id\":\"https:\/\/www.arcossrl.com\/pl\/#website\",\"url\":\"https:\/\/www.arcossrl.com\/pl\/\",\"name\":\"Arcos\",\"description\":\"\",\"publisher\":{\"@id\":\"https:\/\/www.arcossrl.com\/pl\/#organization\"},\"potentialAction\":[{\"@type\":\"SearchAction\",\"target\":{\"@type\":\"EntryPoint\",\"urlTemplate\":\"https:\/\/www.arcossrl.com\/pl\/?s={search_term_string}\"},\"query-input\":{\"@type\":\"PropertyValueSpecification\",\"valueRequired\":true,\"valueName\":\"search_term_string\"}}],\"inLanguage\":\"pl-PL\"},{\"@type\":\"Organization\",\"@id\":\"https:\/\/www.arcossrl.com\/pl\/#organization\",\"name\":\"Arcos srl\",\"url\":\"https:\/\/www.arcossrl.com\/pl\/\",\"logo\":{\"@type\":\"ImageObject\",\"inLanguage\":\"pl-PL\",\"@id\":\"https:\/\/www.arcossrl.com\/pl\/#\/schema\/logo\/image\/\",\"url\":\"https:\/\/www.arcossrl.com\/wp-content\/uploads\/2022\/05\/arcos_logo-1.png\",\"contentUrl\":\"https:\/\/www.arcossrl.com\/wp-content\/uploads\/2022\/05\/arcos_logo-1.png\",\"width\":157,\"height\":112,\"caption\":\"Arcos srl\"},\"image\":{\"@id\":\"https:\/\/www.arcossrl.com\/pl\/#\/schema\/logo\/image\/\"}}]}<\/script>\n<!-- \/ Yoast SEO plugin. -->","yoast_head_json":{"title":"FAQ testowanie i instalacja system\u00f3w zrobotyzowanych | Arcos","description":"Wszystkie odpowiedzi na popularne pytania dotycz\u0105ce testowania, instalowania i serwisowania system\u00f3w zrobotyzowanych w przedsi\u0119biorstwie, wed\u0142ug Arcos.","robots":{"index":"index","follow":"follow","max-snippet":"max-snippet:-1","max-image-preview":"max-image-preview:large","max-video-preview":"max-video-preview:-1"},"canonical":"https:\/\/www.arcossrl.com\/pl\/faq\/","og_locale":"pl_PL","og_type":"article","og_title":"FAQ testowanie i instalacja system\u00f3w zrobotyzowanych | Arcos","og_description":"Wszystkie odpowiedzi na popularne pytania dotycz\u0105ce testowania, instalowania i serwisowania system\u00f3w zrobotyzowanych w przedsi\u0119biorstwie, wed\u0142ug Arcos.","og_url":"https:\/\/www.arcossrl.com\/pl\/faq\/","og_site_name":"Arcos","article_modified_time":"2025-07-11T13:37:27+00:00","twitter_card":"summary_large_image","twitter_misc":{"Szacowany czas czytania":"3 minuty"},"schema":{"@context":"https:\/\/schema.org","@graph":[{"@type":"WebPage","@id":"https:\/\/www.arcossrl.com\/pl\/faq\/","url":"https:\/\/www.arcossrl.com\/pl\/faq\/","name":"FAQ testowanie i instalacja system\u00f3w zrobotyzowanych | Arcos","isPartOf":{"@id":"https:\/\/www.arcossrl.com\/pl\/#website"},"datePublished":"2024-07-04T08:16:24+00:00","dateModified":"2025-07-11T13:37:27+00:00","description":"Wszystkie odpowiedzi na popularne pytania dotycz\u0105ce testowania, instalowania i serwisowania system\u00f3w zrobotyzowanych w przedsi\u0119biorstwie, wed\u0142ug Arcos.","breadcrumb":{"@id":"https:\/\/www.arcossrl.com\/pl\/faq\/#breadcrumb"},"inLanguage":"pl-PL","potentialAction":[{"@type":"ReadAction","target":["https:\/\/www.arcossrl.com\/pl\/faq\/"]}]},{"@type":"BreadcrumbList","@id":"https:\/\/www.arcossrl.com\/pl\/faq\/#breadcrumb","itemListElement":[{"@type":"ListItem","position":1,"name":"1","item":"https:\/\/www.arcossrl.com\/pl\/"},{"@type":"ListItem","position":2,"name":"FAQ"}]},{"@type":"WebSite","@id":"https:\/\/www.arcossrl.com\/pl\/#website","url":"https:\/\/www.arcossrl.com\/pl\/","name":"Arcos","description":"","publisher":{"@id":"https:\/\/www.arcossrl.com\/pl\/#organization"},"potentialAction":[{"@type":"SearchAction","target":{"@type":"EntryPoint","urlTemplate":"https:\/\/www.arcossrl.com\/pl\/?s={search_term_string}"},"query-input":{"@type":"PropertyValueSpecification","valueRequired":true,"valueName":"search_term_string"}}],"inLanguage":"pl-PL"},{"@type":"Organization","@id":"https:\/\/www.arcossrl.com\/pl\/#organization","name":"Arcos srl","url":"https:\/\/www.arcossrl.com\/pl\/","logo":{"@type":"ImageObject","inLanguage":"pl-PL","@id":"https:\/\/www.arcossrl.com\/pl\/#\/schema\/logo\/image\/","url":"https:\/\/www.arcossrl.com\/wp-content\/uploads\/2022\/05\/arcos_logo-1.png","contentUrl":"https:\/\/www.arcossrl.com\/wp-content\/uploads\/2022\/05\/arcos_logo-1.png","width":157,"height":112,"caption":"Arcos srl"},"image":{"@id":"https:\/\/www.arcossrl.com\/pl\/#\/schema\/logo\/image\/"}}]}},"_links":{"self":[{"href":"https:\/\/www.arcossrl.com\/pl\/wp-json\/wp\/v2\/pages\/12137","targetHints":{"allow":["GET"]}}],"collection":[{"href":"https:\/\/www.arcossrl.com\/pl\/wp-json\/wp\/v2\/pages"}],"about":[{"href":"https:\/\/www.arcossrl.com\/pl\/wp-json\/wp\/v2\/types\/page"}],"author":[{"embeddable":true,"href":"https:\/\/www.arcossrl.com\/pl\/wp-json\/wp\/v2\/users\/1"}],"replies":[{"embeddable":true,"href":"https:\/\/www.arcossrl.com\/pl\/wp-json\/wp\/v2\/comments?post=12137"}],"version-history":[{"count":7,"href":"https:\/\/www.arcossrl.com\/pl\/wp-json\/wp\/v2\/pages\/12137\/revisions"}],"predecessor-version":[{"id":15558,"href":"https:\/\/www.arcossrl.com\/pl\/wp-json\/wp\/v2\/pages\/12137\/revisions\/15558"}],"wp:attachment":[{"href":"https:\/\/www.arcossrl.com\/pl\/wp-json\/wp\/v2\/media?parent=12137"}],"wp:term":[{"taxonomy":"folder","embeddable":true,"href":"https:\/\/www.arcossrl.com\/pl\/wp-json\/wp\/v2\/folder?post=12137"}],"curies":[{"name":"wp","href":"https:\/\/api.w.org\/{rel}","templated":true}]}}