{"id":12732,"date":"2024-07-12T14:56:49","date_gmt":"2024-07-12T12:56:49","guid":{"rendered":"https:\/\/stage.arcossrl.com\/?page_id=12732"},"modified":"2025-07-21T13:27:02","modified_gmt":"2025-07-21T11:27:02","slug":"produits","status":"publish","type":"page","link":"https:\/\/www.arcossrl.com\/fr\/produits\/","title":{"rendered":"Produits"},"content":{"rendered":"<p>[vc_row full_width=\u00a0\u00bbstretch_row\u00a0\u00bb content_placement=\u00a0\u00bbmiddle\u00a0\u00bb el_class=\u00a0\u00bbbanner-section mt-top-header\u00a0\u00bb css=\u00a0\u00bb.vc_custom_1741171475413{background-image: url(https:\/\/www.arcossrl.com\/wp-content\/uploads\/2020\/09\/tecnologie.jpg?id=4104) !important;}\u00a0\u00bb][vc_column][vc_row_inner][vc_column_inner]<div class=\"ns-yoast-breadcrumbs ns-style-default ns-align-left\"><style>\n            .ns-yoast-breadcrumbs {\n                font-size: 14px;\n                color: #ffffff;\n                text-align: left;\n            }\n            .ns-yoast-breadcrumbs a {\n                color: #ffffff;\n                text-decoration: none;\n            }\n            .ns-yoast-breadcrumbs a:hover {\n                text-decoration: underline;\n            }\n            .ns-yoast-breadcrumbs .breadcrumb_last {\n                color: #ffffff;\n                font-weight: 600;\n            }\n            .ns-yoast-breadcrumbs .ns-breadcrumb-separator {\n                color: #ffffff;\n                margin: 0 5px;\n            }\n        <\/style><nav aria-label=\"Breadcrumb\" itemscope itemtype=\"https:\/\/schema.org\/BreadcrumbList\"><span><span><span itemprop=\"itemListElement\" itemscope itemtype=\"https:\/\/schema.org\/ListItem\">\n                        <a href=\"https:\/\/www.arcossrl.com\/fr\/\" itemprop=\"item\">\n                            <span itemprop=\"name\">ACCUEIL<\/span>\n                        <\/a>\n                        <meta itemprop=\"position\" content=\"1\" \/>\n                    <\/span><\/span><\/span<\/nav><\/div>[vc_column_text el_class=\u00a0\u00bbtitolo\u00a0\u00bb]<\/p>\n<h1>FINITION DE SURFACE ET<br \/>\n<strong>AUTOMATISATION INDUSTRIELLE<\/strong><\/h1>\n<p>[\/vc_column_text][\/vc_column_inner][\/vc_row_inner][\/vc_column][\/vc_row][vc_row full_width=\u00a0\u00bbstretch_row\u00a0\u00bb css=\u00a0\u00bb.vc_custom_1736766582927{background-color: #f7f7f7 !important;}\u00a0\u00bb el_class=\u00a0\u00bbproject-section bg-gray-lighter py-130&Prime;][vc_column css=\u00a0\u00bb.vc_custom_1597050916737{padding-top: 0px !important;}\u00a0\u00bb][vc_column_text el_class=\u00a0\u00bbtitolo-smaller text-primary mb-small text-center\u00a0\u00bb]Nos technologies[\/vc_column_text][vc_custom_heading text=\u00a0\u00bbTechnologies pour la finition des surfaces\u00a0\u00bb font_container=\u00a0\u00bbtag:h2|text_align:center\u00a0\u00bb use_theme_fonts=\u00a0\u00bbyes\u00a0\u00bb el_class=\u00a0\u00bbtitolo mb-large text-dark text-center\u00a0\u00bb][vc_row_inner css=\u00a0\u00bb.vc_custom_1736765247877{margin-bottom: 0px !important;}\u00a0\u00bb el_class=\u00a0\u00bbslider_tecnologia\u00a0\u00bb][vc_column_inner]<div class=\"thumbnail animateIn\" data-animate=\"no_animation\"><img decoding=\"async\" data-holder-rendered=\"true\" src=\"https:\/\/www.arcossrl.com\/wp-content\/uploads\/2020\/09\/isole-robotizzate.jpg?wsr\" data-src=\"https:\/\/www.arcossrl.com\/wp-content\/uploads\/2020\/09\/isole-robotizzate.jpg?wsr\" alt=\"SYST\u00c8MES ROBOTIS\u00c9S\"><div class=\"caption custom_content\"><h3 class=\"custom_content_title\">SYST\u00c8MES ROBOTIS\u00c9S<\/h3><p>\u00celots robotis\u00e9s pour une automatisation industrielle sur mesure et innovante.<\/p><p><a href=\"\/fr\/cellules-robotisees\/\" class=\"btn btn-custom-content\" role=\"button\">En savoir plus<\/a><\/p><\/div><\/div><div class=\"thumbnail animateIn\" data-animate=\"no_animation\"><img decoding=\"async\" data-holder-rendered=\"true\" src=\"https:\/\/www.arcossrl.com\/wp-content\/uploads\/2020\/09\/tavola-rotante.jpg?wsr\" data-src=\"https:\/\/www.arcossrl.com\/wp-content\/uploads\/2020\/09\/tavola-rotante.jpg?wsr\" alt=\"TABLES ROTATIVES CONTINUES\"><div class=\"caption custom_content\"><h3 class=\"custom_content_title\">TABLES ROTATIVES CONTINUES<\/h3><p>Tables rotatives continues pour une automatisation pr\u00e9cise et performante.<\/p><p><a href=\"\/fr\/machines-a-table-rotative\/\" class=\"btn btn-custom-content\" role=\"button\">En savoir plus<\/a><\/p><\/div><\/div><div class=\"thumbnail animateIn\" data-animate=\"no_animation\"><img decoding=\"async\" data-holder-rendered=\"true\" src=\"https:\/\/www.arcossrl.com\/wp-content\/uploads\/2020\/09\/tavola-a-scatti.jpg?wsr\" data-src=\"https:\/\/www.arcossrl.com\/wp-content\/uploads\/2020\/09\/tavola-a-scatti.jpg?wsr\" alt=\"TABLES ROTATIVES INDEX\u00c9ES CNC\"><div class=\"caption custom_content\"><h3 class=\"custom_content_title\">TABLES ROTATIVES INDEX\u00c9ES CNC<\/h3><p>Tables rotatives \u00e0 cames et CNC pour une automatisation pr\u00e9cise.<\/p><p><a href=\"\/fr\/tables-rotatives-et-indexeurs-cnc\/\" class=\"btn btn-custom-content\" role=\"button\">En savoir plus<\/a><\/p><\/div><\/div><div class=\"thumbnail animateIn\" data-animate=\"no_animation\"><img decoding=\"async\" data-holder-rendered=\"true\" src=\"https:\/\/www.arcossrl.com\/wp-content\/uploads\/2020\/09\/MACCHINA-MANUALE-NUOVA.jpg?wsr\" data-src=\"https:\/\/www.arcossrl.com\/wp-content\/uploads\/2020\/09\/MACCHINA-MANUALE-NUOVA.jpg?wsr\" alt=\"MACHINES MANUELLES\"><div class=\"caption custom_content\"><h3 class=\"custom_content_title\">MACHINES MANUELLES<\/h3><p>Machines manuelles polyvalentes pour les op\u00e9rations d'assemblage et de contr\u00f4le.<\/p><p><a href=\"\/fr\/machines-de-meulage-et-de-polissage-manuelles\/\" class=\"btn btn-custom-content\" role=\"button\">En savoir plus<\/a><\/p><\/div><\/div><div class=\"thumbnail animateIn\" data-animate=\"no_animation\"><img decoding=\"async\" data-holder-rendered=\"true\" src=\"https:\/\/www.arcossrl.com\/wp-content\/uploads\/2020\/09\/macchine-centerless.jpg?wsr\" data-src=\"https:\/\/www.arcossrl.com\/wp-content\/uploads\/2020\/09\/macchine-centerless.jpg?wsr\" alt=\"MACHINES SANS CENTRE\"><div class=\"caption custom_content\"><h3 class=\"custom_content_title\">MACHINES SANS CENTRE<\/h3><p>Machines centerless pour le meulage pr\u00e9cis et automatique de composants.<\/p><p><a href=\"\/fr\/machines-automatiques-a-rectifier-sans-centre\/\" class=\"btn btn-custom-content\" role=\"button\">En savoir plus<\/a><\/p><\/div><\/div><div class=\"thumbnail animateIn\" data-animate=\"no_animation\"><img decoding=\"async\" data-holder-rendered=\"true\" src=\"https:\/\/www.arcossrl.com\/wp-content\/uploads\/2020\/09\/macchine-in-piano.jpg?wsr\" data-src=\"https:\/\/www.arcossrl.com\/wp-content\/uploads\/2020\/09\/macchine-in-piano.jpg?wsr\" alt=\"MACHINES \u00c0 SURFACE PLATE\"><div class=\"caption custom_content\"><h3 class=\"custom_content_title\">MACHINES \u00c0 SURFACE PLATE<\/h3><p>Machines planes pour des assemblages automatiques flexibles et personnalis\u00e9s.<\/p><p><a href=\"\/fr\/machines-a-surface-plate\/\" class=\"btn btn-custom-content\" role=\"button\">En savoir plus<\/a><\/p><\/div><\/div>[\/vc_column_inner][\/vc_row_inner][\/vc_column][\/vc_row][vc_row full_width=\u00a0\u00bbstretch_row\u00a0\u00bb el_class=\u00a0\u00bbpb-30 bg-picture\u00a0\u00bb css=\u00a0\u00bb.vc_custom_1741080535100{background-image: url(https:\/\/www.arcossrl.com\/wp-content\/uploads\/2020\/09\/W327-70-scaled.jpg?id=4496) !important;}\u00a0\u00bb][vc_column el_class=\u00a0\u00bbpy-large\u00a0\u00bb][vc_column_text el_class=\u00a0\u00bblead-text\u00a0\u00bb]L\u2019extr\u00eame simplicit\u00e9 d\u2019utilisation et la <i>polyvalence des syst\u00e8mes Arcos<\/i> font de nos solutions la meilleure r\u00e9ponse \u00e0 tout probl\u00e8me de finition. Tout cela est combin\u00e9 avec l&rsquo;<i>exp\u00e9rience dans les processus de finition<\/i> depuis 1965.[\/vc_column_text][vc_btn title=\u00a0\u00bbContactez-nous\u00a0\u00bb style=\u00a0\u00bbclassic\u00a0\u00bb el_class=\u00a0\u00bbbtn mt-40&Prime; link=\u00a0\u00bburl:%23contattaci|\u00a0\u00bb][\/vc_column][\/vc_row][vc_row equal_height=\u00a0\u00bbyes\u00a0\u00bb el_class=\u00a0\u00bbpy-130&Prime;][vc_column offset=\u00a0\u00bbvc_col-lg-4 vc_col-md-12 vc_col-xs-12&Prime; el_class=\u00a0\u00bbmb-sm\u00a0\u00bb][vc_column_text el_class=\u00a0\u00bbtitolo-smaller text-primary mb-small\u00a0\u00bb]Optimiser les processus de production[\/vc_column_text][vc_custom_heading text=\u00a0\u00bbSyst\u00e8mes d&rsquo;automatisation Arcos\u00a0\u00bb use_theme_fonts=\u00a0\u00bbyes\u00a0\u00bb el_class=\u00a0\u00bbtitolo text-dark\u00a0\u00bb][vc_btn title=\u00a0\u00bbContactez-nous\u00a0\u00bb style=\u00a0\u00bbclassic\u00a0\u00bb el_class=\u00a0\u00bbbtn mt-40&Prime; link=\u00a0\u00bburl:%23contattaci|||\u00a0\u00bb][\/vc_column][vc_column offset=\u00a0\u00bbvc_col-lg-8 vc_col-md-12 vc_col-xs-12&Prime;][vc_row_inner el_class=\u00a0\u00bbblock-content-wrapper\u00a0\u00bb][vc_column_inner]<a href=\"\" class=\"mt_thumbnails_custom_content_link card\"><div class=\"mt_thumbnails_custom_content_link_content\" data-animate=\"fadeInUp\" style=\"text-align:left\"><img decoding=\"async\" data-holder-rendered=\"true\" src=\"https:\/\/www.arcossrl.com\/wp-content\/uploads\/2025\/05\/ico-automazione.svg?wsr\" data-src=\"https:\/\/www.arcossrl.com\/wp-content\/uploads\/2025\/05\/ico-automazione.svg?wsr\" alt=\"AUTOMATISATION INDUSTRIELLE\"><div class=\"caption\"><h3>AUTOMATISATION INDUSTRIELLE<\/h3><p>Syst\u00e8me d\u2019automatisation robotique pour l\u2019optimisation des processus industriels, r\u00e9duisant les d\u00e9chets et augmentant l\u2019efficacit\u00e9 de la production. R\u00e9duction ou \u00e9limination des vibrations des membres sup\u00e9rieurs.<\/p><a class=\"button\" href=\"\/fr\/systemes-dautomatisation-robotique\/#automazione-industriale\">En savoir plus<\/a><\/div><\/div><\/a><a href=\"\" class=\"mt_thumbnails_custom_content_link card\"><div class=\"mt_thumbnails_custom_content_link_content\" data-animate=\"fadeInUp\" style=\"text-align:left\"><img decoding=\"async\" data-holder-rendered=\"true\" src=\"https:\/\/www.arcossrl.com\/wp-content\/uploads\/2025\/05\/ico-laser.svg?wsr\" data-src=\"https:\/\/www.arcossrl.com\/wp-content\/uploads\/2025\/05\/ico-laser.svg?wsr\" alt=\"GRAVURE ET MARQUAGE LASER\"><div class=\"caption\"><h3>GRAVURE ET MARQUAGE LASER<\/h3><p>Gravure automatis\u00e9e et robotis\u00e9e et marquage laser adaptable \u00e0 des surfaces complexes.<\/p><a class=\"button\" href=\"\/fr\/systemes-dautomatisation-robotique\/#incisioni\">En savoir plus<\/a><\/div><\/div><\/a><a href=\"\" class=\"mt_thumbnails_custom_content_link card\"><div class=\"mt_thumbnails_custom_content_link_content\" data-animate=\"fadeInUp\" style=\"text-align:left\"><img decoding=\"async\" data-holder-rendered=\"true\" src=\"https:\/\/www.arcossrl.com\/wp-content\/uploads\/2025\/05\/ico-asservimenti.svg?wsr\" data-src=\"https:\/\/www.arcossrl.com\/wp-content\/uploads\/2025\/05\/ico-asservimenti.svg?wsr\" alt=\"ALIMENTATION DES MACHINES\"><div class=\"caption\"><h3>ALIMENTATION DES MACHINES<\/h3><p>Alimentation robotis\u00e9e des machines CNC, des centres de travail, des presses et bien plus encore. Chargement-d\u00e9chargement de pi\u00e8ces, \u00e9chantillonnage de moulage par soufflage, v\u00e9rification du traitement.<\/p><a class=\"button\" href=\"\/fr\/systemes-dautomatisation-robotique\/#asservimenti\">En savoir plus<\/a><\/div><\/div><\/a><a href=\"\" class=\"mt_thumbnails_custom_content_link card\"><div class=\"mt_thumbnails_custom_content_link_content\" data-animate=\"fadeInUp\" style=\"text-align:left\"><img decoding=\"async\" data-holder-rendered=\"true\" src=\"https:\/\/www.arcossrl.com\/wp-content\/uploads\/2025\/05\/ico-robodrill.svg?wsr\" data-src=\"https:\/\/www.arcossrl.com\/wp-content\/uploads\/2025\/05\/ico-robodrill.svg?wsr\" alt=\"APPLICATIONS AVEC ROBODRILL\"><div class=\"caption\"><h3>APPLICATIONS AVEC ROBODRILL<\/h3><p>Int\u00e9gration de centre de travail Fanuc Robodrill, application avec vision 2D\/3D, soumission sur mesure<\/p><a class=\"button\" href=\"\/fr\/systemes-dautomatisation-robotique\/#robodrill\">En savoir plus<\/a><\/div><\/div><\/a>[\/vc_column_inner][\/vc_row_inner][\/vc_column][\/vc_row][vc_row full_width=\u00a0\u00bbstretch_row_content\u00a0\u00bb css=\u00a0\u00bb.vc_custom_1741081384949{background-color: #969494 !important;}\u00a0\u00bb el_class=\u00a0\u00bbhome-form-wrapper inv\u00a0\u00bb el_id=\u00a0\u00bbcontattaci\u00a0\u00bb][vc_column][vc_column_text el_class=\u00a0\u00bbtitolo-smaller text-primary mb-small\u00a0\u00bb]Contactez-nous[\/vc_column_text][vc_custom_heading text=\u00a0\u00bbDemandez un accompagnement pour votre projet\u00a0\u00bb use_theme_fonts=\u00a0\u00bbyes\u00a0\u00bb el_class=\u00a0\u00bbtitolo text-dark\u00a0\u00bb]\n<div class=\"wpcf7 no-js\" id=\"wpcf7-f12783-o1\" lang=\"en-US\" dir=\"ltr\" data-wpcf7-id=\"12783\">\n<div class=\"screen-reader-response\"><p role=\"status\" aria-live=\"polite\" aria-atomic=\"true\"><\/p> <ul><\/ul><\/div>\n<form action=\"\/fr\/wp-json\/wp\/v2\/pages\/12732#wpcf7-f12783-o1\" method=\"post\" class=\"wpcf7-form init\" aria-label=\"Contact form\" novalidate=\"novalidate\" data-status=\"init\">\n<fieldset class=\"hidden-fields-container\"><input type=\"hidden\" name=\"_wpcf7\" value=\"12783\" \/><input type=\"hidden\" name=\"_wpcf7_version\" value=\"6.1.4\" \/><input type=\"hidden\" name=\"_wpcf7_locale\" value=\"en_US\" \/><input type=\"hidden\" name=\"_wpcf7_unit_tag\" value=\"wpcf7-f12783-o1\" \/><input type=\"hidden\" name=\"_wpcf7_container_post\" value=\"0\" \/><input type=\"hidden\" name=\"_wpcf7_posted_data_hash\" value=\"\" \/>\n<\/fieldset>\n<div class=\"form-wrapper\">\n\t<p class=\"form-name\"><br \/>\n<span class=\"wpcf7-form-control-wrap\" data-name=\"your-name\"><input size=\"40\" maxlength=\"400\" class=\"wpcf7-form-control wpcf7-text wpcf7-validates-as-required\" aria-required=\"true\" aria-invalid=\"false\" placeholder=\"Pr\u00e9nom\" value=\"\" type=\"text\" name=\"your-name\" \/><\/span>\n\t<\/p>\n\t<p class=\"form-cognome\"><br \/>\n<span class=\"wpcf7-form-control-wrap\" data-name=\"your-cognome\"><input size=\"40\" maxlength=\"400\" class=\"wpcf7-form-control wpcf7-text wpcf7-validates-as-required\" aria-required=\"true\" aria-invalid=\"false\" placeholder=\"Nom de famille\" value=\"\" type=\"text\" name=\"your-cognome\" \/><\/span>\n\t<\/p>\n\t<p class=\"form-azienda\"><br \/>\n<span class=\"wpcf7-form-control-wrap\" data-name=\"your-azienda\"><input size=\"40\" maxlength=\"400\" class=\"wpcf7-form-control wpcf7-text wpcf7-validates-as-required\" aria-required=\"true\" aria-invalid=\"false\" placeholder=\"Entreprise\" value=\"\" type=\"text\" name=\"your-azienda\" \/><\/span>\n\t<\/p>\n\t<p class=\"form-city\"><br \/>\n<span class=\"wpcf7-form-control-wrap\" data-name=\"your-city\"><input size=\"40\" maxlength=\"400\" class=\"wpcf7-form-control wpcf7-text wpcf7-validates-as-required\" aria-required=\"true\" aria-invalid=\"false\" placeholder=\"Ville\" value=\"\" type=\"text\" name=\"your-city\" \/><\/span>\n\t<\/p>\n\t<p class=\"form-email\"><br \/>\n<span class=\"wpcf7-form-control-wrap\" data-name=\"your-email\"><input size=\"40\" maxlength=\"400\" class=\"wpcf7-form-control wpcf7-email wpcf7-validates-as-required wpcf7-text wpcf7-validates-as-email\" aria-required=\"true\" aria-invalid=\"false\" placeholder=\"Email\" value=\"\" type=\"email\" name=\"your-email\" \/><\/span>\n\t<\/p>\n\t<p class=\"form-phone\"><br \/>\n<span class=\"wpcf7-form-control-wrap\" data-name=\"number-telefono\"><input size=\"40\" maxlength=\"400\" class=\"wpcf7-form-control wpcf7-text wpcf7-validates-as-required\" aria-required=\"true\" aria-invalid=\"false\" placeholder=\"T\u00e9l\u00e9phone\" value=\"\" type=\"text\" name=\"number-telefono\" \/><\/span>\n\t<\/p>\n\t<p class=\"form-msg\"><span class=\"wpcf7-form-control-wrap\" data-name=\"your-messaggio\"><textarea cols=\"40\" rows=\"3\" maxlength=\"2000\" class=\"wpcf7-form-control wpcf7-textarea wpcf7-validates-as-required\" aria-required=\"true\" aria-invalid=\"false\" placeholder=\"Message\" name=\"your-messaggio\"><\/textarea><\/span>\n\t<\/p>\n\t<p class=\"form-gdpr\"><span class=\"wpcf7-form-control-wrap\" data-name=\"gdpr\"><span class=\"wpcf7-form-control wpcf7-acceptance\"><span class=\"wpcf7-list-item\"><label><input type=\"checkbox\" name=\"gdpr\" value=\"1\" id=\"gdpr\" aria-invalid=\"false\" \/><span class=\"wpcf7-list-item-label\">J'accepte le traitement de mes donn\u00e9es personnelles tel qu'indiqu\u00e9 dans le <a href=\"https:\/\/www.arcossrl.com\/cookie-policy-eu\/?cmplz_region_redirect=true\">Privacy Policy<\/a>.<\/span><\/label><\/span><\/span><\/span>\n\t<\/p>\n\t<p class=\"submit-btn\"><input class=\"wpcf7-form-control wpcf7-submit has-spinner\" type=\"submit\" value=\"ENVOYER\" \/>\n\t<\/p>\n<\/div><div class=\"wpcf7-response-output\" aria-hidden=\"true\"><\/div>\n<\/form>\n<\/div>\n[\/vc_column][\/vc_row]<\/p>\n","protected":false},"excerpt":{"rendered":"<p>[vc_row full_width=\u00a0\u00bbstretch_row\u00a0\u00bb content_placement=\u00a0\u00bbmiddle\u00a0\u00bb el_class=\u00a0\u00bbbanner-section mt-top-header\u00a0\u00bb css=\u00a0\u00bb.vc_custom_1741171475413{background-image: url(https:\/\/www.arcossrl.com...","protected":false},"author":1,"featured_media":0,"parent":0,"menu_order":10,"comment_status":"closed","ping_status":"closed","template":"","meta":{"_lmt_disableupdate":"no","_lmt_disable":"","footnotes":""},"folder":[],"class_list":["post-12732","page","type-page","status-publish","hentry"],"yoast_head":"<!-- This site is optimized with the Yoast SEO plugin v26.0 - https:\/\/yoast.com\/wordpress\/plugins\/seo\/ -->\n<title>Produits pour l&#039;automatisation robotique industrielle et la finition de surface<\/title>\n<meta name=\"description\" content=\"La polyvalence des technologies Arcos pour l&#039;automatisation industrielle et la finition de surface garantit des solutions efficaces pour am\u00e9liorer votre production. D\u00e9couvrez-les maintenant!\" \/>\n<meta name=\"robots\" content=\"index, follow, max-snippet:-1, max-image-preview:large, max-video-preview:-1\" \/>\n<link rel=\"canonical\" href=\"https:\/\/www.arcossrl.com\/fr\/produits\/\" \/>\n<meta property=\"og:locale\" content=\"fr_FR\" \/>\n<meta property=\"og:type\" content=\"article\" \/>\n<meta property=\"og:title\" content=\"Produits pour l&#039;automatisation robotique industrielle et la finition de surface\" \/>\n<meta property=\"og:description\" content=\"La polyvalence des technologies Arcos pour l&#039;automatisation industrielle et la finition de surface garantit des solutions efficaces pour am\u00e9liorer votre production. D\u00e9couvrez-les maintenant!\" \/>\n<meta property=\"og:url\" content=\"https:\/\/www.arcossrl.com\/fr\/produits\/\" \/>\n<meta property=\"og:site_name\" content=\"Arcos\" \/>\n<meta property=\"article:modified_time\" content=\"2025-07-21T11:27:02+00:00\" \/>\n<meta name=\"twitter:card\" content=\"summary_large_image\" \/>\n<meta name=\"twitter:label1\" content=\"Dur\u00e9e de lecture estim\u00e9e\" \/>\n\t<meta name=\"twitter:data1\" content=\"2 minutes\" \/>\n<script type=\"application\/ld+json\" class=\"yoast-schema-graph\">{\"@context\":\"https:\/\/schema.org\",\"@graph\":[{\"@type\":\"WebPage\",\"@id\":\"https:\/\/www.arcossrl.com\/fr\/produits\/\",\"url\":\"https:\/\/www.arcossrl.com\/fr\/produits\/\",\"name\":\"Produits pour l'automatisation robotique industrielle et la finition de surface\",\"isPartOf\":{\"@id\":\"https:\/\/www.arcossrl.com\/fr\/#website\"},\"datePublished\":\"2024-07-12T12:56:49+00:00\",\"dateModified\":\"2025-07-21T11:27:02+00:00\",\"description\":\"La polyvalence des technologies Arcos pour l'automatisation industrielle et la finition de surface garantit des solutions efficaces pour am\u00e9liorer votre production. D\u00e9couvrez-les maintenant!\",\"breadcrumb\":{\"@id\":\"https:\/\/www.arcossrl.com\/fr\/produits\/#breadcrumb\"},\"inLanguage\":\"fr-FR\",\"potentialAction\":[{\"@type\":\"ReadAction\",\"target\":[\"https:\/\/www.arcossrl.com\/fr\/produits\/\"]}]},{\"@type\":\"BreadcrumbList\",\"@id\":\"https:\/\/www.arcossrl.com\/fr\/produits\/#breadcrumb\",\"itemListElement\":[{\"@type\":\"ListItem\",\"position\":1,\"name\":\"1\",\"item\":\"https:\/\/www.arcossrl.com\/fr\/\"},{\"@type\":\"ListItem\",\"position\":2,\"name\":\"Produits\"}]},{\"@type\":\"WebSite\",\"@id\":\"https:\/\/www.arcossrl.com\/fr\/#website\",\"url\":\"https:\/\/www.arcossrl.com\/fr\/\",\"name\":\"Arcos\",\"description\":\"\",\"publisher\":{\"@id\":\"https:\/\/www.arcossrl.com\/fr\/#organization\"},\"potentialAction\":[{\"@type\":\"SearchAction\",\"target\":{\"@type\":\"EntryPoint\",\"urlTemplate\":\"https:\/\/www.arcossrl.com\/fr\/?s={search_term_string}\"},\"query-input\":{\"@type\":\"PropertyValueSpecification\",\"valueRequired\":true,\"valueName\":\"search_term_string\"}}],\"inLanguage\":\"fr-FR\"},{\"@type\":\"Organization\",\"@id\":\"https:\/\/www.arcossrl.com\/fr\/#organization\",\"name\":\"Arcos srl\",\"url\":\"https:\/\/www.arcossrl.com\/fr\/\",\"logo\":{\"@type\":\"ImageObject\",\"inLanguage\":\"fr-FR\",\"@id\":\"https:\/\/www.arcossrl.com\/fr\/#\/schema\/logo\/image\/\",\"url\":\"https:\/\/www.arcossrl.com\/wp-content\/uploads\/2022\/05\/arcos_logo-1.png\",\"contentUrl\":\"https:\/\/www.arcossrl.com\/wp-content\/uploads\/2022\/05\/arcos_logo-1.png\",\"width\":157,\"height\":112,\"caption\":\"Arcos srl\"},\"image\":{\"@id\":\"https:\/\/www.arcossrl.com\/fr\/#\/schema\/logo\/image\/\"}}]}<\/script>\n<!-- \/ Yoast SEO plugin. -->","yoast_head_json":{"title":"Produits pour l'automatisation robotique industrielle et la finition de surface","description":"La polyvalence des technologies Arcos pour l'automatisation industrielle et la finition de surface garantit des solutions efficaces pour am\u00e9liorer votre production. D\u00e9couvrez-les maintenant!","robots":{"index":"index","follow":"follow","max-snippet":"max-snippet:-1","max-image-preview":"max-image-preview:large","max-video-preview":"max-video-preview:-1"},"canonical":"https:\/\/www.arcossrl.com\/fr\/produits\/","og_locale":"fr_FR","og_type":"article","og_title":"Produits pour l'automatisation robotique industrielle et la finition de surface","og_description":"La polyvalence des technologies Arcos pour l'automatisation industrielle et la finition de surface garantit des solutions efficaces pour am\u00e9liorer votre production. D\u00e9couvrez-les maintenant!","og_url":"https:\/\/www.arcossrl.com\/fr\/produits\/","og_site_name":"Arcos","article_modified_time":"2025-07-21T11:27:02+00:00","twitter_card":"summary_large_image","twitter_misc":{"Dur\u00e9e de lecture estim\u00e9e":"2 minutes"},"schema":{"@context":"https:\/\/schema.org","@graph":[{"@type":"WebPage","@id":"https:\/\/www.arcossrl.com\/fr\/produits\/","url":"https:\/\/www.arcossrl.com\/fr\/produits\/","name":"Produits pour l'automatisation robotique industrielle et la finition de surface","isPartOf":{"@id":"https:\/\/www.arcossrl.com\/fr\/#website"},"datePublished":"2024-07-12T12:56:49+00:00","dateModified":"2025-07-21T11:27:02+00:00","description":"La polyvalence des technologies Arcos pour l'automatisation industrielle et la finition de surface garantit des solutions efficaces pour am\u00e9liorer votre production. D\u00e9couvrez-les maintenant!","breadcrumb":{"@id":"https:\/\/www.arcossrl.com\/fr\/produits\/#breadcrumb"},"inLanguage":"fr-FR","potentialAction":[{"@type":"ReadAction","target":["https:\/\/www.arcossrl.com\/fr\/produits\/"]}]},{"@type":"BreadcrumbList","@id":"https:\/\/www.arcossrl.com\/fr\/produits\/#breadcrumb","itemListElement":[{"@type":"ListItem","position":1,"name":"1","item":"https:\/\/www.arcossrl.com\/fr\/"},{"@type":"ListItem","position":2,"name":"Produits"}]},{"@type":"WebSite","@id":"https:\/\/www.arcossrl.com\/fr\/#website","url":"https:\/\/www.arcossrl.com\/fr\/","name":"Arcos","description":"","publisher":{"@id":"https:\/\/www.arcossrl.com\/fr\/#organization"},"potentialAction":[{"@type":"SearchAction","target":{"@type":"EntryPoint","urlTemplate":"https:\/\/www.arcossrl.com\/fr\/?s={search_term_string}"},"query-input":{"@type":"PropertyValueSpecification","valueRequired":true,"valueName":"search_term_string"}}],"inLanguage":"fr-FR"},{"@type":"Organization","@id":"https:\/\/www.arcossrl.com\/fr\/#organization","name":"Arcos srl","url":"https:\/\/www.arcossrl.com\/fr\/","logo":{"@type":"ImageObject","inLanguage":"fr-FR","@id":"https:\/\/www.arcossrl.com\/fr\/#\/schema\/logo\/image\/","url":"https:\/\/www.arcossrl.com\/wp-content\/uploads\/2022\/05\/arcos_logo-1.png","contentUrl":"https:\/\/www.arcossrl.com\/wp-content\/uploads\/2022\/05\/arcos_logo-1.png","width":157,"height":112,"caption":"Arcos srl"},"image":{"@id":"https:\/\/www.arcossrl.com\/fr\/#\/schema\/logo\/image\/"}}]}},"_links":{"self":[{"href":"https:\/\/www.arcossrl.com\/fr\/wp-json\/wp\/v2\/pages\/12732","targetHints":{"allow":["GET"]}}],"collection":[{"href":"https:\/\/www.arcossrl.com\/fr\/wp-json\/wp\/v2\/pages"}],"about":[{"href":"https:\/\/www.arcossrl.com\/fr\/wp-json\/wp\/v2\/types\/page"}],"author":[{"embeddable":true,"href":"https:\/\/www.arcossrl.com\/fr\/wp-json\/wp\/v2\/users\/1"}],"replies":[{"embeddable":true,"href":"https:\/\/www.arcossrl.com\/fr\/wp-json\/wp\/v2\/comments?post=12732"}],"version-history":[{"count":10,"href":"https:\/\/www.arcossrl.com\/fr\/wp-json\/wp\/v2\/pages\/12732\/revisions"}],"predecessor-version":[{"id":15662,"href":"https:\/\/www.arcossrl.com\/fr\/wp-json\/wp\/v2\/pages\/12732\/revisions\/15662"}],"wp:attachment":[{"href":"https:\/\/www.arcossrl.com\/fr\/wp-json\/wp\/v2\/media?parent=12732"}],"wp:term":[{"taxonomy":"folder","embeddable":true,"href":"https:\/\/www.arcossrl.com\/fr\/wp-json\/wp\/v2\/folder?post=12732"}],"curies":[{"name":"wp","href":"https:\/\/api.w.org\/{rel}","templated":true}]}}