{"id":12720,"date":"2024-07-12T13:06:45","date_gmt":"2024-07-12T11:06:45","guid":{"rendered":"https:\/\/stage.arcossrl.com\/?page_id=12720"},"modified":"2025-07-21T13:20:46","modified_gmt":"2025-07-21T11:20:46","slug":"machines-de-finition-de-surface","status":"publish","type":"page","link":"https:\/\/www.arcossrl.com\/fr\/machines-de-finition-de-surface\/","title":{"rendered":"Machines de finition de surface"},"content":{"rendered":"<p>[vc_row full_width=\u00a0\u00bbstretch_row\u00a0\u00bb content_placement=\u00a0\u00bbmiddle\u00a0\u00bb el_class=\u00a0\u00bbbanner-section mt-top-header\u00a0\u00bb css=\u00a0\u00bb.vc_custom_1741170822575{background-image: url(https:\/\/www.arcossrl.com\/wp-content\/uploads\/2020\/09\/5.jpeg?id=4669) !important;}\u00a0\u00bb][vc_column][vc_row_inner][vc_column_inner]<div class=\"ns-yoast-breadcrumbs ns-style-default ns-align-left\"><style>\n            .ns-yoast-breadcrumbs {\n                font-size: 14px;\n                color: #ffffff;\n                text-align: left;\n            }\n            .ns-yoast-breadcrumbs a {\n                color: #ffffff;\n                text-decoration: none;\n            }\n            .ns-yoast-breadcrumbs a:hover {\n                text-decoration: underline;\n            }\n            .ns-yoast-breadcrumbs .breadcrumb_last {\n                color: #ffffff;\n                font-weight: 600;\n            }\n            .ns-yoast-breadcrumbs .ns-breadcrumb-separator {\n                color: #ffffff;\n                margin: 0 5px;\n            }\n        <\/style><nav aria-label=\"Breadcrumb\" itemscope itemtype=\"https:\/\/schema.org\/BreadcrumbList\"><span><span><span itemprop=\"itemListElement\" itemscope itemtype=\"https:\/\/schema.org\/ListItem\">\n                        <a href=\"https:\/\/www.arcossrl.com\/fr\/\" itemprop=\"item\">\n                            <span itemprop=\"name\">ACCUEIL<\/span>\n                        <\/a>\n                        <meta itemprop=\"position\" content=\"1\" \/>\n                    <\/span><\/span><\/span<\/nav><\/div>[vc_column_text el_class=\u00a0\u00bbtitolo\u00a0\u00bb]<\/p>\n<h1>MACHINES, SYST\u00c8MES ET ROBOTS POUR LA FINITION DES<br \/>\n<strong>M\u00c9TAUX ET DES SURFACES<\/strong><\/h1>\n<p>[\/vc_column_text][vc_btn title=\u00a0\u00bbScopri di pi\u00f9\u00a0\u00bb style=\u00a0\u00bbclassic\u00a0\u00bb el_class=\u00a0\u00bbbtn mt-40 hidden\u00a0\u00bb link=\u00a0\u00bburl:%23main|\u00a0\u00bb][\/vc_column_inner][\/vc_row_inner][\/vc_column][\/vc_row][vc_row el_id=\u00a0\u00bbintro\u00a0\u00bb el_class=\u00a0\u00bbpt-large pb-60&Prime;][vc_column css=\u00a0\u00bb.vc_custom_1739875260065{padding-top: 0px !important;}\u00a0\u00bb][vc_column_text el_class=\u00a0\u00bbtitolo-smaller text-primary hidden\u00a0\u00bb]Cos&rsquo;\u00e8[\/vc_column_text][vc_custom_heading source=\u00a0\u00bbpost_title\u00a0\u00bb use_theme_fonts=\u00a0\u00bbyes\u00a0\u00bb el_class=\u00a0\u00bbtitolo mt-30 mb-40&Prime;][vc_column_text el_class=\u00a0\u00bbmacchina-list-wrapper red-icon\u00a0\u00bb]Depuis 1965, Arcos s\u2019est sp\u00e9cialis\u00e9 dans la production des machines manuelles ARCOS, devenant ainsi un\u00a0<strong>leader dans le domaine<\/strong>\u00a0de la\u00a0<strong>finition des surfaces<\/strong>. Cette longue exp\u00e9rience a permis \u00e0 ARCOS de d\u00e9velopper de grandes comp\u00e9tences dans tous les processus de finition, avec une attention particuli\u00e8re pour<strong>\u00a0les processus de polissage, de rectification, de satinage et d\u2019\u00e9bavurage.<\/strong><\/p>\n<p>Le besoin continu d\u2019optimiser les processus et de r\u00e9duire les temps de cycle a permis \u00e0 ARCOS de fournir l\u2019effort pour le d\u00e9veloppement technologique de ses machines automatiques, qui a atteint son apog\u00e9e avec l\u2019av\u00e8nement de la robotique. Forte d\u2019une tr\u00e8s longue exp\u00e9rience en tant qu\u2019int\u00e9grateur de robots, Arcos est aujourd\u2019hui leader mondial dans la production de\u00a0<strong>syst\u00e8mes robotis\u00e9s et de machines automatiques pour le polissage, l\u2019\u00e9bavurage, le satinage et bien d\u2019autres applications.<\/strong>[\/vc_column_text][vc_empty_space height=\u00a0\u00bb50px\u00a0\u00bb][vc_column_text]<\/p>\n<div class=\"wpb_text_column wpb_content_element \">\n<div class=\"wpb_wrapper\">\n<p><em>Les caract\u00e9ristiques distinctives des installations Arcos sont:<\/em><\/p>\n<\/div>\n<\/div>\n<p>[\/vc_column_text][vc_column_text el_class=\u00a0\u00bbmacchina-list-wrapper cross-icon ul&#8211;2col mt-sm left\u00a0\u00bb]<\/p>\n<ul>\n<li>Personnalisation<\/li>\n<li>Fiabilit\u00e9<\/li>\n<li>Flexibilit\u00e9<\/li>\n<li>Polyvalence<\/li>\n<\/ul>\n<p>[\/vc_column_text][\/vc_column][\/vc_row][vc_row full_width=\u00a0\u00bbstretch_row\u00a0\u00bb css=\u00a0\u00bb.vc_custom_1596783880251{background-color: #ffffff !important;}\u00a0\u00bb el_class=\u00a0\u00bbproject-section\u00a0\u00bb][vc_column css=\u00a0\u00bb.vc_custom_1597050916737{padding-top: 0px !important;}\u00a0\u00bb][vc_row_inner css=\u00a0\u00bb.vc_custom_1736765247877{margin-bottom: 0px !important;}\u00a0\u00bb el_class=\u00a0\u00bbslider_tecnologia\u00a0\u00bb][vc_column_inner]<div class=\"thumbnail animateIn\" data-animate=\"no_animation\"><img decoding=\"async\" data-holder-rendered=\"true\" src=\"https:\/\/www.arcossrl.com\/wp-content\/uploads\/2020\/09\/isole-robotizzate.jpg?wsr\" data-src=\"https:\/\/www.arcossrl.com\/wp-content\/uploads\/2020\/09\/isole-robotizzate.jpg?wsr\" alt=\"SYST\u00c8MES ROBOTIS\u00c9S\"><div class=\"caption custom_content\"><h3 class=\"custom_content_title\">SYST\u00c8MES ROBOTIS\u00c9S<\/h3><p>Cellules de travail robotis\u00e9es pour la finition des surfaces. Polissage, \u00e9bavurage et bien plus encore : Parfaites pour litt\u00e9ralement n'importe quel mat\u00e9riau. L'extr\u00eame simplicit\u00e9 d'utilisation et la polyvalence ont fait des syst\u00e8mes robotis\u00e9s la meilleure r\u00e9ponse \u00e0 tous les probl\u00e8mes de finition.<\/p><p><a href=\"\/fr\/cellules-robotisees\/\" class=\"btn btn-custom-content\" role=\"button\">En savoir plus<\/a><\/p><\/div><\/div><div class=\"thumbnail animateIn\" data-animate=\"no_animation\"><img decoding=\"async\" data-holder-rendered=\"true\" src=\"https:\/\/www.arcossrl.com\/wp-content\/uploads\/2020\/09\/tavola-rotante.jpg?wsr\" data-src=\"https:\/\/www.arcossrl.com\/wp-content\/uploads\/2020\/09\/tavola-rotante.jpg?wsr\" alt=\"TABLES ROTATIVES CONTINUES\"><div class=\"caption custom_content\"><h3 class=\"custom_content_title\">TABLES ROTATIVES CONTINUES<\/h3><p>Tables tournantes continues pour le polissage. Une solution id\u00e9ale pour la production de nombreuses pi\u00e8ces, avec des formes simples et sym\u00e9triques comme les rosaces, les cylindres, les boutons, les poign\u00e9es, etc.<\/p><p><a href=\"\/fr\/machines-a-table-rotative\/\" class=\"btn btn-custom-content\" role=\"button\">En savoir plus<\/a><\/p><\/div><\/div><div class=\"thumbnail animateIn\" data-animate=\"no_animation\"><img decoding=\"async\" data-holder-rendered=\"true\" src=\"https:\/\/www.arcossrl.com\/wp-content\/uploads\/2020\/09\/tavola-a-scatti.jpg?wsr\" data-src=\"https:\/\/www.arcossrl.com\/wp-content\/uploads\/2020\/09\/tavola-a-scatti.jpg?wsr\" alt=\"TABLES ROTATIVES INDEX\u00c9ES CNC\"><div class=\"caption custom_content\"><h3 class=\"custom_content_title\">TABLES ROTATIVES INDEX\u00c9ES CNC<\/h3><p>Table rotative et CNC pour le polissage. Machine id\u00e9ale pour les grandes quantit\u00e9s et pour le traitement de casseroles, d'ustensiles de cuisine, de boucles plates, de couvercles, etc. Avec l'introduction de la CNC, il est possible de combiner une productivit\u00e9 \u00e9lev\u00e9e m\u00eame avec des pi\u00e8ces moyennement complexes.<\/p><p><a href=\"\/fr\/tables-rotatives-et-indexeurs-cnc\/\" class=\"btn btn-custom-content\" role=\"button\">En savoir plus<\/a><\/p><\/div><\/div><div class=\"thumbnail animateIn\" data-animate=\"no_animation\"><img decoding=\"async\" data-holder-rendered=\"true\" src=\"https:\/\/www.arcossrl.com\/wp-content\/uploads\/2020\/09\/MACCHINA-MANUALE-NUOVA.jpg?wsr\" data-src=\"https:\/\/www.arcossrl.com\/wp-content\/uploads\/2020\/09\/MACCHINA-MANUALE-NUOVA.jpg?wsr\" alt=\"MACHINES MANUELLES\"><div class=\"caption custom_content\"><h3 class=\"custom_content_title\">MACHINES MANUELLES<\/h3><p>Machines manuelles Arcos pour le satinage des m\u00e9taux. Nettoyeuses, polisseuses et meuleuses manuelles \u00e0 deux vitesses avec ou sans inverseur, elles sont \u00e9quip\u00e9es de syst\u00e8mes de contr\u00f4le de s\u00e9curit\u00e9 complets.<\/p><p><a href=\"\/fr\/machines-de-meulage-et-de-polissage-manuelles\/\" class=\"btn btn-custom-content\" role=\"button\">En savoir plus<\/a><\/p><\/div><\/div><div class=\"thumbnail animateIn\" data-animate=\"no_animation\"><img decoding=\"async\" data-holder-rendered=\"true\" src=\"https:\/\/www.arcossrl.com\/wp-content\/uploads\/2020\/09\/macchine-centerless.jpg?wsr\" data-src=\"https:\/\/www.arcossrl.com\/wp-content\/uploads\/2020\/09\/macchine-centerless.jpg?wsr\" alt=\"MACHINES SANS CENTRE\"><div class=\"caption custom_content\"><h3 class=\"custom_content_title\">MACHINES SANS CENTRE<\/h3><p>Machines centerless pour le polissage et la rectification. Solutions id\u00e9ales pour la finition de surface des tubes ou des barres de section circulaire.<\/p><p><a href=\"\/fr\/machines-automatiques-a-rectifier-sans-centre\/\" class=\"btn btn-custom-content\" role=\"button\">En savoir plus<\/a><\/p><\/div><\/div><div class=\"thumbnail animateIn\" data-animate=\"no_animation\"><img decoding=\"async\" data-holder-rendered=\"true\" src=\"https:\/\/www.arcossrl.com\/wp-content\/uploads\/2020\/09\/macchine-in-piano.jpg?wsr\" data-src=\"https:\/\/www.arcossrl.com\/wp-content\/uploads\/2020\/09\/macchine-in-piano.jpg?wsr\" alt=\"MACHINES \u00c0 SURFACE PLATE\"><div class=\"caption custom_content\"><h3 class=\"custom_content_title\">MACHINES \u00c0 SURFACE PLATE<\/h3><p>Machines plates pour le polissage et le meulage. Solutions id\u00e9ales pour la finition de surface de dalles ou d'\u00e9l\u00e9ments plats de largeur et de longueur variables.<\/p><p><a href=\"\/fr\/machines-a-surface-plate\/\" class=\"btn btn-custom-content\" role=\"button\">En savoir plus<\/a><\/p><\/div><\/div>[\/vc_column_inner][\/vc_row_inner][\/vc_column][\/vc_row][vc_row full_width=\u00a0\u00bbstretch_row_content\u00a0\u00bb css=\u00a0\u00bb.vc_custom_1739965005433{background-color: #969494 !important;}\u00a0\u00bb el_class=\u00a0\u00bbhome-form-wrapper inv\u00a0\u00bb el_id=\u00a0\u00bbcontattaci\u00a0\u00bb][vc_column][vc_column_text el_class=\u00a0\u00bbtitolo-smaller text-primary mb-small\u00a0\u00bb]Contactez-nous[\/vc_column_text][vc_custom_heading text=\u00a0\u00bbDemandez un accompagnement pour votre projet\u00a0\u00bb use_theme_fonts=\u00a0\u00bbyes\u00a0\u00bb el_class=\u00a0\u00bbtitolo text-dark\u00a0\u00bb]\n<div class=\"wpcf7 no-js\" id=\"wpcf7-f12783-o1\" lang=\"en-US\" dir=\"ltr\" data-wpcf7-id=\"12783\">\n<div class=\"screen-reader-response\"><p role=\"status\" aria-live=\"polite\" aria-atomic=\"true\"><\/p> <ul><\/ul><\/div>\n<form action=\"\/fr\/wp-json\/wp\/v2\/pages\/12720#wpcf7-f12783-o1\" method=\"post\" class=\"wpcf7-form init\" aria-label=\"Contact form\" novalidate=\"novalidate\" data-status=\"init\">\n<fieldset class=\"hidden-fields-container\"><input type=\"hidden\" name=\"_wpcf7\" value=\"12783\" \/><input type=\"hidden\" name=\"_wpcf7_version\" value=\"6.1.4\" \/><input type=\"hidden\" name=\"_wpcf7_locale\" value=\"en_US\" \/><input type=\"hidden\" name=\"_wpcf7_unit_tag\" value=\"wpcf7-f12783-o1\" \/><input type=\"hidden\" name=\"_wpcf7_container_post\" value=\"0\" \/><input type=\"hidden\" name=\"_wpcf7_posted_data_hash\" value=\"\" \/>\n<\/fieldset>\n<div class=\"form-wrapper\">\n\t<p class=\"form-name\"><br \/>\n<span class=\"wpcf7-form-control-wrap\" data-name=\"your-name\"><input size=\"40\" maxlength=\"400\" class=\"wpcf7-form-control wpcf7-text wpcf7-validates-as-required\" aria-required=\"true\" aria-invalid=\"false\" placeholder=\"Pr\u00e9nom\" value=\"\" type=\"text\" name=\"your-name\" \/><\/span>\n\t<\/p>\n\t<p class=\"form-cognome\"><br \/>\n<span class=\"wpcf7-form-control-wrap\" data-name=\"your-cognome\"><input size=\"40\" maxlength=\"400\" class=\"wpcf7-form-control wpcf7-text wpcf7-validates-as-required\" aria-required=\"true\" aria-invalid=\"false\" placeholder=\"Nom de famille\" value=\"\" type=\"text\" name=\"your-cognome\" \/><\/span>\n\t<\/p>\n\t<p class=\"form-azienda\"><br \/>\n<span class=\"wpcf7-form-control-wrap\" data-name=\"your-azienda\"><input size=\"40\" maxlength=\"400\" class=\"wpcf7-form-control wpcf7-text wpcf7-validates-as-required\" aria-required=\"true\" aria-invalid=\"false\" placeholder=\"Entreprise\" value=\"\" type=\"text\" name=\"your-azienda\" \/><\/span>\n\t<\/p>\n\t<p class=\"form-city\"><br \/>\n<span class=\"wpcf7-form-control-wrap\" data-name=\"your-city\"><input size=\"40\" maxlength=\"400\" class=\"wpcf7-form-control wpcf7-text wpcf7-validates-as-required\" aria-required=\"true\" aria-invalid=\"false\" placeholder=\"Ville\" value=\"\" type=\"text\" name=\"your-city\" \/><\/span>\n\t<\/p>\n\t<p class=\"form-email\"><br \/>\n<span class=\"wpcf7-form-control-wrap\" data-name=\"your-email\"><input size=\"40\" maxlength=\"400\" class=\"wpcf7-form-control wpcf7-email wpcf7-validates-as-required wpcf7-text wpcf7-validates-as-email\" aria-required=\"true\" aria-invalid=\"false\" placeholder=\"Email\" value=\"\" type=\"email\" name=\"your-email\" \/><\/span>\n\t<\/p>\n\t<p class=\"form-phone\"><br \/>\n<span class=\"wpcf7-form-control-wrap\" data-name=\"number-telefono\"><input size=\"40\" maxlength=\"400\" class=\"wpcf7-form-control wpcf7-text wpcf7-validates-as-required\" aria-required=\"true\" aria-invalid=\"false\" placeholder=\"T\u00e9l\u00e9phone\" value=\"\" type=\"text\" name=\"number-telefono\" \/><\/span>\n\t<\/p>\n\t<p class=\"form-msg\"><span class=\"wpcf7-form-control-wrap\" data-name=\"your-messaggio\"><textarea cols=\"40\" rows=\"3\" maxlength=\"2000\" class=\"wpcf7-form-control wpcf7-textarea wpcf7-validates-as-required\" aria-required=\"true\" aria-invalid=\"false\" placeholder=\"Message\" name=\"your-messaggio\"><\/textarea><\/span>\n\t<\/p>\n\t<p class=\"form-gdpr\"><span class=\"wpcf7-form-control-wrap\" data-name=\"gdpr\"><span class=\"wpcf7-form-control wpcf7-acceptance\"><span class=\"wpcf7-list-item\"><label><input type=\"checkbox\" name=\"gdpr\" value=\"1\" id=\"gdpr\" aria-invalid=\"false\" \/><span class=\"wpcf7-list-item-label\">J'accepte le traitement de mes donn\u00e9es personnelles tel qu'indiqu\u00e9 dans le <a href=\"https:\/\/www.arcossrl.com\/cookie-policy-eu\/?cmplz_region_redirect=true\">Privacy Policy<\/a>.<\/span><\/label><\/span><\/span><\/span>\n\t<\/p>\n\t<p class=\"submit-btn\"><input class=\"wpcf7-form-control wpcf7-submit has-spinner\" type=\"submit\" value=\"ENVOYER\" \/>\n\t<\/p>\n<\/div><div class=\"wpcf7-response-output\" aria-hidden=\"true\"><\/div>\n<\/form>\n<\/div>\n[\/vc_column][\/vc_row]<\/p>\n","protected":false},"excerpt":{"rendered":"<p>[vc_row full_width=\u00a0\u00bbstretch_row\u00a0\u00bb content_placement=\u00a0\u00bbmiddle\u00a0\u00bb el_class=\u00a0\u00bbbanner-section mt-top-header\u00a0\u00bb css=\u00a0\u00bb.vc_custom_1741170822575{background-image: url(https:\/\/www.arcossrl.com...","protected":false},"author":1,"featured_media":0,"parent":0,"menu_order":11,"comment_status":"closed","ping_status":"closed","template":"","meta":{"_lmt_disableupdate":"no","_lmt_disable":"","footnotes":""},"folder":[],"class_list":["post-12720","page","type-page","status-publish","hentry"],"yoast_head":"<!-- This site is optimized with the Yoast SEO plugin v26.0 - https:\/\/yoast.com\/wordpress\/plugins\/seo\/ -->\n<title>Machines, syst\u00e8mes et robots pour la finition des m\u00e9taux et des surfaces - Arcos<\/title>\n<meta name=\"description\" content=\"Depuis 1965, Arcos con\u00e7oit et fabrique des machines de finition des m\u00e9taux et des surfaces. Des syst\u00e8mes robotis\u00e9s pour la finition, le polissage, le d\u00e9polissage et bien plus encore.\" \/>\n<meta name=\"robots\" content=\"index, follow, max-snippet:-1, max-image-preview:large, max-video-preview:-1\" \/>\n<link rel=\"canonical\" href=\"https:\/\/www.arcossrl.com\/fr\/machines-de-finition-de-surface\/\" \/>\n<meta property=\"og:locale\" content=\"fr_FR\" \/>\n<meta property=\"og:type\" content=\"article\" \/>\n<meta property=\"og:title\" content=\"Machines, syst\u00e8mes et robots pour la finition des m\u00e9taux et des surfaces - Arcos\" \/>\n<meta property=\"og:description\" content=\"Depuis 1965, Arcos con\u00e7oit et fabrique des machines de finition des m\u00e9taux et des surfaces. Des syst\u00e8mes robotis\u00e9s pour la finition, le polissage, le d\u00e9polissage et bien plus encore.\" \/>\n<meta property=\"og:url\" content=\"https:\/\/www.arcossrl.com\/fr\/machines-de-finition-de-surface\/\" \/>\n<meta property=\"og:site_name\" content=\"Arcos\" \/>\n<meta property=\"article:modified_time\" content=\"2025-07-21T11:20:46+00:00\" \/>\n<meta name=\"twitter:card\" content=\"summary_large_image\" \/>\n<meta name=\"twitter:label1\" content=\"Dur\u00e9e de lecture estim\u00e9e\" \/>\n\t<meta name=\"twitter:data1\" content=\"3 minutes\" \/>\n<script type=\"application\/ld+json\" class=\"yoast-schema-graph\">{\"@context\":\"https:\/\/schema.org\",\"@graph\":[{\"@type\":\"WebPage\",\"@id\":\"https:\/\/www.arcossrl.com\/fr\/machines-de-finition-de-surface\/\",\"url\":\"https:\/\/www.arcossrl.com\/fr\/machines-de-finition-de-surface\/\",\"name\":\"Machines, syst\u00e8mes et robots pour la finition des m\u00e9taux et des surfaces - Arcos\",\"isPartOf\":{\"@id\":\"https:\/\/www.arcossrl.com\/fr\/#website\"},\"datePublished\":\"2024-07-12T11:06:45+00:00\",\"dateModified\":\"2025-07-21T11:20:46+00:00\",\"description\":\"Depuis 1965, Arcos con\u00e7oit et fabrique des machines de finition des m\u00e9taux et des surfaces. Des syst\u00e8mes robotis\u00e9s pour la finition, le polissage, le d\u00e9polissage et bien plus encore.\",\"breadcrumb\":{\"@id\":\"https:\/\/www.arcossrl.com\/fr\/machines-de-finition-de-surface\/#breadcrumb\"},\"inLanguage\":\"fr-FR\",\"potentialAction\":[{\"@type\":\"ReadAction\",\"target\":[\"https:\/\/www.arcossrl.com\/fr\/machines-de-finition-de-surface\/\"]}]},{\"@type\":\"BreadcrumbList\",\"@id\":\"https:\/\/www.arcossrl.com\/fr\/machines-de-finition-de-surface\/#breadcrumb\",\"itemListElement\":[{\"@type\":\"ListItem\",\"position\":1,\"name\":\"1\",\"item\":\"https:\/\/www.arcossrl.com\/fr\/\"},{\"@type\":\"ListItem\",\"position\":2,\"name\":\"Machines de finition de surface\"}]},{\"@type\":\"WebSite\",\"@id\":\"https:\/\/www.arcossrl.com\/fr\/#website\",\"url\":\"https:\/\/www.arcossrl.com\/fr\/\",\"name\":\"Arcos\",\"description\":\"\",\"publisher\":{\"@id\":\"https:\/\/www.arcossrl.com\/fr\/#organization\"},\"potentialAction\":[{\"@type\":\"SearchAction\",\"target\":{\"@type\":\"EntryPoint\",\"urlTemplate\":\"https:\/\/www.arcossrl.com\/fr\/?s={search_term_string}\"},\"query-input\":{\"@type\":\"PropertyValueSpecification\",\"valueRequired\":true,\"valueName\":\"search_term_string\"}}],\"inLanguage\":\"fr-FR\"},{\"@type\":\"Organization\",\"@id\":\"https:\/\/www.arcossrl.com\/fr\/#organization\",\"name\":\"Arcos srl\",\"url\":\"https:\/\/www.arcossrl.com\/fr\/\",\"logo\":{\"@type\":\"ImageObject\",\"inLanguage\":\"fr-FR\",\"@id\":\"https:\/\/www.arcossrl.com\/fr\/#\/schema\/logo\/image\/\",\"url\":\"https:\/\/www.arcossrl.com\/wp-content\/uploads\/2022\/05\/arcos_logo-1.png\",\"contentUrl\":\"https:\/\/www.arcossrl.com\/wp-content\/uploads\/2022\/05\/arcos_logo-1.png\",\"width\":157,\"height\":112,\"caption\":\"Arcos srl\"},\"image\":{\"@id\":\"https:\/\/www.arcossrl.com\/fr\/#\/schema\/logo\/image\/\"}}]}<\/script>\n<!-- \/ Yoast SEO plugin. -->","yoast_head_json":{"title":"Machines, syst\u00e8mes et robots pour la finition des m\u00e9taux et des surfaces - Arcos","description":"Depuis 1965, Arcos con\u00e7oit et fabrique des machines de finition des m\u00e9taux et des surfaces. Des syst\u00e8mes robotis\u00e9s pour la finition, le polissage, le d\u00e9polissage et bien plus encore.","robots":{"index":"index","follow":"follow","max-snippet":"max-snippet:-1","max-image-preview":"max-image-preview:large","max-video-preview":"max-video-preview:-1"},"canonical":"https:\/\/www.arcossrl.com\/fr\/machines-de-finition-de-surface\/","og_locale":"fr_FR","og_type":"article","og_title":"Machines, syst\u00e8mes et robots pour la finition des m\u00e9taux et des surfaces - Arcos","og_description":"Depuis 1965, Arcos con\u00e7oit et fabrique des machines de finition des m\u00e9taux et des surfaces. Des syst\u00e8mes robotis\u00e9s pour la finition, le polissage, le d\u00e9polissage et bien plus encore.","og_url":"https:\/\/www.arcossrl.com\/fr\/machines-de-finition-de-surface\/","og_site_name":"Arcos","article_modified_time":"2025-07-21T11:20:46+00:00","twitter_card":"summary_large_image","twitter_misc":{"Dur\u00e9e de lecture estim\u00e9e":"3 minutes"},"schema":{"@context":"https:\/\/schema.org","@graph":[{"@type":"WebPage","@id":"https:\/\/www.arcossrl.com\/fr\/machines-de-finition-de-surface\/","url":"https:\/\/www.arcossrl.com\/fr\/machines-de-finition-de-surface\/","name":"Machines, syst\u00e8mes et robots pour la finition des m\u00e9taux et des surfaces - Arcos","isPartOf":{"@id":"https:\/\/www.arcossrl.com\/fr\/#website"},"datePublished":"2024-07-12T11:06:45+00:00","dateModified":"2025-07-21T11:20:46+00:00","description":"Depuis 1965, Arcos con\u00e7oit et fabrique des machines de finition des m\u00e9taux et des surfaces. Des syst\u00e8mes robotis\u00e9s pour la finition, le polissage, le d\u00e9polissage et bien plus encore.","breadcrumb":{"@id":"https:\/\/www.arcossrl.com\/fr\/machines-de-finition-de-surface\/#breadcrumb"},"inLanguage":"fr-FR","potentialAction":[{"@type":"ReadAction","target":["https:\/\/www.arcossrl.com\/fr\/machines-de-finition-de-surface\/"]}]},{"@type":"BreadcrumbList","@id":"https:\/\/www.arcossrl.com\/fr\/machines-de-finition-de-surface\/#breadcrumb","itemListElement":[{"@type":"ListItem","position":1,"name":"1","item":"https:\/\/www.arcossrl.com\/fr\/"},{"@type":"ListItem","position":2,"name":"Machines de finition de surface"}]},{"@type":"WebSite","@id":"https:\/\/www.arcossrl.com\/fr\/#website","url":"https:\/\/www.arcossrl.com\/fr\/","name":"Arcos","description":"","publisher":{"@id":"https:\/\/www.arcossrl.com\/fr\/#organization"},"potentialAction":[{"@type":"SearchAction","target":{"@type":"EntryPoint","urlTemplate":"https:\/\/www.arcossrl.com\/fr\/?s={search_term_string}"},"query-input":{"@type":"PropertyValueSpecification","valueRequired":true,"valueName":"search_term_string"}}],"inLanguage":"fr-FR"},{"@type":"Organization","@id":"https:\/\/www.arcossrl.com\/fr\/#organization","name":"Arcos srl","url":"https:\/\/www.arcossrl.com\/fr\/","logo":{"@type":"ImageObject","inLanguage":"fr-FR","@id":"https:\/\/www.arcossrl.com\/fr\/#\/schema\/logo\/image\/","url":"https:\/\/www.arcossrl.com\/wp-content\/uploads\/2022\/05\/arcos_logo-1.png","contentUrl":"https:\/\/www.arcossrl.com\/wp-content\/uploads\/2022\/05\/arcos_logo-1.png","width":157,"height":112,"caption":"Arcos srl"},"image":{"@id":"https:\/\/www.arcossrl.com\/fr\/#\/schema\/logo\/image\/"}}]}},"_links":{"self":[{"href":"https:\/\/www.arcossrl.com\/fr\/wp-json\/wp\/v2\/pages\/12720","targetHints":{"allow":["GET"]}}],"collection":[{"href":"https:\/\/www.arcossrl.com\/fr\/wp-json\/wp\/v2\/pages"}],"about":[{"href":"https:\/\/www.arcossrl.com\/fr\/wp-json\/wp\/v2\/types\/page"}],"author":[{"embeddable":true,"href":"https:\/\/www.arcossrl.com\/fr\/wp-json\/wp\/v2\/users\/1"}],"replies":[{"embeddable":true,"href":"https:\/\/www.arcossrl.com\/fr\/wp-json\/wp\/v2\/comments?post=12720"}],"version-history":[{"count":26,"href":"https:\/\/www.arcossrl.com\/fr\/wp-json\/wp\/v2\/pages\/12720\/revisions"}],"predecessor-version":[{"id":15657,"href":"https:\/\/www.arcossrl.com\/fr\/wp-json\/wp\/v2\/pages\/12720\/revisions\/15657"}],"wp:attachment":[{"href":"https:\/\/www.arcossrl.com\/fr\/wp-json\/wp\/v2\/media?parent=12720"}],"wp:term":[{"taxonomy":"folder","embeddable":true,"href":"https:\/\/www.arcossrl.com\/fr\/wp-json\/wp\/v2\/folder?post=12720"}],"curies":[{"name":"wp","href":"https:\/\/api.w.org\/{rel}","templated":true}]}}