{"id":12621,"date":"2024-07-11T14:53:42","date_gmt":"2024-07-11T12:53:42","guid":{"rendered":"https:\/\/stage.arcossrl.com\/?page_id=12621"},"modified":"2025-07-11T14:50:44","modified_gmt":"2025-07-11T12:50:44","slug":"machines-de-meulage-et-de-polissage-manuelles","status":"publish","type":"page","link":"https:\/\/www.arcossrl.com\/fr\/machines-de-meulage-et-de-polissage-manuelles\/","title":{"rendered":"MACHINES DE MEULAGE ET DE POLISSAGE MANUELLES"},"content":{"rendered":"<p>[vc_row full_width=\u00a0\u00bbstretch_row\u00a0\u00bb content_placement=\u00a0\u00bbmiddle\u00a0\u00bb el_class=\u00a0\u00bbbanner-section mt-top-header\u00a0\u00bb css=\u00a0\u00bb.vc_custom_1741171235843{background-image: url(https:\/\/www.arcossrl.com\/wp-content\/uploads\/2024\/12\/MACCHINA-MANUALE-NUOVA.jpg?id=13674) !important;}\u00a0\u00bb][vc_column][vc_row_inner][vc_column_inner]<div class=\"ns-yoast-breadcrumbs ns-style-default ns-align-left\"><style>\n            .ns-yoast-breadcrumbs {\n                font-size: 14px;\n                color: #ffffff;\n                text-align: left;\n            }\n            .ns-yoast-breadcrumbs a {\n                color: #ffffff;\n                text-decoration: none;\n            }\n            .ns-yoast-breadcrumbs a:hover {\n                text-decoration: underline;\n            }\n            .ns-yoast-breadcrumbs .breadcrumb_last {\n                color: #ffffff;\n                font-weight: 600;\n            }\n            .ns-yoast-breadcrumbs .ns-breadcrumb-separator {\n                color: #ffffff;\n                margin: 0 5px;\n            }\n        <\/style><nav aria-label=\"Breadcrumb\" itemscope itemtype=\"https:\/\/schema.org\/BreadcrumbList\"><span><span><span itemprop=\"itemListElement\" itemscope itemtype=\"https:\/\/schema.org\/ListItem\">\n                        <a href=\"https:\/\/www.arcossrl.com\/fr\/\" itemprop=\"item\">\n                            <span itemprop=\"name\">ACCUEIL<\/span>\n                        <\/a>\n                        <meta itemprop=\"position\" content=\"1\" \/>\n                    <\/span><\/span><\/span<\/nav><\/div>[vc_column_text el_class=\u00a0\u00bbtitolo titolo-hero\u00a0\u00bb]<\/p>\n<h1><strong>MACHINES DE MEULAGE<\/strong><br \/>\nET DE POLISSAGE MANUELLES<\/h1>\n<p>[\/vc_column_text][\/vc_column_inner][\/vc_row_inner][\/vc_column][\/vc_row][vc_row full_width=\u00a0\u00bbstretch_row\u00a0\u00bb el_class=\u00a0\u00bbpy-130&Prime; el_id=\u00a0\u00bbintro\u00a0\u00bb][vc_column offset=\u00a0\u00bbvc_col-lg-6 vc_col-md-12 vc_col-xs-12&Prime;][vc_column_text el_class=\u00a0\u00bbtitolo-smaller text-primary hidden\u00a0\u00bb]Cos&rsquo;\u00e8[\/vc_column_text][vc_custom_heading source=\u00a0\u00bbpost_title\u00a0\u00bb use_theme_fonts=\u00a0\u00bbyes\u00a0\u00bb el_class=\u00a0\u00bbtitolo mt-30 mb-40 sentence-case\u00a0\u00bb][vc_column_text el_class=\u00a0\u00bbmacchina-list-wrapper red-icon\u00a0\u00bb]Les machines manuelles Arcos, nettoyeuses, polisseuses, meuleuses, permettent \u00e0 l\u2019<strong>utilisateur de travailler n\u2019importe quel type de pi\u00e8ce et de mat\u00e9riau pour obtenir le degr\u00e9 de finition requis<\/strong>. Arcos a \u00e9t\u00e9 fond\u00e9e en<strong>\u00a01965 pour la production de machines de finition manuelles et a rapidement \u00e9t\u00e9 reconnue dans le monde entier comme un fabricant leader et fiable<\/strong>. \u00c0 ce jour, Arcos compte toujours parmi les machines manuelles les plus robustes, les plus fiables et les plus durables.[\/vc_column_text][vc_btn title=\u00a0\u00bbT\u00e9l\u00e9charger la brochure\u00a0\u00bb style=\u00a0\u00bbclassic\u00a0\u00bb el_class=\u00a0\u00bbbtn mt-40&Prime; link=\u00a0\u00bburl:%2Fwp-content%2Fuploads%2F2020%2F10%2F2019-06-ARCOS-MANUAL-BGPM-FHD.pdf||target:%20_blank|\u00a0\u00bb][\/vc_column][vc_column el_class=\u00a0\u00bbmb-md align-right\u00a0\u00bb offset=\u00a0\u00bbvc_col-lg-6 vc_col-md-12 vc_col-xs-12&Prime;][vc_images_carousel images=\u00a0\u00bb11148,11160,11157&Prime; img_size=\u00a0\u00bblarge\u00a0\u00bb onclick=\u00a0\u00bblink_no\u00a0\u00bb autoplay=\u00a0\u00bbyes\u00a0\u00bb hide_pagination_control=\u00a0\u00bbyes\u00a0\u00bb wrap=\u00a0\u00bbyes\u00a0\u00bb el_class=\u00a0\u00bbcenter-md rounded mt-md pl-lg\u00a0\u00bb][\/vc_column][\/vc_row][vc_row full_width=\u00a0\u00bbstretch_row\u00a0\u00bb css=\u00a0\u00bb.vc_custom_1741100189999{margin-bottom: 0px !important;}\u00a0\u00bb el_class=\u00a0\u00bbbg-primary dotted py-large\u00a0\u00bb][vc_column][vc_row_inner css=\u00a0\u00bb.vc_custom_1529070919008{margin-bottom: 0px !important;}\u00a0\u00bb][vc_column_inner][vc_column_text el_class=\u00a0\u00bbtitolo-smaller text-white mb-small\u00a0\u00bb]Machines de finition manuelle[\/vc_column_text][vc_custom_heading text=\u00a0\u00bbCaract\u00e9ristiques\u00a0\u00bb use_theme_fonts=\u00a0\u00bbyes\u00a0\u00bb el_class=\u00a0\u00bbtitolo mb-40 text-white\u00a0\u00bb][\/vc_column_inner][\/vc_row_inner][vc_column_text el_class=\u00a0\u00bbtext-white\u00a0\u00bb]<\/p>\n<div class=\"wpb_text_column wpb_content_element \">\n<div class=\"wpb_wrapper\">\n<p>L\u2019un des principaux avantages des\u00a0<strong>machines manuelles Arcos\u00a0<\/strong>est qu\u2019elles ont une\u00a0<strong>valeur vibratoire extr\u00eamement faible<\/strong>, inf\u00e9rieure \u00e0 la limite fix\u00e9e par la loi. Cela permet aux op\u00e9rateurs de travailler en toute s\u00e9curit\u00e9. Pour atteindre ce r\u00e9sultat, d\u2019importantes modifications ont \u00e9t\u00e9 apport\u00e9es aux machines manuelles Arcos.\u00a0<a href=\"https:\/\/www.arcossrl.com\/fr\/vibrations-des-machines-manuelles-comment-ne-pas-les-transmettre-grace-a-arcos\/\">Cliquez ici pour en savoir plus<\/a>.<\/p>\n<p>&nbsp;<\/p>\n<p>Les\u00a0<strong>nettoyeurs\u00a0<\/strong>et\u00a0<strong>broyeurs manuels<\/strong> Arcos pr\u00e9sentent les caract\u00e9ristiques suivantes:<\/div>\n<\/div>\n<p>[\/vc_column_text][vc_column_text el_class=\u00a0\u00bbmacchina-list-wrapper cross-icon ul&#8211;3col mt-lg mb-40&Prime;]<\/p>\n<ul>\n<li>Moteurs disponibles: 3,5 CV, 4 CV, 6 CV, 8 CV;<\/li>\n<li>Tension de travail: 380 Volt \u2013 50 Hz;<\/li>\n<li>Vitesse de travail librement r\u00e9glable via le panneau de commande: Rpm 2900, Rpm 1450;<\/li>\n<li>Support de base haut\/bas en fonction des conditions de travail assis\/debout, avec plateau de rangement;<\/li>\n<li>Tendeurs de courroie m\u00e9caniques\/pneumatiques\/pneumatiques sp\u00e9ciaux;<\/li>\n<li>Carter de protection et d\u2019aspiration;<\/li>\n<li>Cl\u00e9s de serrage;<\/li>\n<li>Vis \u00e0 t\u00eate;<\/li>\n<li>Demi-arbre avec \u00e9crou;<\/li>\n<li>S\u00e9rie d\u2019entretoises;<\/li>\n<li>Syst\u00e8mes de s\u00e9curit\u00e9;<\/li>\n<li>Manuel d\u2019utilisation et d\u2019entretien;<\/li>\n<li>D\u00e9claration de conformit\u00e9 CE.<\/li>\n<\/ul>\n<p>[\/vc_column_text][vc_column_text el_class=\u00a0\u00bbtext-white\u00a0\u00bb]<\/p>\n<p style=\"text-align: justify;\">Les\u00a0<strong>machines manuelles Arcos existent en plusieurs versions<\/strong>: Machines de polissage\/pon\u00e7age \u00e0 deux t\u00eates et un seul arbre, combin\u00e9es \u00e0 un variateur de vitesse. Voir la gamme compl\u00e8te des machines manuelles Arcos.<\/p>\n<p>[\/vc_column_text][\/vc_column][\/vc_row][vc_row full_width=\u00a0\u00bbstretch_row\u00a0\u00bb css=\u00a0\u00bb.vc_custom_1741102232832{background-color: #ffffff !important;}\u00a0\u00bb el_class=\u00a0\u00bbpt-large\u00a0\u00bb][vc_column][vc_column_text el_class=\u00a0\u00bbtitolo-smaller mb-small text-primary\u00a0\u00bb]Machines de finition manuelle[\/vc_column_text][vc_custom_heading text=\u00a0\u00bbAutomatisez vos processus manuels\u00a0\u00bb use_theme_fonts=\u00a0\u00bbyes\u00a0\u00bb el_class=\u00a0\u00bbtitolo mt-30 mb-40&Prime;][\/vc_column][vc_column css=\u00a0\u00bb.vc_custom_1741102071035{padding-top: 0px !important;}\u00a0\u00bb el_class=\u00a0\u00bbproject-section\u00a0\u00bb][vc_row_inner css=\u00a0\u00bb.vc_custom_1741102419257{margin-bottom: 0px !important;}\u00a0\u00bb el_class=\u00a0\u00bbslider_tecnologia mb-large\u00a0\u00bb el_id=\u00a0\u00bbmacchine\u00a0\u00bb][vc_column_inner el_class=\u00a0\u00bbp-title due-colonne\u00a0\u00bb]<div class=\"thumbnail animateIn\" data-animate=\"no_animation\"><img decoding=\"async\" data-holder-rendered=\"true\" src=\"https:\/\/www.arcossrl.com\/wp-content\/uploads\/2020\/09\/isole-robotizzate.jpg?wsr\" data-src=\"https:\/\/www.arcossrl.com\/wp-content\/uploads\/2020\/09\/isole-robotizzate.jpg?wsr\" alt=\"SYST\u00c8MES ROBOTIQUES\"><div class=\"caption custom_content\"><h3 class=\"custom_content_title\">SYST\u00c8MES ROBOTIQUES<\/h3><p>Cellules de travail robotis\u00e9es pour la finition des surfaces. Polissage, \u00e9bavurage et bien plus encore : Parfaites pour litt\u00e9ralement n'importe quel mat\u00e9riau. L'extr\u00eame simplicit\u00e9 d'utilisation et la polyvalence ont fait des syst\u00e8mes robotis\u00e9s la meilleure r\u00e9ponse \u00e0 tous les probl\u00e8mes de finition.<\/p><p><a href=\"\/fr\/cellules-robotisees\/\" class=\"btn btn-custom-content\" role=\"button\">EN SAVOIR PLUS<\/a><\/p><\/div><\/div><div class=\"thumbnail animateIn\" data-animate=\"no_animation\"><img decoding=\"async\" data-holder-rendered=\"true\" src=\"https:\/\/www.arcossrl.com\/wp-content\/uploads\/2020\/09\/tavola-rotante.jpg?wsr\" data-src=\"https:\/\/www.arcossrl.com\/wp-content\/uploads\/2020\/09\/tavola-rotante.jpg?wsr\" alt=\"TABLES ROTATIVES CONTINUES\"><div class=\"caption custom_content\"><h3 class=\"custom_content_title\">TABLES ROTATIVES CONTINUES<\/h3><p>Tables tournantes continues pour le polissage. Une solution id\u00e9ale pour la production de nombreuses pi\u00e8ces, avec des formes simples et sym\u00e9triques comme les rosaces, les cylindres, les boutons, les poign\u00e9es, etc.<\/p><p><a href=\"\/fr\/machines-a-table-rotative\/\" class=\"btn btn-custom-content\" role=\"button\">EN SAVOIR PLUS<\/a><\/p><\/div><\/div><div class=\"thumbnail animateIn\" data-animate=\"no_animation\"><img decoding=\"async\" data-holder-rendered=\"true\" src=\"https:\/\/www.arcossrl.com\/wp-content\/uploads\/2020\/09\/tavola-a-scatti.jpg?wsr\" data-src=\"https:\/\/www.arcossrl.com\/wp-content\/uploads\/2020\/09\/tavola-a-scatti.jpg?wsr\" alt=\"TABLES ROTATIVES INDEX\u00c9ES-CNC\"><div class=\"caption custom_content\"><h3 class=\"custom_content_title\">TABLES ROTATIVES INDEX\u00c9ES-CNC<\/h3><p>Table rotative et CNC pour le polissage. Machine id\u00e9ale pour les grandes quantit\u00e9s et pour le traitement de casseroles, d'ustensiles de cuisine, de boucles plates, de couvercles, etc. Avec l'introduction de la CNC, il est possible de combiner une productivit\u00e9 \u00e9lev\u00e9e m\u00eame avec des pi\u00e8ces moyennement complexes.<\/p><p><a href=\"\/fr\/tables-rotatives-et-indexeurs-cnc\/\" class=\"btn btn-custom-content\" role=\"button\">EN SAVOIR PLUS<\/a><\/p><\/div><\/div><div class=\"thumbnail animateIn\" data-animate=\"no_animation\"><img decoding=\"async\" data-holder-rendered=\"true\" src=\"https:\/\/www.arcossrl.com\/wp-content\/uploads\/2020\/09\/macchine-centerless.jpg?wsr\" data-src=\"https:\/\/www.arcossrl.com\/wp-content\/uploads\/2020\/09\/macchine-centerless.jpg?wsr\" alt=\"MACHINES CENTERLESS\"><div class=\"caption custom_content\"><h3 class=\"custom_content_title\">MACHINES CENTERLESS<\/h3><p>Machines centerless pour le polissage et la rectification. Solutions id\u00e9ales pour la finition de surface des tubes ou des barres de section circulaire.<\/p><p><a href=\"\/fr\/machines-automatiques-a-rectifier-sans-centre\/\" class=\"btn btn-custom-content\" role=\"button\">EN SAVOIR PLUS<\/a><\/p><\/div><\/div><div class=\"thumbnail animateIn\" data-animate=\"no_animation\"><img decoding=\"async\" data-holder-rendered=\"true\" src=\"https:\/\/www.arcossrl.com\/wp-content\/uploads\/2020\/09\/macchine-in-piano.jpg?wsr\" data-src=\"https:\/\/www.arcossrl.com\/wp-content\/uploads\/2020\/09\/macchine-in-piano.jpg?wsr\" alt=\"MACHINES POUR SURFACES PLANES\"><div class=\"caption custom_content\"><h3 class=\"custom_content_title\">MACHINES POUR SURFACES PLANES<\/h3><p>Machines plates pour le polissage et le meulage. Solutions id\u00e9ales pour la finition de surface de dalles ou d'\u00e9l\u00e9ments plats de largeur et de longueur variables.<\/p><p><a href=\"\/fr\/machines-a-surface-plate\/\" class=\"btn btn-custom-content\" role=\"button\">EN SAVOIR PLUS<\/a><\/p><\/div><\/div>[\/vc_column_inner][\/vc_row_inner][\/vc_column][\/vc_row][vc_row full_width=\u00a0\u00bbstretch_row_content\u00a0\u00bb css=\u00a0\u00bb.vc_custom_1741100435508{background-color: #969494 !important;}\u00a0\u00bb el_class=\u00a0\u00bbhome-form-wrapper inv\u00a0\u00bb el_id=\u00a0\u00bbcontattaci\u00a0\u00bb][vc_column][vc_column_text el_class=\u00a0\u00bbtitolo-smaller text-primary mb-small\u00a0\u00bb]Contactez-nous [\/vc_column_text][vc_custom_heading text=\u00a0\u00bbDemandez un accompagnement pour votre projet\u00a0\u00bb use_theme_fonts=\u00a0\u00bbyes\u00a0\u00bb el_class=\u00a0\u00bbtitolo text-dark\u00a0\u00bb]\n<div class=\"wpcf7 no-js\" id=\"wpcf7-f12783-o1\" lang=\"en-US\" dir=\"ltr\" data-wpcf7-id=\"12783\">\n<div class=\"screen-reader-response\"><p role=\"status\" aria-live=\"polite\" aria-atomic=\"true\"><\/p> <ul><\/ul><\/div>\n<form action=\"\/fr\/wp-json\/wp\/v2\/pages\/12621#wpcf7-f12783-o1\" method=\"post\" class=\"wpcf7-form init\" aria-label=\"Contact form\" novalidate=\"novalidate\" data-status=\"init\">\n<fieldset class=\"hidden-fields-container\"><input type=\"hidden\" name=\"_wpcf7\" value=\"12783\" \/><input type=\"hidden\" name=\"_wpcf7_version\" value=\"6.1.4\" \/><input type=\"hidden\" name=\"_wpcf7_locale\" value=\"en_US\" \/><input type=\"hidden\" name=\"_wpcf7_unit_tag\" value=\"wpcf7-f12783-o1\" \/><input type=\"hidden\" name=\"_wpcf7_container_post\" value=\"0\" \/><input type=\"hidden\" name=\"_wpcf7_posted_data_hash\" value=\"\" \/>\n<\/fieldset>\n<div class=\"form-wrapper\">\n\t<p class=\"form-name\"><br \/>\n<span class=\"wpcf7-form-control-wrap\" data-name=\"your-name\"><input size=\"40\" maxlength=\"400\" class=\"wpcf7-form-control wpcf7-text wpcf7-validates-as-required\" aria-required=\"true\" aria-invalid=\"false\" placeholder=\"Pr\u00e9nom\" value=\"\" type=\"text\" name=\"your-name\" \/><\/span>\n\t<\/p>\n\t<p class=\"form-cognome\"><br \/>\n<span class=\"wpcf7-form-control-wrap\" data-name=\"your-cognome\"><input size=\"40\" maxlength=\"400\" class=\"wpcf7-form-control wpcf7-text wpcf7-validates-as-required\" aria-required=\"true\" aria-invalid=\"false\" placeholder=\"Nom de famille\" value=\"\" type=\"text\" name=\"your-cognome\" \/><\/span>\n\t<\/p>\n\t<p class=\"form-azienda\"><br \/>\n<span class=\"wpcf7-form-control-wrap\" data-name=\"your-azienda\"><input size=\"40\" maxlength=\"400\" class=\"wpcf7-form-control wpcf7-text wpcf7-validates-as-required\" aria-required=\"true\" aria-invalid=\"false\" placeholder=\"Entreprise\" value=\"\" type=\"text\" name=\"your-azienda\" \/><\/span>\n\t<\/p>\n\t<p class=\"form-city\"><br \/>\n<span class=\"wpcf7-form-control-wrap\" data-name=\"your-city\"><input size=\"40\" maxlength=\"400\" class=\"wpcf7-form-control wpcf7-text wpcf7-validates-as-required\" aria-required=\"true\" aria-invalid=\"false\" placeholder=\"Ville\" value=\"\" type=\"text\" name=\"your-city\" \/><\/span>\n\t<\/p>\n\t<p class=\"form-email\"><br \/>\n<span class=\"wpcf7-form-control-wrap\" data-name=\"your-email\"><input size=\"40\" maxlength=\"400\" class=\"wpcf7-form-control wpcf7-email wpcf7-validates-as-required wpcf7-text wpcf7-validates-as-email\" aria-required=\"true\" aria-invalid=\"false\" placeholder=\"Email\" value=\"\" type=\"email\" name=\"your-email\" \/><\/span>\n\t<\/p>\n\t<p class=\"form-phone\"><br \/>\n<span class=\"wpcf7-form-control-wrap\" data-name=\"number-telefono\"><input size=\"40\" maxlength=\"400\" class=\"wpcf7-form-control wpcf7-text wpcf7-validates-as-required\" aria-required=\"true\" aria-invalid=\"false\" placeholder=\"T\u00e9l\u00e9phone\" value=\"\" type=\"text\" name=\"number-telefono\" \/><\/span>\n\t<\/p>\n\t<p class=\"form-msg\"><span class=\"wpcf7-form-control-wrap\" data-name=\"your-messaggio\"><textarea cols=\"40\" rows=\"3\" maxlength=\"2000\" class=\"wpcf7-form-control wpcf7-textarea wpcf7-validates-as-required\" aria-required=\"true\" aria-invalid=\"false\" placeholder=\"Message\" name=\"your-messaggio\"><\/textarea><\/span>\n\t<\/p>\n\t<p class=\"form-gdpr\"><span class=\"wpcf7-form-control-wrap\" data-name=\"gdpr\"><span class=\"wpcf7-form-control wpcf7-acceptance\"><span class=\"wpcf7-list-item\"><label><input type=\"checkbox\" name=\"gdpr\" value=\"1\" id=\"gdpr\" aria-invalid=\"false\" \/><span class=\"wpcf7-list-item-label\">J'accepte le traitement de mes donn\u00e9es personnelles tel qu'indiqu\u00e9 dans le <a href=\"https:\/\/www.arcossrl.com\/cookie-policy-eu\/?cmplz_region_redirect=true\">Privacy Policy<\/a>.<\/span><\/label><\/span><\/span><\/span>\n\t<\/p>\n\t<p class=\"submit-btn\"><input class=\"wpcf7-form-control wpcf7-submit has-spinner\" type=\"submit\" value=\"ENVOYER\" \/>\n\t<\/p>\n<\/div><div class=\"wpcf7-response-output\" aria-hidden=\"true\"><\/div>\n<\/form>\n<\/div>\n[\/vc_column][\/vc_row]<\/p>\n","protected":false},"excerpt":{"rendered":"<p>[vc_row full_width=\u00a0\u00bbstretch_row\u00a0\u00bb content_placement=\u00a0\u00bbmiddle\u00a0\u00bb el_class=\u00a0\u00bbbanner-section mt-top-header\u00a0\u00bb css=\u00a0\u00bb.vc_custom_1741171235843{background-image: url(https:\/\/www.arcossrl.com...","protected":false},"author":1,"featured_media":0,"parent":0,"menu_order":19,"comment_status":"closed","ping_status":"closed","template":"","meta":{"_lmt_disableupdate":"no","_lmt_disable":"","footnotes":""},"folder":[],"class_list":["post-12621","page","type-page","status-publish","hentry"],"yoast_head":"<!-- This site is optimized with the Yoast SEO plugin v26.0 - https:\/\/yoast.com\/wordpress\/plugins\/seo\/ -->\n<title>Meuleuses et polisseuses manuelles - Arcos<\/title>\n<meta name=\"description\" content=\"Travaillez n&#039;importe quel type de pi\u00e8ce et de mat\u00e9riau pour obtenir le degr\u00e9 de finition que vous souhaitez avec les rectifieuses manuelles et de finition de surface Arcos. D\u00e9couvrez-les maintenant.\" \/>\n<meta name=\"robots\" content=\"index, follow, max-snippet:-1, max-image-preview:large, max-video-preview:-1\" \/>\n<link rel=\"canonical\" href=\"https:\/\/www.arcossrl.com\/fr\/machines-de-meulage-et-de-polissage-manuelles\/\" \/>\n<meta property=\"og:locale\" content=\"fr_FR\" \/>\n<meta property=\"og:type\" content=\"article\" \/>\n<meta property=\"og:title\" content=\"Meuleuses et polisseuses manuelles - Arcos\" \/>\n<meta property=\"og:description\" content=\"Travaillez n&#039;importe quel type de pi\u00e8ce et de mat\u00e9riau pour obtenir le degr\u00e9 de finition que vous souhaitez avec les rectifieuses manuelles et de finition de surface Arcos. D\u00e9couvrez-les maintenant.\" \/>\n<meta property=\"og:url\" content=\"https:\/\/www.arcossrl.com\/fr\/machines-de-meulage-et-de-polissage-manuelles\/\" \/>\n<meta property=\"og:site_name\" content=\"Arcos\" \/>\n<meta property=\"article:modified_time\" content=\"2025-07-11T12:50:44+00:00\" \/>\n<meta name=\"twitter:card\" content=\"summary_large_image\" \/>\n<meta name=\"twitter:label1\" content=\"Dur\u00e9e de lecture estim\u00e9e\" \/>\n\t<meta name=\"twitter:data1\" content=\"3 minutes\" \/>\n<script type=\"application\/ld+json\" class=\"yoast-schema-graph\">{\"@context\":\"https:\/\/schema.org\",\"@graph\":[{\"@type\":\"WebPage\",\"@id\":\"https:\/\/www.arcossrl.com\/fr\/machines-de-meulage-et-de-polissage-manuelles\/\",\"url\":\"https:\/\/www.arcossrl.com\/fr\/machines-de-meulage-et-de-polissage-manuelles\/\",\"name\":\"Meuleuses et polisseuses manuelles - Arcos\",\"isPartOf\":{\"@id\":\"https:\/\/www.arcossrl.com\/fr\/#website\"},\"datePublished\":\"2024-07-11T12:53:42+00:00\",\"dateModified\":\"2025-07-11T12:50:44+00:00\",\"description\":\"Travaillez n'importe quel type de pi\u00e8ce et de mat\u00e9riau pour obtenir le degr\u00e9 de finition que vous souhaitez avec les rectifieuses manuelles et de finition de surface Arcos. D\u00e9couvrez-les maintenant.\",\"breadcrumb\":{\"@id\":\"https:\/\/www.arcossrl.com\/fr\/machines-de-meulage-et-de-polissage-manuelles\/#breadcrumb\"},\"inLanguage\":\"fr-FR\",\"potentialAction\":[{\"@type\":\"ReadAction\",\"target\":[\"https:\/\/www.arcossrl.com\/fr\/machines-de-meulage-et-de-polissage-manuelles\/\"]}]},{\"@type\":\"BreadcrumbList\",\"@id\":\"https:\/\/www.arcossrl.com\/fr\/machines-de-meulage-et-de-polissage-manuelles\/#breadcrumb\",\"itemListElement\":[{\"@type\":\"ListItem\",\"position\":1,\"name\":\"1\",\"item\":\"https:\/\/www.arcossrl.com\/fr\/\"},{\"@type\":\"ListItem\",\"position\":2,\"name\":\"MACHINES DE MEULAGE ET DE POLISSAGE MANUELLES\"}]},{\"@type\":\"WebSite\",\"@id\":\"https:\/\/www.arcossrl.com\/fr\/#website\",\"url\":\"https:\/\/www.arcossrl.com\/fr\/\",\"name\":\"Arcos\",\"description\":\"\",\"publisher\":{\"@id\":\"https:\/\/www.arcossrl.com\/fr\/#organization\"},\"potentialAction\":[{\"@type\":\"SearchAction\",\"target\":{\"@type\":\"EntryPoint\",\"urlTemplate\":\"https:\/\/www.arcossrl.com\/fr\/?s={search_term_string}\"},\"query-input\":{\"@type\":\"PropertyValueSpecification\",\"valueRequired\":true,\"valueName\":\"search_term_string\"}}],\"inLanguage\":\"fr-FR\"},{\"@type\":\"Organization\",\"@id\":\"https:\/\/www.arcossrl.com\/fr\/#organization\",\"name\":\"Arcos srl\",\"url\":\"https:\/\/www.arcossrl.com\/fr\/\",\"logo\":{\"@type\":\"ImageObject\",\"inLanguage\":\"fr-FR\",\"@id\":\"https:\/\/www.arcossrl.com\/fr\/#\/schema\/logo\/image\/\",\"url\":\"https:\/\/www.arcossrl.com\/wp-content\/uploads\/2022\/05\/arcos_logo-1.png\",\"contentUrl\":\"https:\/\/www.arcossrl.com\/wp-content\/uploads\/2022\/05\/arcos_logo-1.png\",\"width\":157,\"height\":112,\"caption\":\"Arcos srl\"},\"image\":{\"@id\":\"https:\/\/www.arcossrl.com\/fr\/#\/schema\/logo\/image\/\"}}]}<\/script>\n<!-- \/ Yoast SEO plugin. -->","yoast_head_json":{"title":"Meuleuses et polisseuses manuelles - Arcos","description":"Travaillez n'importe quel type de pi\u00e8ce et de mat\u00e9riau pour obtenir le degr\u00e9 de finition que vous souhaitez avec les rectifieuses manuelles et de finition de surface Arcos. D\u00e9couvrez-les maintenant.","robots":{"index":"index","follow":"follow","max-snippet":"max-snippet:-1","max-image-preview":"max-image-preview:large","max-video-preview":"max-video-preview:-1"},"canonical":"https:\/\/www.arcossrl.com\/fr\/machines-de-meulage-et-de-polissage-manuelles\/","og_locale":"fr_FR","og_type":"article","og_title":"Meuleuses et polisseuses manuelles - Arcos","og_description":"Travaillez n'importe quel type de pi\u00e8ce et de mat\u00e9riau pour obtenir le degr\u00e9 de finition que vous souhaitez avec les rectifieuses manuelles et de finition de surface Arcos. D\u00e9couvrez-les maintenant.","og_url":"https:\/\/www.arcossrl.com\/fr\/machines-de-meulage-et-de-polissage-manuelles\/","og_site_name":"Arcos","article_modified_time":"2025-07-11T12:50:44+00:00","twitter_card":"summary_large_image","twitter_misc":{"Dur\u00e9e de lecture estim\u00e9e":"3 minutes"},"schema":{"@context":"https:\/\/schema.org","@graph":[{"@type":"WebPage","@id":"https:\/\/www.arcossrl.com\/fr\/machines-de-meulage-et-de-polissage-manuelles\/","url":"https:\/\/www.arcossrl.com\/fr\/machines-de-meulage-et-de-polissage-manuelles\/","name":"Meuleuses et polisseuses manuelles - Arcos","isPartOf":{"@id":"https:\/\/www.arcossrl.com\/fr\/#website"},"datePublished":"2024-07-11T12:53:42+00:00","dateModified":"2025-07-11T12:50:44+00:00","description":"Travaillez n'importe quel type de pi\u00e8ce et de mat\u00e9riau pour obtenir le degr\u00e9 de finition que vous souhaitez avec les rectifieuses manuelles et de finition de surface Arcos. D\u00e9couvrez-les maintenant.","breadcrumb":{"@id":"https:\/\/www.arcossrl.com\/fr\/machines-de-meulage-et-de-polissage-manuelles\/#breadcrumb"},"inLanguage":"fr-FR","potentialAction":[{"@type":"ReadAction","target":["https:\/\/www.arcossrl.com\/fr\/machines-de-meulage-et-de-polissage-manuelles\/"]}]},{"@type":"BreadcrumbList","@id":"https:\/\/www.arcossrl.com\/fr\/machines-de-meulage-et-de-polissage-manuelles\/#breadcrumb","itemListElement":[{"@type":"ListItem","position":1,"name":"1","item":"https:\/\/www.arcossrl.com\/fr\/"},{"@type":"ListItem","position":2,"name":"MACHINES DE MEULAGE ET DE POLISSAGE MANUELLES"}]},{"@type":"WebSite","@id":"https:\/\/www.arcossrl.com\/fr\/#website","url":"https:\/\/www.arcossrl.com\/fr\/","name":"Arcos","description":"","publisher":{"@id":"https:\/\/www.arcossrl.com\/fr\/#organization"},"potentialAction":[{"@type":"SearchAction","target":{"@type":"EntryPoint","urlTemplate":"https:\/\/www.arcossrl.com\/fr\/?s={search_term_string}"},"query-input":{"@type":"PropertyValueSpecification","valueRequired":true,"valueName":"search_term_string"}}],"inLanguage":"fr-FR"},{"@type":"Organization","@id":"https:\/\/www.arcossrl.com\/fr\/#organization","name":"Arcos srl","url":"https:\/\/www.arcossrl.com\/fr\/","logo":{"@type":"ImageObject","inLanguage":"fr-FR","@id":"https:\/\/www.arcossrl.com\/fr\/#\/schema\/logo\/image\/","url":"https:\/\/www.arcossrl.com\/wp-content\/uploads\/2022\/05\/arcos_logo-1.png","contentUrl":"https:\/\/www.arcossrl.com\/wp-content\/uploads\/2022\/05\/arcos_logo-1.png","width":157,"height":112,"caption":"Arcos srl"},"image":{"@id":"https:\/\/www.arcossrl.com\/fr\/#\/schema\/logo\/image\/"}}]}},"_links":{"self":[{"href":"https:\/\/www.arcossrl.com\/fr\/wp-json\/wp\/v2\/pages\/12621","targetHints":{"allow":["GET"]}}],"collection":[{"href":"https:\/\/www.arcossrl.com\/fr\/wp-json\/wp\/v2\/pages"}],"about":[{"href":"https:\/\/www.arcossrl.com\/fr\/wp-json\/wp\/v2\/types\/page"}],"author":[{"embeddable":true,"href":"https:\/\/www.arcossrl.com\/fr\/wp-json\/wp\/v2\/users\/1"}],"replies":[{"embeddable":true,"href":"https:\/\/www.arcossrl.com\/fr\/wp-json\/wp\/v2\/comments?post=12621"}],"version-history":[{"count":17,"href":"https:\/\/www.arcossrl.com\/fr\/wp-json\/wp\/v2\/pages\/12621\/revisions"}],"predecessor-version":[{"id":15491,"href":"https:\/\/www.arcossrl.com\/fr\/wp-json\/wp\/v2\/pages\/12621\/revisions\/15491"}],"wp:attachment":[{"href":"https:\/\/www.arcossrl.com\/fr\/wp-json\/wp\/v2\/media?parent=12621"}],"wp:term":[{"taxonomy":"folder","embeddable":true,"href":"https:\/\/www.arcossrl.com\/fr\/wp-json\/wp\/v2\/folder?post=12621"}],"curies":[{"name":"wp","href":"https:\/\/api.w.org\/{rel}","templated":true}]}}