{"id":12592,"date":"2024-07-11T12:14:52","date_gmt":"2024-07-11T10:14:52","guid":{"rendered":"https:\/\/stage.arcossrl.com\/?page_id=12592"},"modified":"2025-07-11T14:26:29","modified_gmt":"2025-07-11T12:26:29","slug":"brochure","status":"publish","type":"page","link":"https:\/\/www.arcossrl.com\/fr\/brochure\/","title":{"rendered":"Brochure"},"content":{"rendered":"<p>[vc_row full_width=\u00a0\u00bbstretch_row\u00a0\u00bb content_placement=\u00a0\u00bbmiddle\u00a0\u00bb el_class=\u00a0\u00bbbanner-section mt-top-header\u00a0\u00bb css=\u00a0\u00bb.vc_custom_1749130807879{background-image: url(https:\/\/www.arcossrl.com\/wp-content\/uploads\/2025\/06\/arcos-view.png?id=14898) !important;}\u00a0\u00bb][vc_column][vc_row_inner][vc_column_inner]<div class=\"ns-yoast-breadcrumbs ns-style-default ns-align-left\"><style>\n            .ns-yoast-breadcrumbs {\n                font-size: 14px;\n                color: #ffffff;\n                text-align: left;\n            }\n            .ns-yoast-breadcrumbs a {\n                color: #ffffff;\n                text-decoration: none;\n            }\n            .ns-yoast-breadcrumbs a:hover {\n                text-decoration: underline;\n            }\n            .ns-yoast-breadcrumbs .breadcrumb_last {\n                color: #ffffff;\n                font-weight: 600;\n            }\n            .ns-yoast-breadcrumbs .ns-breadcrumb-separator {\n                color: #ffffff;\n                margin: 0 5px;\n            }\n        <\/style><nav aria-label=\"Breadcrumb\" itemscope itemtype=\"https:\/\/schema.org\/BreadcrumbList\"><span><span><span itemprop=\"itemListElement\" itemscope itemtype=\"https:\/\/schema.org\/ListItem\">\n                        <a href=\"https:\/\/www.arcossrl.com\/fr\/\" itemprop=\"item\">\n                            <span itemprop=\"name\">ACCUEIL<\/span>\n                        <\/a>\n                        <meta itemprop=\"position\" content=\"1\" \/>\n                    <\/span><\/span><\/span><\/nav><\/div>[vc_column_text el_class=\u00a0\u00bbtitolo titolo-hero\u00a0\u00bb]<\/p>\n<h1><strong>BROCHURE<\/strong><\/h1>\n<p>[\/vc_column_text][\/vc_column_inner][\/vc_row_inner][\/vc_column][\/vc_row][vc_row full_width=\u00a0\u00bbstretch_row\u00a0\u00bb el_class=\u00a0\u00bbpy-130 mb-md col-space bg-gray-lighter\u00a0\u00bb][vc_column offset=\u00a0\u00bbvc_col-lg-10 vc_col-md-12 vc_col-xs-12&Prime;][vc_column_text el_class=\u00a0\u00bblead-text\u00a0\u00bb]Arcos op\u00e8re depuis 1965 dans le secteur de la finition des surfaces.<br \/>\nNous avons toujours <strong>orient\u00e9 nos efforts vers la cr\u00e9ation de machines et d\u2019installations<\/strong> universellement reconnues comme un symbole de <strong>fiabilit\u00e9 et d\u2019innovation technologique<\/strong>.[\/vc_column_text][vc_btn title=\u00a0\u00bbContactez-nous\u00a0\u00bb style=\u00a0\u00bbclassic\u00a0\u00bb el_class=\u00a0\u00bbbtn mt-40&Prime; link=\u00a0\u00bburl:%23contattaci|||\u00a0\u00bb][\/vc_column][\/vc_row][vc_row full_width=\u00a0\u00bbstretch_row\u00a0\u00bb el_class=\u00a0\u00bbpy-130 _bg-gray-lighter\u00a0\u00bb el_id=\u00a0\u00bbbrochure-downloads\u00a0\u00bb][vc_column el_class=\u00a0\u00bbmb-md\u00a0\u00bb offset=\u00a0\u00bbvc_col-lg-6 vc_col-md-12 vc_col-xs-12&Prime;][vc_single_image image=\u00a0\u00bb14728&Prime; img_size=\u00a0\u00bb560&#215;0&Prime;][\/vc_column][vc_column offset=\u00a0\u00bbvc_col-lg-6 vc_col-md-12 vc_col-xs-12&Prime;][vc_tta_accordion shape=\u00a0\u00bbsquare\u00a0\u00bb c_position=\u00a0\u00bbright\u00a0\u00bb active_section=\u00a0\u00bb1&Prime;][vc_tta_section title=\u00a0\u00bbEnglish\u00a0\u00bb tab_id=\u00a0\u00bb1739890624153-ae9ef3ed-4c81&Prime; el_class=\u00a0\u00bbflag-eng\u00a0\u00bb][vc_column_text el_class=\u00a0\u00bbtext_p\u00a0\u00bb]An excellent production process can only generate solid, efficient and reliable machines.[\/vc_column_text][vc_btn title=\u00a0\u00bbDOWNLOAD THE BROCHURE\u00a0\u00bb style=\u00a0\u00bbclassic\u00a0\u00bb el_class=\u00a0\u00bbbtn btn-black mt-30&Prime; link=\u00a0\u00bburl:https%3A%2F%2Farcossrl.com%2Fwp-content%2Fuploads%2F2020%2F09%2FBrochure-inglese.pdf||target:%20_blank|\u00a0\u00bb][\/vc_tta_section][vc_tta_section title=\u00a0\u00bbItaliano\u00a0\u00bb tab_id=\u00a0\u00bb1739887910910-aa9c85d0-ea8d\u00a0\u00bb el_class=\u00a0\u00bbflag-ita\u00a0\u00bb][vc_column_text el_class=\u00a0\u00bbtext_p\u00a0\u00bb]Un processo produttivo eccellente non pu\u00f2 che generare macchine solide, efficienti ed affidabili.[\/vc_column_text][vc_btn title=\u00a0\u00bbScarica la brochure\u00a0\u00bb style=\u00a0\u00bbclassic\u00a0\u00bb el_class=\u00a0\u00bbbtn btn-black mt-30&Prime; link=\u00a0\u00bburl:https%3A%2F%2Farcossrl.com%2Fwp-content%2Fuploads%2F2020%2F09%2FBrochure-italia.pdf||target:%20_blank|\u00a0\u00bb][\/vc_tta_section][vc_tta_section title=\u00a0\u00bbEspa\u00f1ol\u00a0\u00bb tab_id=\u00a0\u00bb1739890625001-8ec63c95-0f57&Prime; el_class=\u00a0\u00bbflag-esp\u00a0\u00bb][vc_column_text el_class=\u00a0\u00bbtext_p\u00a0\u00bb]Un excelente proceso de producci\u00f3n solo puede generar m\u00e1quinas s\u00f3lidas, eficientes y fiables.[\/vc_column_text][vc_btn title=\u00a0\u00bbDESCARGAR EL FOLLETO\u00a0\u00bb style=\u00a0\u00bbclassic\u00a0\u00bb el_class=\u00a0\u00bbbtn btn-black mt-30&Prime; link=\u00a0\u00bburl:https%3A%2F%2Farcossrl.com%2Fwp-content%2Fuploads%2F2020%2F09%2Fbrochure-spagnolo.pdf||target:%20_blank|\u00a0\u00bb][\/vc_tta_section][vc_tta_section title=\u00a0\u00bbDeutsch\u00a0\u00bb tab_id=\u00a0\u00bb1744293260911-1570ba86-3cad\u00a0\u00bb el_class=\u00a0\u00bbflag-deu\u00a0\u00bb][vc_column_text el_class=\u00a0\u00bbtext_p\u00a0\u00bb]Ein ausgezeichneter Produktionsprozess kann nur solide, effiziente und zuverl\u00e4ssige Maschinen hervorbringen.[\/vc_column_text][vc_btn title=\u00a0\u00bbBROSCH\u00dcRE HERUNTERLADEN\u00a0\u00bb style=\u00a0\u00bbclassic\u00a0\u00bb el_class=\u00a0\u00bbbtn btn-black mt-30&Prime; link=\u00a0\u00bburl:https%3A%2F%2Farcossrl.com%2Fwp-content%2Fuploads%2F2020%2F09%2Fbrochure-tedesco.pdf||target:%20_blank|\u00a0\u00bb][\/vc_tta_section][vc_tta_section title=\u00a0\u00bb\u0420\u0443\u0441\u0441\u043a\u0438\u0439\u00a0\u00bb tab_id=\u00a0\u00bb1744293271516-9f536264-368b\u00a0\u00bb el_class=\u00a0\u00bbflag-rus\u00a0\u00bb][vc_column_text el_class=\u00a0\u00bbtext_p\u00a0\u00bb]\u041f\u0440\u0435\u0432\u043e\u0441\u0445\u043e\u0434\u043d\u044b\u0439 \u043f\u0440\u043e\u0438\u0437\u0432\u043e\u0434\u0441\u0442\u0432\u0435\u043d\u043d\u044b\u0439 \u043f\u0440\u043e\u0446\u0435\u0441\u0441 \u043c\u043e\u0436\u0435\u0442 \u043f\u0440\u043e\u0438\u0437\u0432\u043e\u0434\u0438\u0442\u044c \u0442\u043e\u043b\u044c\u043a\u043e \u043f\u0440\u043e\u0447\u043d\u044b\u0435, \u044d\u0444\u0444\u0435\u043a\u0442\u0438\u0432\u043d\u044b\u0435 \u0438 \u043d\u0430\u0434\u0435\u0436\u043d\u044b\u0435 \u043c\u0430\u0448\u0438\u043d\u044b.[\/vc_column_text][vc_btn title=\u00a0\u00bb\u0421\u041a\u0410\u0427\u0410\u0422\u042c \u0411\u0420\u041e\u0428\u042e\u0420\u0423\u00a0\u00bb style=\u00a0\u00bbclassic\u00a0\u00bb el_class=\u00a0\u00bbbtn btn-black mt-30&Prime; link=\u00a0\u00bburl:https%3A%2F%2Farcossrl.com%2Fwp-content%2Fuploads%2F2020%2F09%2Fbrochure-russo.pdf||target:%20_blank|\u00a0\u00bb][\/vc_tta_section][\/vc_tta_accordion][\/vc_column][\/vc_row][vc_row full_width=\u00a0\u00bbstretch_row_content\u00a0\u00bb css=\u00a0\u00bb.vc_custom_1744291353752{background-color: #969494 !important;}\u00a0\u00bb el_class=\u00a0\u00bbhome-form-wrapper bg-white inv pt-0&Prime; el_id=\u00a0\u00bbcontattaci\u00a0\u00bb][vc_column][vc_column_text el_class=\u00a0\u00bbtitolo-smaller text-primary mb-small\u00a0\u00bb]Contactez-nous[\/vc_column_text][vc_custom_heading text=\u00a0\u00bbDemandez un accompagnement pour votre projet\u00a0\u00bb use_theme_fonts=\u00a0\u00bbyes\u00a0\u00bb el_class=\u00a0\u00bbtitolo text-dark\u00a0\u00bb]\n<div class=\"wpcf7 no-js\" id=\"wpcf7-f12783-o1\" lang=\"en-US\" dir=\"ltr\" data-wpcf7-id=\"12783\">\n<div class=\"screen-reader-response\"><p role=\"status\" aria-live=\"polite\" aria-atomic=\"true\"><\/p> <ul><\/ul><\/div>\n<form action=\"\/fr\/wp-json\/wp\/v2\/pages\/12592#wpcf7-f12783-o1\" method=\"post\" class=\"wpcf7-form init\" aria-label=\"Contact form\" novalidate=\"novalidate\" data-status=\"init\">\n<fieldset class=\"hidden-fields-container\"><input type=\"hidden\" name=\"_wpcf7\" value=\"12783\" \/><input type=\"hidden\" name=\"_wpcf7_version\" value=\"6.1.4\" \/><input type=\"hidden\" name=\"_wpcf7_locale\" value=\"en_US\" \/><input type=\"hidden\" name=\"_wpcf7_unit_tag\" value=\"wpcf7-f12783-o1\" \/><input type=\"hidden\" name=\"_wpcf7_container_post\" value=\"0\" \/><input type=\"hidden\" name=\"_wpcf7_posted_data_hash\" value=\"\" \/>\n<\/fieldset>\n<div class=\"form-wrapper\">\n\t<p class=\"form-name\"><br \/>\n<span class=\"wpcf7-form-control-wrap\" data-name=\"your-name\"><input size=\"40\" maxlength=\"400\" class=\"wpcf7-form-control wpcf7-text wpcf7-validates-as-required\" aria-required=\"true\" aria-invalid=\"false\" placeholder=\"Pr\u00e9nom\" value=\"\" type=\"text\" name=\"your-name\" \/><\/span>\n\t<\/p>\n\t<p class=\"form-cognome\"><br \/>\n<span class=\"wpcf7-form-control-wrap\" data-name=\"your-cognome\"><input size=\"40\" maxlength=\"400\" class=\"wpcf7-form-control wpcf7-text wpcf7-validates-as-required\" aria-required=\"true\" aria-invalid=\"false\" placeholder=\"Nom de famille\" value=\"\" type=\"text\" name=\"your-cognome\" \/><\/span>\n\t<\/p>\n\t<p class=\"form-azienda\"><br \/>\n<span class=\"wpcf7-form-control-wrap\" data-name=\"your-azienda\"><input size=\"40\" maxlength=\"400\" class=\"wpcf7-form-control wpcf7-text wpcf7-validates-as-required\" aria-required=\"true\" aria-invalid=\"false\" placeholder=\"Entreprise\" value=\"\" type=\"text\" name=\"your-azienda\" \/><\/span>\n\t<\/p>\n\t<p class=\"form-city\"><br \/>\n<span class=\"wpcf7-form-control-wrap\" data-name=\"your-city\"><input size=\"40\" maxlength=\"400\" class=\"wpcf7-form-control wpcf7-text wpcf7-validates-as-required\" aria-required=\"true\" aria-invalid=\"false\" placeholder=\"Ville\" value=\"\" type=\"text\" name=\"your-city\" \/><\/span>\n\t<\/p>\n\t<p class=\"form-email\"><br \/>\n<span class=\"wpcf7-form-control-wrap\" data-name=\"your-email\"><input size=\"40\" maxlength=\"400\" class=\"wpcf7-form-control wpcf7-email wpcf7-validates-as-required wpcf7-text wpcf7-validates-as-email\" aria-required=\"true\" aria-invalid=\"false\" placeholder=\"Email\" value=\"\" type=\"email\" name=\"your-email\" \/><\/span>\n\t<\/p>\n\t<p class=\"form-phone\"><br \/>\n<span class=\"wpcf7-form-control-wrap\" data-name=\"number-telefono\"><input size=\"40\" maxlength=\"400\" class=\"wpcf7-form-control wpcf7-text wpcf7-validates-as-required\" aria-required=\"true\" aria-invalid=\"false\" placeholder=\"T\u00e9l\u00e9phone\" value=\"\" type=\"text\" name=\"number-telefono\" \/><\/span>\n\t<\/p>\n\t<p class=\"form-msg\"><span class=\"wpcf7-form-control-wrap\" data-name=\"your-messaggio\"><textarea cols=\"40\" rows=\"3\" maxlength=\"2000\" class=\"wpcf7-form-control wpcf7-textarea wpcf7-validates-as-required\" aria-required=\"true\" aria-invalid=\"false\" placeholder=\"Message\" name=\"your-messaggio\"><\/textarea><\/span>\n\t<\/p>\n\t<p class=\"form-gdpr\"><span class=\"wpcf7-form-control-wrap\" data-name=\"gdpr\"><span class=\"wpcf7-form-control wpcf7-acceptance\"><span class=\"wpcf7-list-item\"><label><input type=\"checkbox\" name=\"gdpr\" value=\"1\" id=\"gdpr\" aria-invalid=\"false\" \/><span class=\"wpcf7-list-item-label\">J'accepte le traitement de mes donn\u00e9es personnelles tel qu'indiqu\u00e9 dans le <a href=\"https:\/\/www.arcossrl.com\/cookie-policy-eu\/?cmplz_region_redirect=true\">Privacy Policy<\/a>.<\/span><\/label><\/span><\/span><\/span>\n\t<\/p>\n\t<p class=\"submit-btn\"><input class=\"wpcf7-form-control wpcf7-submit has-spinner\" type=\"submit\" value=\"ENVOYER\" \/>\n\t<\/p>\n<\/div><div class=\"wpcf7-response-output\" aria-hidden=\"true\"><\/div>\n<\/form>\n<\/div>\n[\/vc_column][\/vc_row]<\/p>\n","protected":false},"excerpt":{"rendered":"<p>[vc_row full_width=\u00a0\u00bbstretch_row\u00a0\u00bb content_placement=\u00a0\u00bbmiddle\u00a0\u00bb el_class=\u00a0\u00bbbanner-section mt-top-header\u00a0\u00bb css=\u00a0\u00bb.vc_custom_1749130807879{background-image: url(https:\/\/www.arcossrl.com...","protected":false},"author":1,"featured_media":0,"parent":0,"menu_order":127,"comment_status":"closed","ping_status":"closed","template":"","meta":{"_lmt_disableupdate":"no","_lmt_disable":"","footnotes":""},"folder":[],"class_list":["post-12592","page","type-page","status-publish","hentry"],"yoast_head":"<!-- This site is optimized with the Yoast SEO plugin v26.0 - https:\/\/yoast.com\/wordpress\/plugins\/seo\/ -->\n<title>Brochure Arcos : d\u00e9couvrez nos technologies innovantes<\/title>\n<meta name=\"description\" content=\"Vous recherchez un syst\u00e8me d&#039;automatisation robotique fiable et technologiquement avanc\u00e9? D\u00e9couvrez la brochure Arcos: toutes les technologies innovantes \u00e0 360 degr\u00e9s!\" \/>\n<meta name=\"robots\" content=\"index, follow, max-snippet:-1, max-image-preview:large, max-video-preview:-1\" \/>\n<link rel=\"canonical\" href=\"https:\/\/www.arcossrl.com\/fr\/brochure\/\" \/>\n<meta property=\"og:locale\" content=\"fr_FR\" \/>\n<meta property=\"og:type\" content=\"article\" \/>\n<meta property=\"og:title\" content=\"Brochure Arcos : d\u00e9couvrez nos technologies innovantes\" \/>\n<meta property=\"og:description\" content=\"Vous recherchez un syst\u00e8me d&#039;automatisation robotique fiable et technologiquement avanc\u00e9? D\u00e9couvrez la brochure Arcos: toutes les technologies innovantes \u00e0 360 degr\u00e9s!\" \/>\n<meta property=\"og:url\" content=\"https:\/\/www.arcossrl.com\/fr\/brochure\/\" \/>\n<meta property=\"og:site_name\" content=\"Arcos\" \/>\n<meta property=\"article:modified_time\" content=\"2025-07-11T12:26:29+00:00\" \/>\n<meta name=\"twitter:card\" content=\"summary_large_image\" \/>\n<meta name=\"twitter:label1\" content=\"Dur\u00e9e de lecture estim\u00e9e\" \/>\n\t<meta name=\"twitter:data1\" content=\"1 minute\" \/>\n<script type=\"application\/ld+json\" class=\"yoast-schema-graph\">{\"@context\":\"https:\/\/schema.org\",\"@graph\":[{\"@type\":\"WebPage\",\"@id\":\"https:\/\/www.arcossrl.com\/fr\/brochure\/\",\"url\":\"https:\/\/www.arcossrl.com\/fr\/brochure\/\",\"name\":\"Brochure Arcos : d\u00e9couvrez nos technologies innovantes\",\"isPartOf\":{\"@id\":\"https:\/\/www.arcossrl.com\/fr\/#website\"},\"datePublished\":\"2024-07-11T10:14:52+00:00\",\"dateModified\":\"2025-07-11T12:26:29+00:00\",\"description\":\"Vous recherchez un syst\u00e8me d'automatisation robotique fiable et technologiquement avanc\u00e9? D\u00e9couvrez la brochure Arcos: toutes les technologies innovantes \u00e0 360 degr\u00e9s!\",\"breadcrumb\":{\"@id\":\"https:\/\/www.arcossrl.com\/fr\/brochure\/#breadcrumb\"},\"inLanguage\":\"fr-FR\",\"potentialAction\":[{\"@type\":\"ReadAction\",\"target\":[\"https:\/\/www.arcossrl.com\/fr\/brochure\/\"]}]},{\"@type\":\"BreadcrumbList\",\"@id\":\"https:\/\/www.arcossrl.com\/fr\/brochure\/#breadcrumb\",\"itemListElement\":[{\"@type\":\"ListItem\",\"position\":1,\"name\":\"1\",\"item\":\"https:\/\/www.arcossrl.com\/fr\/\"},{\"@type\":\"ListItem\",\"position\":2,\"name\":\"Brochure\"}]},{\"@type\":\"WebSite\",\"@id\":\"https:\/\/www.arcossrl.com\/fr\/#website\",\"url\":\"https:\/\/www.arcossrl.com\/fr\/\",\"name\":\"Arcos\",\"description\":\"\",\"publisher\":{\"@id\":\"https:\/\/www.arcossrl.com\/fr\/#organization\"},\"potentialAction\":[{\"@type\":\"SearchAction\",\"target\":{\"@type\":\"EntryPoint\",\"urlTemplate\":\"https:\/\/www.arcossrl.com\/fr\/?s={search_term_string}\"},\"query-input\":{\"@type\":\"PropertyValueSpecification\",\"valueRequired\":true,\"valueName\":\"search_term_string\"}}],\"inLanguage\":\"fr-FR\"},{\"@type\":\"Organization\",\"@id\":\"https:\/\/www.arcossrl.com\/fr\/#organization\",\"name\":\"Arcos srl\",\"url\":\"https:\/\/www.arcossrl.com\/fr\/\",\"logo\":{\"@type\":\"ImageObject\",\"inLanguage\":\"fr-FR\",\"@id\":\"https:\/\/www.arcossrl.com\/fr\/#\/schema\/logo\/image\/\",\"url\":\"https:\/\/www.arcossrl.com\/wp-content\/uploads\/2022\/05\/arcos_logo-1.png\",\"contentUrl\":\"https:\/\/www.arcossrl.com\/wp-content\/uploads\/2022\/05\/arcos_logo-1.png\",\"width\":157,\"height\":112,\"caption\":\"Arcos srl\"},\"image\":{\"@id\":\"https:\/\/www.arcossrl.com\/fr\/#\/schema\/logo\/image\/\"}}]}<\/script>\n<!-- \/ Yoast SEO plugin. -->","yoast_head_json":{"title":"Brochure Arcos : d\u00e9couvrez nos technologies innovantes","description":"Vous recherchez un syst\u00e8me d'automatisation robotique fiable et technologiquement avanc\u00e9? D\u00e9couvrez la brochure Arcos: toutes les technologies innovantes \u00e0 360 degr\u00e9s!","robots":{"index":"index","follow":"follow","max-snippet":"max-snippet:-1","max-image-preview":"max-image-preview:large","max-video-preview":"max-video-preview:-1"},"canonical":"https:\/\/www.arcossrl.com\/fr\/brochure\/","og_locale":"fr_FR","og_type":"article","og_title":"Brochure Arcos : d\u00e9couvrez nos technologies innovantes","og_description":"Vous recherchez un syst\u00e8me d'automatisation robotique fiable et technologiquement avanc\u00e9? D\u00e9couvrez la brochure Arcos: toutes les technologies innovantes \u00e0 360 degr\u00e9s!","og_url":"https:\/\/www.arcossrl.com\/fr\/brochure\/","og_site_name":"Arcos","article_modified_time":"2025-07-11T12:26:29+00:00","twitter_card":"summary_large_image","twitter_misc":{"Dur\u00e9e de lecture estim\u00e9e":"1 minute"},"schema":{"@context":"https:\/\/schema.org","@graph":[{"@type":"WebPage","@id":"https:\/\/www.arcossrl.com\/fr\/brochure\/","url":"https:\/\/www.arcossrl.com\/fr\/brochure\/","name":"Brochure Arcos : d\u00e9couvrez nos technologies innovantes","isPartOf":{"@id":"https:\/\/www.arcossrl.com\/fr\/#website"},"datePublished":"2024-07-11T10:14:52+00:00","dateModified":"2025-07-11T12:26:29+00:00","description":"Vous recherchez un syst\u00e8me d'automatisation robotique fiable et technologiquement avanc\u00e9? D\u00e9couvrez la brochure Arcos: toutes les technologies innovantes \u00e0 360 degr\u00e9s!","breadcrumb":{"@id":"https:\/\/www.arcossrl.com\/fr\/brochure\/#breadcrumb"},"inLanguage":"fr-FR","potentialAction":[{"@type":"ReadAction","target":["https:\/\/www.arcossrl.com\/fr\/brochure\/"]}]},{"@type":"BreadcrumbList","@id":"https:\/\/www.arcossrl.com\/fr\/brochure\/#breadcrumb","itemListElement":[{"@type":"ListItem","position":1,"name":"1","item":"https:\/\/www.arcossrl.com\/fr\/"},{"@type":"ListItem","position":2,"name":"Brochure"}]},{"@type":"WebSite","@id":"https:\/\/www.arcossrl.com\/fr\/#website","url":"https:\/\/www.arcossrl.com\/fr\/","name":"Arcos","description":"","publisher":{"@id":"https:\/\/www.arcossrl.com\/fr\/#organization"},"potentialAction":[{"@type":"SearchAction","target":{"@type":"EntryPoint","urlTemplate":"https:\/\/www.arcossrl.com\/fr\/?s={search_term_string}"},"query-input":{"@type":"PropertyValueSpecification","valueRequired":true,"valueName":"search_term_string"}}],"inLanguage":"fr-FR"},{"@type":"Organization","@id":"https:\/\/www.arcossrl.com\/fr\/#organization","name":"Arcos srl","url":"https:\/\/www.arcossrl.com\/fr\/","logo":{"@type":"ImageObject","inLanguage":"fr-FR","@id":"https:\/\/www.arcossrl.com\/fr\/#\/schema\/logo\/image\/","url":"https:\/\/www.arcossrl.com\/wp-content\/uploads\/2022\/05\/arcos_logo-1.png","contentUrl":"https:\/\/www.arcossrl.com\/wp-content\/uploads\/2022\/05\/arcos_logo-1.png","width":157,"height":112,"caption":"Arcos srl"},"image":{"@id":"https:\/\/www.arcossrl.com\/fr\/#\/schema\/logo\/image\/"}}]}},"_links":{"self":[{"href":"https:\/\/www.arcossrl.com\/fr\/wp-json\/wp\/v2\/pages\/12592","targetHints":{"allow":["GET"]}}],"collection":[{"href":"https:\/\/www.arcossrl.com\/fr\/wp-json\/wp\/v2\/pages"}],"about":[{"href":"https:\/\/www.arcossrl.com\/fr\/wp-json\/wp\/v2\/types\/page"}],"author":[{"embeddable":true,"href":"https:\/\/www.arcossrl.com\/fr\/wp-json\/wp\/v2\/users\/1"}],"replies":[{"embeddable":true,"href":"https:\/\/www.arcossrl.com\/fr\/wp-json\/wp\/v2\/comments?post=12592"}],"version-history":[{"count":10,"href":"https:\/\/www.arcossrl.com\/fr\/wp-json\/wp\/v2\/pages\/12592\/revisions"}],"predecessor-version":[{"id":15465,"href":"https:\/\/www.arcossrl.com\/fr\/wp-json\/wp\/v2\/pages\/12592\/revisions\/15465"}],"wp:attachment":[{"href":"https:\/\/www.arcossrl.com\/fr\/wp-json\/wp\/v2\/media?parent=12592"}],"wp:term":[{"taxonomy":"folder","embeddable":true,"href":"https:\/\/www.arcossrl.com\/fr\/wp-json\/wp\/v2\/folder?post=12592"}],"curies":[{"name":"wp","href":"https:\/\/api.w.org\/{rel}","templated":true}]}}