{"id":12538,"date":"2024-07-10T15:58:50","date_gmt":"2024-07-10T13:58:50","guid":{"rendered":"https:\/\/stage.arcossrl.com\/?page_id=12538"},"modified":"2025-07-11T15:38:15","modified_gmt":"2025-07-11T13:38:15","slug":"faq","status":"publish","type":"page","link":"https:\/\/www.arcossrl.com\/fr\/faq\/","title":{"rendered":"FAQ"},"content":{"rendered":"<p>[vc_row full_width=\u00a0\u00bbstretch_row\u00a0\u00bb content_placement=\u00a0\u00bbmiddle\u00a0\u00bb el_class=\u00a0\u00bbbanner-section mt-top-header\u00a0\u00bb css=\u00a0\u00bb.vc_custom_1742567650842{background-image: url(https:\/\/www.arcossrl.com\/wp-content\/uploads\/2023\/07\/levigatura-metalli.png?id=9324) !important;}\u00a0\u00bb][vc_column][vc_row_inner][vc_column_inner]<div class=\"ns-yoast-breadcrumbs ns-style-default ns-align-left\"><style>\n            .ns-yoast-breadcrumbs {\n                font-size: 14px;\n                color: #ffffff;\n                text-align: left;\n            }\n            .ns-yoast-breadcrumbs a {\n                color: #ffffff;\n                text-decoration: none;\n            }\n            .ns-yoast-breadcrumbs a:hover {\n                text-decoration: underline;\n            }\n            .ns-yoast-breadcrumbs .breadcrumb_last {\n                color: #ffffff;\n                font-weight: 600;\n            }\n            .ns-yoast-breadcrumbs .ns-breadcrumb-separator {\n                color: #ffffff;\n                margin: 0 5px;\n            }\n        <\/style><nav aria-label=\"Breadcrumb\" itemscope itemtype=\"https:\/\/schema.org\/BreadcrumbList\"><span><span><span itemprop=\"itemListElement\" itemscope itemtype=\"https:\/\/schema.org\/ListItem\">\n                        <a href=\"https:\/\/www.arcossrl.com\/fr\/\" itemprop=\"item\">\n                            <span itemprop=\"name\">ACCUEIL<\/span>\n                        <\/a>\n                        <meta itemprop=\"position\" content=\"1\" \/>\n                    <\/span><\/span><\/span<\/nav><\/div>[vc_column_text el_class=\u00a0\u00bbtitolo titolo-hero\u00a0\u00bb]<\/p>\n<h1><strong>FAQ<\/strong><br \/>\nQuestions et r\u00e9ponses<\/h1>\n<p>[\/vc_column_text][\/vc_column_inner][\/vc_row_inner][\/vc_column][\/vc_row][vc_row full_width=\u00a0\u00bbstretch_row\u00a0\u00bb el_class=\u00a0\u00bbpy-130 mb-md col-space bg-gray-lighter\u00a0\u00bb][vc_column el_class=\u00a0\u00bbmb-md\u00a0\u00bb offset=\u00a0\u00bbvc_col-lg-12 vc_col-md-12 vc_col-xs-12&Prime;][vc_custom_heading text=\u00a0\u00bb\u00c0 CHAQUE QUESTION, NOUS AVONS LA R\u00c9PONSE\u00a0\u00bb use_theme_fonts=\u00a0\u00bbyes\u00a0\u00bb el_class=\u00a0\u00bbtitolo mt-30 mb-40 sentence-case\u00a0\u00bb][vc_column_text]<\/p>\n<p style=\"text-align: left;\">Nous voulons rendre le processus de fabrication, de test et d\u2019installation de nos syst\u00e8mes robotiques aussi clair et compr\u00e9hensible que possible pour les entreprises qui choisissent de nous avoir \u00e0 leurs c\u00f4t\u00e9s. C\u2019est ainsi qu\u2019Arcos fonctionne.<\/p>\n<p>[\/vc_column_text][\/vc_column][\/vc_row][vc_row el_id=\u00a0\u00bbfaq\u00a0\u00bb el_class=\u00a0\u00bbpy-130 col-space\u00a0\u00bb][vc_column offset=\u00a0\u00bbvc_col-lg-6 vc_col-md-12 vc_col-xs-12&Prime; el_class=\u00a0\u00bbmb-md sticky\u00a0\u00bb][vc_single_image image=\u00a0\u00bb13803&Prime; img_size=\u00a0\u00bblarge\u00a0\u00bb el_class=\u00a0\u00bbcenter-md rounded mb-md\u00a0\u00bb][\/vc_column][vc_column offset=\u00a0\u00bbvc_col-lg-6 vc_col-md-12 vc_col-xs-12&Prime;][vc_toggle title=\u00a0\u00bbEn quoi consistent les tests d&rsquo;Arcos?\u00a0\u00bb style=\u00a0\u00bbround\u00a0\u00bb custom_font_container=\u00a0\u00bbtag:p|font_size:25|text_align:left\u00a0\u00bb custom_use_theme_fonts=\u00a0\u00bbyes\u00a0\u00bb use_custom_heading=\u00a0\u00bbtrue\u00a0\u00bb]Une fois la machine fabriqu\u00e9e, une phase de test est r\u00e9alis\u00e9e au si\u00e8ge d\u2019Arcos avant d\u2019\u00eatre exp\u00e9di\u00e9e \u00e0 l\u2019entreprise cliente. Durant cette phase, le client peut v\u00e9rifier le fonctionnement de la machine lors de l\u2019usinage des pi\u00e8ces afin de donner son avis. Cela permet de s\u2019assurer que tout fonctionne parfaitement, sans le moindre accroc.[\/vc_toggle][vc_separator color=\u00a0\u00bbcustom\u00a0\u00bb accent_color=\u00a0\u00bb#d1d1d1&Prime;][vc_toggle title=\u00a0\u00bbQuels sont les d\u00e9lais de test?\u00a0\u00bb style=\u00a0\u00bbround\u00a0\u00bb custom_font_container=\u00a0\u00bbtag:p|font_size:25|text_align:left\u00a0\u00bb custom_use_theme_fonts=\u00a0\u00bbyes\u00a0\u00bb use_custom_heading=\u00a0\u00bbtrue\u00a0\u00bb]Le calendrier et le mode d\u2019essai varient en fonction des besoins de chaque client. Il est possible de tester la machine pendant une heure, le temps de la voir fonctionner dans des conditions de production ou le temps de traiter un nombre total de pi\u00e8ces.<\/p>\n<p>Cette \u00e9tape permet de comprendre si la machine r\u00e9pond aux exigences et aux caract\u00e9ristiques demand\u00e9es au d\u00e9part par l\u2019entreprise.[\/vc_toggle][vc_separator color=\u00a0\u00bbcustom\u00a0\u00bb accent_color=\u00a0\u00bb#d1d1d1&Prime;][vc_toggle title=\u00a0\u00bbQui participe aux essais?\u00a0\u00bb style=\u00a0\u00bbround\u00a0\u00bb custom_font_container=\u00a0\u00bbtag:p|font_size:25|text_align:left\u00a0\u00bb custom_use_theme_fonts=\u00a0\u00bbyes\u00a0\u00bb use_custom_heading=\u00a0\u00bbtrue\u00a0\u00bb]Il est recommand\u00e9 que le chef de projet, l\u2019op\u00e9rateur et le responsable qualit\u00e9 de l\u2019entreprise cliente soient pr\u00e9sents.[\/vc_toggle][vc_separator color=\u00a0\u00bbcustom\u00a0\u00bb accent_color=\u00a0\u00bb#d1d1d1&Prime;][vc_toggle title=\u00a0\u00bbMon entreprise ne sait pas comment g\u00e9rer un robot. Quelles sont les comp\u00e9tences n\u00e9cessaires? Comment les acqu\u00e9rir?\u00a0\u00bb style=\u00a0\u00bbround\u00a0\u00bb custom_font_container=\u00a0\u00bbtag:p|font_size:25|text_align:left\u00a0\u00bb custom_use_theme_fonts=\u00a0\u00bbyes\u00a0\u00bb use_custom_heading=\u00a0\u00bbtrue\u00a0\u00bb]Il est indispensable que chaque entreprise d\u00e9signe en interne une personne op\u00e9rationnelle capable de g\u00e9rer au mieux la nouvelle technologie Arcos. Pour ce faire, elle peut s\u2019appuyer sur une formation professionnelle en plusieurs \u00e9tapes :<\/p>\n<ul>\n<li>Avant m\u00eame que la machine ne soit pr\u00eate, il peut acqu\u00e9rir des connaissances en programmation gr\u00e2ce aux cours Fanuc qui permettent de s\u2019initier au mieux au monde des robots.<\/li>\n<li>Avant de proc\u00e9der aux essais, la personne charg\u00e9e de l\u2019exploitation de la machine peut approfondir ses connaissances des robots en suivant un cours d\u2019une ou deux semaines au si\u00e8ge d\u2019Arcos. On lui expliquera les principes de la machine et de la programmation, en mettant l\u2019accent sur sa propre installation.<\/li>\n<li>Au cours de la phase d\u2019installation, il d\u00e9couvrira en d\u00e9tail la technologie.<\/li>\n<\/ul>\n<p>[\/vc_toggle][vc_separator color=\u00a0\u00bbcustom\u00a0\u00bb accent_color=\u00a0\u00bb#d1d1d1&Prime;][vc_toggle title=\u00a0\u00bbQue se passe-t-il apr\u00e8s la phase d&rsquo;essai?\u00a0\u00bb style=\u00a0\u00bbround\u00a0\u00bb custom_font_container=\u00a0\u00bbtag:p|font_size:25|text_align:left\u00a0\u00bb custom_use_theme_fonts=\u00a0\u00bbyes\u00a0\u00bb use_custom_heading=\u00a0\u00bbtrue\u00a0\u00bb]La machine est livr\u00e9e au client pour qu\u2019il puisse commencer la phase d\u2019installation sur le site de destination. Les techniciens d\u2019Arcos, en collaboration avec l\u2019op\u00e9rateur de l\u2019entreprise, compl\u00e8tent l\u2019installation en fournissant des informations encore plus sp\u00e9cifiques que la formation dispens\u00e9e jusqu\u2019\u00e0 pr\u00e9sent. De cette mani\u00e8re, le voyage chez le client aura encore plus de valeur.[\/vc_toggle][vc_separator color=\u00a0\u00bbcustom\u00a0\u00bb accent_color=\u00a0\u00bb#d1d1d1&Prime;][vc_toggle title=\u00a0\u00bbLes tests peuvent-ils \u00eatre effectu\u00e9s sur le site du client?\u00a0\u00bb style=\u00a0\u00bbround\u00a0\u00bb custom_font_container=\u00a0\u00bbtag:p|font_size:25|text_align:left\u00a0\u00bb custom_use_theme_fonts=\u00a0\u00bbyes\u00a0\u00bb use_custom_heading=\u00a0\u00bbtrue\u00a0\u00bb]La phase de test est sp\u00e9cialement con\u00e7ue pour \u00eatre r\u00e9alis\u00e9e soit au si\u00e8ge d\u2019Arcos, soit chez le client. Cela permet de mieux contr\u00f4ler la machine et de r\u00e9soudre imm\u00e9diatement les probl\u00e8mes \u00e9ventuels. Apr\u00e8s la phase d\u2019essai chez Arcos, la machine est d\u00e9mont\u00e9e et r\u00e9install\u00e9e par le client avec les m\u00eames \u00e9tapes d\u2019essai que pr\u00e9c\u00e9demment. Tous les tests sont certifi\u00e9s.[\/vc_toggle][vc_separator color=\u00a0\u00bbcustom\u00a0\u00bb accent_color=\u00a0\u00bb#d1d1d1&Prime;][vc_toggle title=\u00a0\u00bbApr\u00e8s les essais et l&rsquo;installation, comment puis-je contacter Arcos en cas de besoin?\u00a0\u00bb style=\u00a0\u00bbround\u00a0\u00bb custom_font_container=\u00a0\u00bbtag:p|font_size:25|text_align:left\u00a0\u00bb custom_use_theme_fonts=\u00a0\u00bbyes\u00a0\u00bb use_custom_heading=\u00a0\u00bbtrue\u00a0\u00bb]D\u00e8s le premier contact avec Arcos, l\u2019entreprise se voit attribuer deux interlocuteurs qui suivront toute la vie de la machine. Un m\u00e9canicien et un programmeur qu\u2019elle peut contacter directement pour une assistance imm\u00e9diate et sur mesure.<\/p>\n<p>Chaque syst\u00e8me est dot\u00e9 d\u2019une connexion \u00e0 distance permettant d\u2019acc\u00e9der au robot et de r\u00e9parer tout type de panne \u00e9lectrique, m\u00eame \u00e0 distance. Pour les pannes m\u00e9caniques, les techniciens d\u2019Arcos interviendront directement.[\/vc_toggle][vc_separator color=\u00a0\u00bbcustom\u00a0\u00bb accent_color=\u00a0\u00bb#d1d1d1&Prime;][\/vc_column][\/vc_row][vc_row full_width=\u00a0\u00bbstretch_row_content\u00a0\u00bb css=\u00a0\u00bb.vc_custom_1742574728952{background-color: #969494 !important;}\u00a0\u00bb el_class=\u00a0\u00bbhome-form-wrapper inv pt-130&Prime; el_id=\u00a0\u00bbcontattaci\u00a0\u00bb][vc_column][vc_column_text el_class=\u00a0\u00bbtitolo-smaller text-primary mb-small\u00a0\u00bb]Contactez-nous [\/vc_column_text][vc_custom_heading text=\u00a0\u00bbDemandez un accompagnement pour votre projet\u00a0\u00bb use_theme_fonts=\u00a0\u00bbyes\u00a0\u00bb el_class=\u00a0\u00bbtitolo text-dark\u00a0\u00bb]\n<div class=\"wpcf7 no-js\" id=\"wpcf7-f12783-o1\" lang=\"en-US\" dir=\"ltr\" data-wpcf7-id=\"12783\">\n<div class=\"screen-reader-response\"><p role=\"status\" aria-live=\"polite\" aria-atomic=\"true\"><\/p> <ul><\/ul><\/div>\n<form action=\"\/fr\/wp-json\/wp\/v2\/pages\/12538#wpcf7-f12783-o1\" method=\"post\" class=\"wpcf7-form init\" aria-label=\"Contact form\" novalidate=\"novalidate\" data-status=\"init\">\n<fieldset class=\"hidden-fields-container\"><input type=\"hidden\" name=\"_wpcf7\" value=\"12783\" \/><input type=\"hidden\" name=\"_wpcf7_version\" value=\"6.1.4\" \/><input type=\"hidden\" name=\"_wpcf7_locale\" value=\"en_US\" \/><input type=\"hidden\" name=\"_wpcf7_unit_tag\" value=\"wpcf7-f12783-o1\" \/><input type=\"hidden\" name=\"_wpcf7_container_post\" value=\"0\" \/><input type=\"hidden\" name=\"_wpcf7_posted_data_hash\" value=\"\" \/>\n<\/fieldset>\n<div class=\"form-wrapper\">\n\t<p class=\"form-name\"><br \/>\n<span class=\"wpcf7-form-control-wrap\" data-name=\"your-name\"><input size=\"40\" maxlength=\"400\" class=\"wpcf7-form-control wpcf7-text wpcf7-validates-as-required\" aria-required=\"true\" aria-invalid=\"false\" placeholder=\"Pr\u00e9nom\" value=\"\" type=\"text\" name=\"your-name\" \/><\/span>\n\t<\/p>\n\t<p class=\"form-cognome\"><br \/>\n<span class=\"wpcf7-form-control-wrap\" data-name=\"your-cognome\"><input size=\"40\" maxlength=\"400\" class=\"wpcf7-form-control wpcf7-text wpcf7-validates-as-required\" aria-required=\"true\" aria-invalid=\"false\" placeholder=\"Nom de famille\" value=\"\" type=\"text\" name=\"your-cognome\" \/><\/span>\n\t<\/p>\n\t<p class=\"form-azienda\"><br \/>\n<span class=\"wpcf7-form-control-wrap\" data-name=\"your-azienda\"><input size=\"40\" maxlength=\"400\" class=\"wpcf7-form-control wpcf7-text wpcf7-validates-as-required\" aria-required=\"true\" aria-invalid=\"false\" placeholder=\"Entreprise\" value=\"\" type=\"text\" name=\"your-azienda\" \/><\/span>\n\t<\/p>\n\t<p class=\"form-city\"><br \/>\n<span class=\"wpcf7-form-control-wrap\" data-name=\"your-city\"><input size=\"40\" maxlength=\"400\" class=\"wpcf7-form-control wpcf7-text wpcf7-validates-as-required\" aria-required=\"true\" aria-invalid=\"false\" placeholder=\"Ville\" value=\"\" type=\"text\" name=\"your-city\" \/><\/span>\n\t<\/p>\n\t<p class=\"form-email\"><br \/>\n<span class=\"wpcf7-form-control-wrap\" data-name=\"your-email\"><input size=\"40\" maxlength=\"400\" class=\"wpcf7-form-control wpcf7-email wpcf7-validates-as-required wpcf7-text wpcf7-validates-as-email\" aria-required=\"true\" aria-invalid=\"false\" placeholder=\"Email\" value=\"\" type=\"email\" name=\"your-email\" \/><\/span>\n\t<\/p>\n\t<p class=\"form-phone\"><br \/>\n<span class=\"wpcf7-form-control-wrap\" data-name=\"number-telefono\"><input size=\"40\" maxlength=\"400\" class=\"wpcf7-form-control wpcf7-text wpcf7-validates-as-required\" aria-required=\"true\" aria-invalid=\"false\" placeholder=\"T\u00e9l\u00e9phone\" value=\"\" type=\"text\" name=\"number-telefono\" \/><\/span>\n\t<\/p>\n\t<p class=\"form-msg\"><span class=\"wpcf7-form-control-wrap\" data-name=\"your-messaggio\"><textarea cols=\"40\" rows=\"3\" maxlength=\"2000\" class=\"wpcf7-form-control wpcf7-textarea wpcf7-validates-as-required\" aria-required=\"true\" aria-invalid=\"false\" placeholder=\"Message\" name=\"your-messaggio\"><\/textarea><\/span>\n\t<\/p>\n\t<p class=\"form-gdpr\"><span class=\"wpcf7-form-control-wrap\" data-name=\"gdpr\"><span class=\"wpcf7-form-control wpcf7-acceptance\"><span class=\"wpcf7-list-item\"><label><input type=\"checkbox\" name=\"gdpr\" value=\"1\" id=\"gdpr\" aria-invalid=\"false\" \/><span class=\"wpcf7-list-item-label\">J'accepte le traitement de mes donn\u00e9es personnelles tel qu'indiqu\u00e9 dans le <a href=\"https:\/\/www.arcossrl.com\/cookie-policy-eu\/?cmplz_region_redirect=true\">Privacy Policy<\/a>.<\/span><\/label><\/span><\/span><\/span>\n\t<\/p>\n\t<p class=\"submit-btn\"><input class=\"wpcf7-form-control wpcf7-submit has-spinner\" type=\"submit\" value=\"ENVOYER\" \/>\n\t<\/p>\n<\/div><div class=\"wpcf7-response-output\" aria-hidden=\"true\"><\/div>\n<\/form>\n<\/div>\n[\/vc_column][\/vc_row]<\/p>\n","protected":false},"excerpt":{"rendered":"<p>[vc_row full_width=\u00a0\u00bbstretch_row\u00a0\u00bb content_placement=\u00a0\u00bbmiddle\u00a0\u00bb el_class=\u00a0\u00bbbanner-section mt-top-header\u00a0\u00bb css=\u00a0\u00bb.vc_custom_1742567650842{background-image: url(https:\/\/www.arcossrl.com...","protected":false},"author":1,"featured_media":0,"parent":0,"menu_order":134,"comment_status":"closed","ping_status":"closed","template":"","meta":{"_lmt_disableupdate":"no","_lmt_disable":"","footnotes":""},"folder":[],"class_list":["post-12538","page","type-page","status-publish","hentry"],"yoast_head":"<!-- This site is optimized with the Yoast SEO plugin v26.0 - https:\/\/yoast.com\/wordpress\/plugins\/seo\/ -->\n<title>FAQ test et installation de syst\u00e8mes robotiques | Arcos<\/title>\n<meta name=\"description\" content=\"Toutes les r\u00e9ponses aux questions les plus courantes sur le test, l&#039;installation et l&#039;entretien des syst\u00e8mes robotiques en entreprise, selon Arcos.\" \/>\n<meta name=\"robots\" content=\"index, follow, max-snippet:-1, max-image-preview:large, max-video-preview:-1\" \/>\n<link rel=\"canonical\" href=\"https:\/\/www.arcossrl.com\/fr\/faq\/\" \/>\n<meta property=\"og:locale\" content=\"fr_FR\" \/>\n<meta property=\"og:type\" content=\"article\" \/>\n<meta property=\"og:title\" content=\"FAQ test et installation de syst\u00e8mes robotiques | Arcos\" \/>\n<meta property=\"og:description\" content=\"Toutes les r\u00e9ponses aux questions les plus courantes sur le test, l&#039;installation et l&#039;entretien des syst\u00e8mes robotiques en entreprise, selon Arcos.\" \/>\n<meta property=\"og:url\" content=\"https:\/\/www.arcossrl.com\/fr\/faq\/\" \/>\n<meta property=\"og:site_name\" content=\"Arcos\" \/>\n<meta property=\"article:modified_time\" content=\"2025-07-11T13:38:15+00:00\" \/>\n<meta name=\"twitter:card\" content=\"summary_large_image\" \/>\n<meta name=\"twitter:label1\" content=\"Dur\u00e9e de lecture estim\u00e9e\" \/>\n\t<meta name=\"twitter:data1\" content=\"3 minutes\" \/>\n<script type=\"application\/ld+json\" class=\"yoast-schema-graph\">{\"@context\":\"https:\/\/schema.org\",\"@graph\":[{\"@type\":\"WebPage\",\"@id\":\"https:\/\/www.arcossrl.com\/fr\/faq\/\",\"url\":\"https:\/\/www.arcossrl.com\/fr\/faq\/\",\"name\":\"FAQ test et installation de syst\u00e8mes robotiques | Arcos\",\"isPartOf\":{\"@id\":\"https:\/\/www.arcossrl.com\/fr\/#website\"},\"datePublished\":\"2024-07-10T13:58:50+00:00\",\"dateModified\":\"2025-07-11T13:38:15+00:00\",\"description\":\"Toutes les r\u00e9ponses aux questions les plus courantes sur le test, l'installation et l'entretien des syst\u00e8mes robotiques en entreprise, selon Arcos.\",\"breadcrumb\":{\"@id\":\"https:\/\/www.arcossrl.com\/fr\/faq\/#breadcrumb\"},\"inLanguage\":\"fr-FR\",\"potentialAction\":[{\"@type\":\"ReadAction\",\"target\":[\"https:\/\/www.arcossrl.com\/fr\/faq\/\"]}]},{\"@type\":\"BreadcrumbList\",\"@id\":\"https:\/\/www.arcossrl.com\/fr\/faq\/#breadcrumb\",\"itemListElement\":[{\"@type\":\"ListItem\",\"position\":1,\"name\":\"1\",\"item\":\"https:\/\/www.arcossrl.com\/fr\/\"},{\"@type\":\"ListItem\",\"position\":2,\"name\":\"FAQ\"}]},{\"@type\":\"WebSite\",\"@id\":\"https:\/\/www.arcossrl.com\/fr\/#website\",\"url\":\"https:\/\/www.arcossrl.com\/fr\/\",\"name\":\"Arcos\",\"description\":\"\",\"publisher\":{\"@id\":\"https:\/\/www.arcossrl.com\/fr\/#organization\"},\"potentialAction\":[{\"@type\":\"SearchAction\",\"target\":{\"@type\":\"EntryPoint\",\"urlTemplate\":\"https:\/\/www.arcossrl.com\/fr\/?s={search_term_string}\"},\"query-input\":{\"@type\":\"PropertyValueSpecification\",\"valueRequired\":true,\"valueName\":\"search_term_string\"}}],\"inLanguage\":\"fr-FR\"},{\"@type\":\"Organization\",\"@id\":\"https:\/\/www.arcossrl.com\/fr\/#organization\",\"name\":\"Arcos srl\",\"url\":\"https:\/\/www.arcossrl.com\/fr\/\",\"logo\":{\"@type\":\"ImageObject\",\"inLanguage\":\"fr-FR\",\"@id\":\"https:\/\/www.arcossrl.com\/fr\/#\/schema\/logo\/image\/\",\"url\":\"https:\/\/www.arcossrl.com\/wp-content\/uploads\/2022\/05\/arcos_logo-1.png\",\"contentUrl\":\"https:\/\/www.arcossrl.com\/wp-content\/uploads\/2022\/05\/arcos_logo-1.png\",\"width\":157,\"height\":112,\"caption\":\"Arcos srl\"},\"image\":{\"@id\":\"https:\/\/www.arcossrl.com\/fr\/#\/schema\/logo\/image\/\"}}]}<\/script>\n<!-- \/ Yoast SEO plugin. -->","yoast_head_json":{"title":"FAQ test et installation de syst\u00e8mes robotiques | Arcos","description":"Toutes les r\u00e9ponses aux questions les plus courantes sur le test, l'installation et l'entretien des syst\u00e8mes robotiques en entreprise, selon Arcos.","robots":{"index":"index","follow":"follow","max-snippet":"max-snippet:-1","max-image-preview":"max-image-preview:large","max-video-preview":"max-video-preview:-1"},"canonical":"https:\/\/www.arcossrl.com\/fr\/faq\/","og_locale":"fr_FR","og_type":"article","og_title":"FAQ test et installation de syst\u00e8mes robotiques | Arcos","og_description":"Toutes les r\u00e9ponses aux questions les plus courantes sur le test, l'installation et l'entretien des syst\u00e8mes robotiques en entreprise, selon Arcos.","og_url":"https:\/\/www.arcossrl.com\/fr\/faq\/","og_site_name":"Arcos","article_modified_time":"2025-07-11T13:38:15+00:00","twitter_card":"summary_large_image","twitter_misc":{"Dur\u00e9e de lecture estim\u00e9e":"3 minutes"},"schema":{"@context":"https:\/\/schema.org","@graph":[{"@type":"WebPage","@id":"https:\/\/www.arcossrl.com\/fr\/faq\/","url":"https:\/\/www.arcossrl.com\/fr\/faq\/","name":"FAQ test et installation de syst\u00e8mes robotiques | Arcos","isPartOf":{"@id":"https:\/\/www.arcossrl.com\/fr\/#website"},"datePublished":"2024-07-10T13:58:50+00:00","dateModified":"2025-07-11T13:38:15+00:00","description":"Toutes les r\u00e9ponses aux questions les plus courantes sur le test, l'installation et l'entretien des syst\u00e8mes robotiques en entreprise, selon Arcos.","breadcrumb":{"@id":"https:\/\/www.arcossrl.com\/fr\/faq\/#breadcrumb"},"inLanguage":"fr-FR","potentialAction":[{"@type":"ReadAction","target":["https:\/\/www.arcossrl.com\/fr\/faq\/"]}]},{"@type":"BreadcrumbList","@id":"https:\/\/www.arcossrl.com\/fr\/faq\/#breadcrumb","itemListElement":[{"@type":"ListItem","position":1,"name":"1","item":"https:\/\/www.arcossrl.com\/fr\/"},{"@type":"ListItem","position":2,"name":"FAQ"}]},{"@type":"WebSite","@id":"https:\/\/www.arcossrl.com\/fr\/#website","url":"https:\/\/www.arcossrl.com\/fr\/","name":"Arcos","description":"","publisher":{"@id":"https:\/\/www.arcossrl.com\/fr\/#organization"},"potentialAction":[{"@type":"SearchAction","target":{"@type":"EntryPoint","urlTemplate":"https:\/\/www.arcossrl.com\/fr\/?s={search_term_string}"},"query-input":{"@type":"PropertyValueSpecification","valueRequired":true,"valueName":"search_term_string"}}],"inLanguage":"fr-FR"},{"@type":"Organization","@id":"https:\/\/www.arcossrl.com\/fr\/#organization","name":"Arcos srl","url":"https:\/\/www.arcossrl.com\/fr\/","logo":{"@type":"ImageObject","inLanguage":"fr-FR","@id":"https:\/\/www.arcossrl.com\/fr\/#\/schema\/logo\/image\/","url":"https:\/\/www.arcossrl.com\/wp-content\/uploads\/2022\/05\/arcos_logo-1.png","contentUrl":"https:\/\/www.arcossrl.com\/wp-content\/uploads\/2022\/05\/arcos_logo-1.png","width":157,"height":112,"caption":"Arcos srl"},"image":{"@id":"https:\/\/www.arcossrl.com\/fr\/#\/schema\/logo\/image\/"}}]}},"_links":{"self":[{"href":"https:\/\/www.arcossrl.com\/fr\/wp-json\/wp\/v2\/pages\/12538","targetHints":{"allow":["GET"]}}],"collection":[{"href":"https:\/\/www.arcossrl.com\/fr\/wp-json\/wp\/v2\/pages"}],"about":[{"href":"https:\/\/www.arcossrl.com\/fr\/wp-json\/wp\/v2\/types\/page"}],"author":[{"embeddable":true,"href":"https:\/\/www.arcossrl.com\/fr\/wp-json\/wp\/v2\/users\/1"}],"replies":[{"embeddable":true,"href":"https:\/\/www.arcossrl.com\/fr\/wp-json\/wp\/v2\/comments?post=12538"}],"version-history":[{"count":9,"href":"https:\/\/www.arcossrl.com\/fr\/wp-json\/wp\/v2\/pages\/12538\/revisions"}],"predecessor-version":[{"id":15559,"href":"https:\/\/www.arcossrl.com\/fr\/wp-json\/wp\/v2\/pages\/12538\/revisions\/15559"}],"wp:attachment":[{"href":"https:\/\/www.arcossrl.com\/fr\/wp-json\/wp\/v2\/media?parent=12538"}],"wp:term":[{"taxonomy":"folder","embeddable":true,"href":"https:\/\/www.arcossrl.com\/fr\/wp-json\/wp\/v2\/folder?post=12538"}],"curies":[{"name":"wp","href":"https:\/\/api.w.org\/{rel}","templated":true}]}}