{"id":5136,"date":"2020-09-24T14:13:14","date_gmt":"2020-09-24T14:13:14","guid":{"rendered":"https:\/\/stage.arcossrl.com\/?page_id=5136"},"modified":"2025-07-11T14:22:10","modified_gmt":"2025-07-11T12:22:10","slug":"brochure","status":"publish","type":"page","link":"https:\/\/www.arcossrl.com\/en\/brochure\/","title":{"rendered":"Brochure"},"content":{"rendered":"<p>[vc_row full_width=&#8221;stretch_row&#8221; content_placement=&#8221;middle&#8221; el_class=&#8221;banner-section mt-top-header&#8221; css=&#8221;.vc_custom_1749130807879{background-image: url(https:\/\/www.arcossrl.com\/wp-content\/uploads\/2025\/06\/arcos-view.png?id=14898) !important;}&#8221;][vc_column][vc_row_inner][vc_column_inner]<div class=\"ns-yoast-breadcrumbs ns-style-default ns-align-left\"><style>\n            .ns-yoast-breadcrumbs {\n                font-size: 14px;\n                color: #ffffff;\n                text-align: left;\n            }\n            .ns-yoast-breadcrumbs a {\n                color: #ffffff;\n                text-decoration: none;\n            }\n            .ns-yoast-breadcrumbs a:hover {\n                text-decoration: underline;\n            }\n            .ns-yoast-breadcrumbs .breadcrumb_last {\n                color: #ffffff;\n                font-weight: 600;\n            }\n            .ns-yoast-breadcrumbs .ns-breadcrumb-separator {\n                color: #ffffff;\n                margin: 0 5px;\n            }\n        <\/style><nav aria-label=\"Breadcrumb\" itemscope itemtype=\"https:\/\/schema.org\/BreadcrumbList\"><span><span><span itemprop=\"itemListElement\" itemscope itemtype=\"https:\/\/schema.org\/ListItem\">\n                        <a href=\"https:\/\/www.arcossrl.com\/en\/\" itemprop=\"item\">\n                            <span itemprop=\"name\">Home<\/span>\n                        <\/a>\n                        <meta itemprop=\"position\" content=\"1\" \/>\n                    <\/span><\/span><\/span><\/nav><\/div>[vc_column_text el_class=&#8221;titolo titolo-hero&#8221;]<\/p>\n<h1><strong>BROCHURE<\/strong><\/h1>\n<p>[\/vc_column_text][\/vc_column_inner][\/vc_row_inner][\/vc_column][\/vc_row][vc_row full_width=&#8221;stretch_row&#8221; el_class=&#8221;py-130 mb-md col-space bg-gray-lighter&#8221;][vc_column offset=&#8221;vc_col-lg-10 vc_col-md-12 vc_col-xs-12&#8243;][vc_column_text el_class=&#8221;lead-text&#8221;]Arcos has been operating since 1965 in the field of surface finishing.<br \/>\nWe have always <strong>focused our efforts on creating machines and systems<\/strong> universally recognized as a symbol of <strong>reliability and technological innovation<\/strong>.[\/vc_column_text][vc_btn title=&#8221;Contact us&#8221; style=&#8221;classic&#8221; el_class=&#8221;btn mt-40&#8243; link=&#8221;url:%23contattaci|||&#8221;][\/vc_column][\/vc_row][vc_row full_width=&#8221;stretch_row&#8221; el_class=&#8221;py-130 _bg-gray-lighter&#8221; el_id=&#8221;brochure-downloads&#8221;][vc_column el_class=&#8221;mb-md&#8221; offset=&#8221;vc_col-lg-6 vc_col-md-12 vc_col-xs-12&#8243;][vc_single_image image=&#8221;14727&#8243; img_size=&#8221;560&#215;0&#8243;][\/vc_column][vc_column offset=&#8221;vc_col-lg-6 vc_col-md-12 vc_col-xs-12&#8243;][vc_tta_accordion shape=&#8221;square&#8221; c_position=&#8221;right&#8221; active_section=&#8221;1&#8243;][vc_tta_section title=&#8221;English&#8221; tab_id=&#8221;1739890624153-ae9ef3ed-4c81&#8243; el_class=&#8221;flag-eng&#8221;][vc_column_text el_class=&#8221;text_p&#8221;]An excellent production process can only generate solid, efficient and reliable machines.[\/vc_column_text][vc_btn title=&#8221;DOWNLOAD THE BROCHURE&#8221; style=&#8221;classic&#8221; el_class=&#8221;btn btn-black mt-30&#8243; link=&#8221;url:https%3A%2F%2Farcossrl.com%2Fwp-content%2Fuploads%2F2020%2F09%2FBrochure-inglese.pdf||target:%20_blank|&#8221;][\/vc_tta_section][vc_tta_section title=&#8221;Italiano&#8221; tab_id=&#8221;1739887910910-aa9c85d0-ea8d&#8221; el_class=&#8221;flag-ita&#8221;][vc_column_text el_class=&#8221;text_p&#8221;]Un processo produttivo eccellente non pu\u00f2 che generare macchine solide, efficienti ed affidabili.[\/vc_column_text][vc_btn title=&#8221;Scarica la brochure&#8221; style=&#8221;classic&#8221; el_class=&#8221;btn btn-black mt-30&#8243; link=&#8221;url:https%3A%2F%2Farcossrl.com%2Fwp-content%2Fuploads%2F2020%2F09%2FBrochure-italia.pdf||target:%20_blank|&#8221;][\/vc_tta_section][vc_tta_section title=&#8221;Espa\u00f1ol&#8221; tab_id=&#8221;1739890625001-8ec63c95-0f57&#8243; el_class=&#8221;flag-esp&#8221;][vc_column_text el_class=&#8221;text_p&#8221;]Un excelente proceso de producci\u00f3n solo puede generar m\u00e1quinas s\u00f3lidas, eficientes y fiables.[\/vc_column_text][vc_btn title=&#8221;DESCARGAR EL FOLLETO&#8221; style=&#8221;classic&#8221; el_class=&#8221;btn btn-black mt-30&#8243; link=&#8221;url:https%3A%2F%2Farcossrl.com%2Fwp-content%2Fuploads%2F2020%2F09%2Fbrochure-spagnolo.pdf||target:%20_blank|&#8221;][\/vc_tta_section][vc_tta_section title=&#8221;Deutsch&#8221; tab_id=&#8221;1744293260911-1570ba86-3cad&#8221; el_class=&#8221;flag-deu&#8221;][vc_column_text el_class=&#8221;text_p&#8221;]Ein ausgezeichneter Produktionsprozess kann nur solide, effiziente und zuverl\u00e4ssige Maschinen hervorbringen.[\/vc_column_text][vc_btn title=&#8221;BROSCH\u00dcRE HERUNTERLADEN&#8221; style=&#8221;classic&#8221; el_class=&#8221;btn btn-black mt-30&#8243; link=&#8221;url:https%3A%2F%2Farcossrl.com%2Fwp-content%2Fuploads%2F2020%2F09%2Fbrochure-tedesco.pdf||target:%20_blank|&#8221;][\/vc_tta_section][vc_tta_section title=&#8221;\u0420\u0443\u0441\u0441\u043a\u0438\u0439&#8221; tab_id=&#8221;1744293271516-9f536264-368b&#8221; el_class=&#8221;flag-rus&#8221;][vc_column_text el_class=&#8221;text_p&#8221;]\u041f\u0440\u0435\u0432\u043e\u0441\u0445\u043e\u0434\u043d\u044b\u0439 \u043f\u0440\u043e\u0438\u0437\u0432\u043e\u0434\u0441\u0442\u0432\u0435\u043d\u043d\u044b\u0439 \u043f\u0440\u043e\u0446\u0435\u0441\u0441 \u043c\u043e\u0436\u0435\u0442 \u043f\u0440\u043e\u0438\u0437\u0432\u043e\u0434\u0438\u0442\u044c \u0442\u043e\u043b\u044c\u043a\u043e \u043f\u0440\u043e\u0447\u043d\u044b\u0435, \u044d\u0444\u0444\u0435\u043a\u0442\u0438\u0432\u043d\u044b\u0435 \u0438 \u043d\u0430\u0434\u0435\u0436\u043d\u044b\u0435 \u043c\u0430\u0448\u0438\u043d\u044b.[\/vc_column_text][vc_btn title=&#8221;\u0421\u041a\u0410\u0427\u0410\u0422\u042c \u0411\u0420\u041e\u0428\u042e\u0420\u0423&#8221; style=&#8221;classic&#8221; el_class=&#8221;btn btn-black mt-30&#8243; link=&#8221;url:https%3A%2F%2Farcossrl.com%2Fwp-content%2Fuploads%2F2020%2F09%2Fbrochure-russo.pdf||target:%20_blank|&#8221;][\/vc_tta_section][\/vc_tta_accordion][\/vc_column][\/vc_row][vc_row full_width=&#8221;stretch_row_content&#8221; css=&#8221;.vc_custom_1744291353752{background-color: #969494 !important;}&#8221; el_class=&#8221;home-form-wrapper bg-white inv pt-0&#8243; el_id=&#8221;contattaci&#8221;][vc_column][vc_column_text el_class=&#8221;titolo-smaller text-primary mb-small&#8221;]CONTACT US[\/vc_column_text][vc_custom_heading text=&#8221;Request consulting for your project&#8221; use_theme_fonts=&#8221;yes&#8221; el_class=&#8221;titolo text-dark&#8221;]\n<div class=\"wpcf7 no-js\" id=\"wpcf7-f5231-o1\" lang=\"en-US\" dir=\"ltr\" data-wpcf7-id=\"5231\">\n<div class=\"screen-reader-response\"><p role=\"status\" aria-live=\"polite\" aria-atomic=\"true\"><\/p> <ul><\/ul><\/div>\n<form action=\"\/en\/wp-json\/wp\/v2\/pages\/5136#wpcf7-f5231-o1\" method=\"post\" class=\"wpcf7-form init\" aria-label=\"Contact form\" novalidate=\"novalidate\" data-status=\"init\">\n<fieldset class=\"hidden-fields-container\"><input type=\"hidden\" name=\"_wpcf7\" value=\"5231\" \/><input type=\"hidden\" name=\"_wpcf7_version\" value=\"6.1.4\" \/><input type=\"hidden\" name=\"_wpcf7_locale\" value=\"en_US\" \/><input type=\"hidden\" name=\"_wpcf7_unit_tag\" value=\"wpcf7-f5231-o1\" \/><input type=\"hidden\" name=\"_wpcf7_container_post\" value=\"0\" \/><input type=\"hidden\" name=\"_wpcf7_posted_data_hash\" value=\"\" \/>\n<\/fieldset>\n<div class=\"form-wrapper\">\n\t<p class=\"form-name\"><br \/>\n<span class=\"wpcf7-form-control-wrap\" data-name=\"your-name\"><input size=\"40\" maxlength=\"400\" class=\"wpcf7-form-control wpcf7-text wpcf7-validates-as-required\" aria-required=\"true\" aria-invalid=\"false\" placeholder=\"First Name\" value=\"\" type=\"text\" name=\"your-name\" \/><\/span>\n\t<\/p>\n\t<p class=\"form-cognome\"><br \/>\n<span class=\"wpcf7-form-control-wrap\" data-name=\"your-cognome\"><input size=\"40\" maxlength=\"400\" class=\"wpcf7-form-control wpcf7-text wpcf7-validates-as-required\" aria-required=\"true\" aria-invalid=\"false\" placeholder=\"Last Name\" value=\"\" type=\"text\" name=\"your-cognome\" \/><\/span>\n\t<\/p>\n\t<p class=\"form-azienda\"><br \/>\n<span class=\"wpcf7-form-control-wrap\" data-name=\"your-azienda\"><input size=\"40\" maxlength=\"400\" class=\"wpcf7-form-control wpcf7-text wpcf7-validates-as-required\" aria-required=\"true\" aria-invalid=\"false\" placeholder=\"Company\" value=\"\" type=\"text\" name=\"your-azienda\" \/><\/span>\n\t<\/p>\n\t<p class=\"form-city\"><br \/>\n<span class=\"wpcf7-form-control-wrap\" data-name=\"your-city\"><input size=\"40\" maxlength=\"400\" class=\"wpcf7-form-control wpcf7-text wpcf7-validates-as-required\" aria-required=\"true\" aria-invalid=\"false\" placeholder=\"City\" value=\"\" type=\"text\" name=\"your-city\" \/><\/span>\n\t<\/p>\n\t<p class=\"form-email\"><br \/>\n<span class=\"wpcf7-form-control-wrap\" data-name=\"your-email\"><input size=\"40\" maxlength=\"400\" class=\"wpcf7-form-control wpcf7-email wpcf7-validates-as-required wpcf7-text wpcf7-validates-as-email\" aria-required=\"true\" aria-invalid=\"false\" placeholder=\"Email\" value=\"\" type=\"email\" name=\"your-email\" \/><\/span>\n\t<\/p>\n\t<p class=\"form-phone\"><br \/>\n<span class=\"wpcf7-form-control-wrap\" data-name=\"number-telefono\"><input size=\"40\" maxlength=\"400\" class=\"wpcf7-form-control wpcf7-text wpcf7-validates-as-required\" aria-required=\"true\" aria-invalid=\"false\" placeholder=\"Telephone\" value=\"\" type=\"text\" name=\"number-telefono\" \/><\/span>\n\t<\/p>\n\t<p class=\"form-msg\"><span class=\"wpcf7-form-control-wrap\" data-name=\"your-messaggio\"><textarea cols=\"40\" rows=\"3\" maxlength=\"2000\" class=\"wpcf7-form-control wpcf7-textarea wpcf7-validates-as-required\" aria-required=\"true\" aria-invalid=\"false\" placeholder=\"Message\" name=\"your-messaggio\"><\/textarea><\/span>\n\t<\/p>\n\t<p class=\"form-gdpr\"><span class=\"wpcf7-form-control-wrap\" data-name=\"gdpr\"><span class=\"wpcf7-form-control wpcf7-acceptance\"><span class=\"wpcf7-list-item\"><label><input type=\"checkbox\" name=\"gdpr\" value=\"1\" id=\"gdpr\" aria-invalid=\"false\" \/><span class=\"wpcf7-list-item-label\">I agree to the processing of my personal data as indicated in the <a href=\"https:\/\/www.arcossrl.com\/cookie-policy-eu\/?cmplz_region_redirect=true\">Privacy Policy<\/a>.<\/span><\/label><\/span><\/span><\/span>\n\t<\/p>\n\t<p class=\"submit-btn\"><input class=\"wpcf7-form-control wpcf7-submit has-spinner\" type=\"submit\" value=\"SEND\" \/>\n\t<\/p>\n<\/div><div class=\"wpcf7-response-output\" aria-hidden=\"true\"><\/div>\n<\/form>\n<\/div>\n[\/vc_column][\/vc_row]<\/p>\n","protected":false},"excerpt":{"rendered":"<p>[vc_row full_width=&#8221;stretch_row&#8221; content_placement=&#8221;middle&#8221; el_class=&#8221;banner-section mt-top-header&#8221; css=&#8221;.vc_custom_1749130807879{background-image: url(htt...","protected":false},"author":1,"featured_media":0,"parent":0,"menu_order":127,"comment_status":"closed","ping_status":"closed","template":"","meta":{"_lmt_disableupdate":"no","_lmt_disable":"","footnotes":""},"folder":[],"class_list":["post-5136","page","type-page","status-publish","hentry"],"yoast_head":"<!-- This site is optimized with the Yoast SEO plugin v26.0 - https:\/\/yoast.com\/wordpress\/plugins\/seo\/ -->\n<title>Arcos Brochure: discover now our innovative technologies<\/title>\n<meta name=\"description\" content=\"Are you looking for a reliable and technologically advanced roboric automation system? Discover the Arcos brochure: all the innovative technologies at 360 degrees!\" \/>\n<meta name=\"robots\" content=\"index, follow, max-snippet:-1, max-image-preview:large, max-video-preview:-1\" \/>\n<link rel=\"canonical\" href=\"https:\/\/www.arcossrl.com\/en\/brochure\/\" \/>\n<meta property=\"og:locale\" content=\"en_US\" \/>\n<meta property=\"og:type\" content=\"article\" \/>\n<meta property=\"og:title\" content=\"Arcos Brochure: discover now our innovative technologies\" \/>\n<meta property=\"og:description\" content=\"Are you looking for a reliable and technologically advanced roboric automation system? Discover the Arcos brochure: all the innovative technologies at 360 degrees!\" \/>\n<meta property=\"og:url\" content=\"https:\/\/www.arcossrl.com\/en\/brochure\/\" \/>\n<meta property=\"og:site_name\" content=\"Arcos\" \/>\n<meta property=\"article:modified_time\" content=\"2025-07-11T12:22:10+00:00\" \/>\n<meta name=\"twitter:card\" content=\"summary_large_image\" \/>\n<meta name=\"twitter:label1\" content=\"Est. reading time\" \/>\n\t<meta name=\"twitter:data1\" content=\"1 minute\" \/>\n<script type=\"application\/ld+json\" class=\"yoast-schema-graph\">{\"@context\":\"https:\/\/schema.org\",\"@graph\":[{\"@type\":\"WebPage\",\"@id\":\"https:\/\/www.arcossrl.com\/en\/brochure\/\",\"url\":\"https:\/\/www.arcossrl.com\/en\/brochure\/\",\"name\":\"Arcos Brochure: discover now our innovative technologies\",\"isPartOf\":{\"@id\":\"https:\/\/www.arcossrl.com\/en\/#website\"},\"datePublished\":\"2020-09-24T14:13:14+00:00\",\"dateModified\":\"2025-07-11T12:22:10+00:00\",\"description\":\"Are you looking for a reliable and technologically advanced roboric automation system? Discover the Arcos brochure: all the innovative technologies at 360 degrees!\",\"breadcrumb\":{\"@id\":\"https:\/\/www.arcossrl.com\/en\/brochure\/#breadcrumb\"},\"inLanguage\":\"en-US\",\"potentialAction\":[{\"@type\":\"ReadAction\",\"target\":[\"https:\/\/www.arcossrl.com\/en\/brochure\/\"]}]},{\"@type\":\"BreadcrumbList\",\"@id\":\"https:\/\/www.arcossrl.com\/en\/brochure\/#breadcrumb\",\"itemListElement\":[{\"@type\":\"ListItem\",\"position\":1,\"name\":\"1\",\"item\":\"https:\/\/www.arcossrl.com\/en\/\"},{\"@type\":\"ListItem\",\"position\":2,\"name\":\"Brochure\"}]},{\"@type\":\"WebSite\",\"@id\":\"https:\/\/www.arcossrl.com\/en\/#website\",\"url\":\"https:\/\/www.arcossrl.com\/en\/\",\"name\":\"Arcos\",\"description\":\"\",\"publisher\":{\"@id\":\"https:\/\/www.arcossrl.com\/en\/#organization\"},\"potentialAction\":[{\"@type\":\"SearchAction\",\"target\":{\"@type\":\"EntryPoint\",\"urlTemplate\":\"https:\/\/www.arcossrl.com\/en\/?s={search_term_string}\"},\"query-input\":{\"@type\":\"PropertyValueSpecification\",\"valueRequired\":true,\"valueName\":\"search_term_string\"}}],\"inLanguage\":\"en-US\"},{\"@type\":\"Organization\",\"@id\":\"https:\/\/www.arcossrl.com\/en\/#organization\",\"name\":\"Arcos srl\",\"url\":\"https:\/\/www.arcossrl.com\/en\/\",\"logo\":{\"@type\":\"ImageObject\",\"inLanguage\":\"en-US\",\"@id\":\"https:\/\/www.arcossrl.com\/en\/#\/schema\/logo\/image\/\",\"url\":\"https:\/\/www.arcossrl.com\/wp-content\/uploads\/2022\/05\/arcos_logo-1.png\",\"contentUrl\":\"https:\/\/www.arcossrl.com\/wp-content\/uploads\/2022\/05\/arcos_logo-1.png\",\"width\":157,\"height\":112,\"caption\":\"Arcos srl\"},\"image\":{\"@id\":\"https:\/\/www.arcossrl.com\/en\/#\/schema\/logo\/image\/\"}}]}<\/script>\n<!-- \/ Yoast SEO plugin. -->","yoast_head_json":{"title":"Arcos Brochure: discover now our innovative technologies","description":"Are you looking for a reliable and technologically advanced roboric automation system? Discover the Arcos brochure: all the innovative technologies at 360 degrees!","robots":{"index":"index","follow":"follow","max-snippet":"max-snippet:-1","max-image-preview":"max-image-preview:large","max-video-preview":"max-video-preview:-1"},"canonical":"https:\/\/www.arcossrl.com\/en\/brochure\/","og_locale":"en_US","og_type":"article","og_title":"Arcos Brochure: discover now our innovative technologies","og_description":"Are you looking for a reliable and technologically advanced roboric automation system? Discover the Arcos brochure: all the innovative technologies at 360 degrees!","og_url":"https:\/\/www.arcossrl.com\/en\/brochure\/","og_site_name":"Arcos","article_modified_time":"2025-07-11T12:22:10+00:00","twitter_card":"summary_large_image","twitter_misc":{"Est. reading time":"1 minute"},"schema":{"@context":"https:\/\/schema.org","@graph":[{"@type":"WebPage","@id":"https:\/\/www.arcossrl.com\/en\/brochure\/","url":"https:\/\/www.arcossrl.com\/en\/brochure\/","name":"Arcos Brochure: discover now our innovative technologies","isPartOf":{"@id":"https:\/\/www.arcossrl.com\/en\/#website"},"datePublished":"2020-09-24T14:13:14+00:00","dateModified":"2025-07-11T12:22:10+00:00","description":"Are you looking for a reliable and technologically advanced roboric automation system? Discover the Arcos brochure: all the innovative technologies at 360 degrees!","breadcrumb":{"@id":"https:\/\/www.arcossrl.com\/en\/brochure\/#breadcrumb"},"inLanguage":"en-US","potentialAction":[{"@type":"ReadAction","target":["https:\/\/www.arcossrl.com\/en\/brochure\/"]}]},{"@type":"BreadcrumbList","@id":"https:\/\/www.arcossrl.com\/en\/brochure\/#breadcrumb","itemListElement":[{"@type":"ListItem","position":1,"name":"1","item":"https:\/\/www.arcossrl.com\/en\/"},{"@type":"ListItem","position":2,"name":"Brochure"}]},{"@type":"WebSite","@id":"https:\/\/www.arcossrl.com\/en\/#website","url":"https:\/\/www.arcossrl.com\/en\/","name":"Arcos","description":"","publisher":{"@id":"https:\/\/www.arcossrl.com\/en\/#organization"},"potentialAction":[{"@type":"SearchAction","target":{"@type":"EntryPoint","urlTemplate":"https:\/\/www.arcossrl.com\/en\/?s={search_term_string}"},"query-input":{"@type":"PropertyValueSpecification","valueRequired":true,"valueName":"search_term_string"}}],"inLanguage":"en-US"},{"@type":"Organization","@id":"https:\/\/www.arcossrl.com\/en\/#organization","name":"Arcos srl","url":"https:\/\/www.arcossrl.com\/en\/","logo":{"@type":"ImageObject","inLanguage":"en-US","@id":"https:\/\/www.arcossrl.com\/en\/#\/schema\/logo\/image\/","url":"https:\/\/www.arcossrl.com\/wp-content\/uploads\/2022\/05\/arcos_logo-1.png","contentUrl":"https:\/\/www.arcossrl.com\/wp-content\/uploads\/2022\/05\/arcos_logo-1.png","width":157,"height":112,"caption":"Arcos srl"},"image":{"@id":"https:\/\/www.arcossrl.com\/en\/#\/schema\/logo\/image\/"}}]}},"_links":{"self":[{"href":"https:\/\/www.arcossrl.com\/en\/wp-json\/wp\/v2\/pages\/5136","targetHints":{"allow":["GET"]}}],"collection":[{"href":"https:\/\/www.arcossrl.com\/en\/wp-json\/wp\/v2\/pages"}],"about":[{"href":"https:\/\/www.arcossrl.com\/en\/wp-json\/wp\/v2\/types\/page"}],"author":[{"embeddable":true,"href":"https:\/\/www.arcossrl.com\/en\/wp-json\/wp\/v2\/users\/1"}],"replies":[{"embeddable":true,"href":"https:\/\/www.arcossrl.com\/en\/wp-json\/wp\/v2\/comments?post=5136"}],"version-history":[{"count":6,"href":"https:\/\/www.arcossrl.com\/en\/wp-json\/wp\/v2\/pages\/5136\/revisions"}],"predecessor-version":[{"id":15461,"href":"https:\/\/www.arcossrl.com\/en\/wp-json\/wp\/v2\/pages\/5136\/revisions\/15461"}],"wp:attachment":[{"href":"https:\/\/www.arcossrl.com\/en\/wp-json\/wp\/v2\/media?parent=5136"}],"wp:term":[{"taxonomy":"folder","embeddable":true,"href":"https:\/\/www.arcossrl.com\/en\/wp-json\/wp\/v2\/folder?post=5136"}],"curies":[{"name":"wp","href":"https:\/\/api.w.org\/{rel}","templated":true}]}}